{"id":15730,"date":"2019-11-01T22:34:17","date_gmt":"2019-11-01T21:34:17","guid":{"rendered":"https:\/\/www.benevolenti.com\/?post_type=product&#038;p=15730"},"modified":"2025-01-05T14:02:43","modified_gmt":"2025-01-05T13:02:43","slug":"skorpion-sternzeichenschmuck","status":"publish","type":"product","link":"https:\/\/www.benevolenti.com\/de\/produkt\/skorpion-sternzeichenschmuck\/","title":{"rendered":"SKORPION &#8211; Sternzeichenschmuck"},"content":{"rendered":"<p>\u201eIm Jahreslauf markiert das Tierkreiszeichen Skorpion die Zeit, in der in der Natur die Lebenskr\u00e4fte sich zur\u00fcckziehen. Hier erf\u00e4hrt der Mensch die Verg\u00e4nglichkeit der Materie, wobei die Aufgabe das Skorpions ist, als Grundlage allen Lebens den Geist zu erkennen. Mit Mut, Ausdauer und grosser Willenskraft kann er sich kompromisslos f\u00fcr \u00fcberpers\u00f6nliche Ziele und Ideale einsetzen.\u201c<\/p>\n<p>Die BENEVOLENTI Sternzeichen Kollektion umfasst<\/p>\n<ul>\n<li>ein Armband<\/li>\n<li>eine Halskette<\/li>\n<li>ein Fingerring<\/li>\n<\/ul>\n<p>Widder (21.3. &#8211; 20.4.) * Stier (21.4. &#8211; 20.5.) * Zwillinge (21.5. &#8211; 21.6.) * Krebs (22.6. &#8211; 22.7.) * L\u00f6we (23.7. &#8211; 23.8.) * Jungfrau (24.8. &#8211; 23.9.) * Waage (24.9. &#8211; 23.10.) * Sch\u00fctze (23.11. &#8211; 21.12.) * Steinbock (22.12. &#8211; 20. Januar) * Wassermann (21.1. &#8211; 19.2.) * Fische (20.2. &#8211; 20.3.)<\/p>\n","protected":false},"excerpt":{"rendered":"<p>\u201eIm Jahreslauf markiert das Tierkreiszeichen Skorpion die Zeit, in der in der Natur die Lebenskr\u00e4fte sich zur\u00fcckziehen. Hier erf\u00e4hrt der Mensch die Verg\u00e4nglichkeit der Materie, wobei die Aufgabe das Skorpions ist, als Grundlage allen Lebens den Geist zu erkennen. Mit Mut, Ausdauer und grosser Willenskraft kann er sich kompromisslos f\u00fcr&#8230; <a class=\"more-link\" href=\"https:\/\/www.benevolenti.com\/de\/produkt\/skorpion-sternzeichenschmuck\/\">Mehr<\/a><\/p>\n","protected":false},"featured_media":15629,"comment_status":"open","ping_status":"closed","template":"","meta":[],"product_brand":[],"product_cat":[165],"product_tag":[599],"class_list":{"0":"post-15730","1":"product","2":"type-product","3":"status-publish","4":"has-post-thumbnail","6":"product_cat-sternzeichen","7":"product_tag-granat","9":"first","10":"instock","11":"shipping-taxable","12":"purchasable","13":"product-type-variable","14":"has-default-attributes"},"jetpack_sharing_enabled":true,"_links":{"self":[{"href":"https:\/\/www.benevolenti.com\/de\/wp-json\/wp\/v2\/product\/15730","targetHints":{"allow":["GET"]}}],"collection":[{"href":"https:\/\/www.benevolenti.com\/de\/wp-json\/wp\/v2\/product"}],"about":[{"href":"https:\/\/www.benevolenti.com\/de\/wp-json\/wp\/v2\/types\/product"}],"replies":[{"embeddable":true,"href":"https:\/\/www.benevolenti.com\/de\/wp-json\/wp\/v2\/comments?post=15730"}],"wp:featuredmedia":[{"embeddable":true,"href":"https:\/\/www.benevolenti.com\/de\/wp-json\/wp\/v2\/media\/15629"}],"wp:attachment":[{"href":"https:\/\/www.benevolenti.com\/de\/wp-json\/wp\/v2\/media?parent=15730"}],"wp:term":[{"taxonomy":"product_brand","embeddable":true,"href":"https:\/\/www.benevolenti.com\/de\/wp-json\/wp\/v2\/product_brand?post=15730"},{"taxonomy":"product_cat","embeddable":true,"href":"https:\/\/www.benevolenti.com\/de\/wp-json\/wp\/v2\/product_cat?post=15730"},{"taxonomy":"product_tag","embeddable":true,"href":"https:\/\/www.benevolenti.com\/de\/wp-json\/wp\/v2\/product_tag?post=15730"}],"curies":[{"name":"wp","href":"https:\/\/api.w.org\/{rel}","templated":true}]}}