{"id":15213,"date":"2019-05-28T11:15:37","date_gmt":"2019-05-28T09:15:37","guid":{"rendered":"https:\/\/www.benevolenti.com\/?post_type=product&#038;p=15213"},"modified":"2025-11-09T21:23:47","modified_gmt":"2025-11-09T20:23:47","slug":"armkette-geburt","status":"publish","type":"product","link":"https:\/\/www.benevolenti.com\/de\/produkt\/armkette-geburt\/","title":{"rendered":"ARMKETTE Geburt"},"content":{"rendered":"<p>Eine Geburtsanzeige ist ins Haus geflattert &#8211; jetzt ist ein Geschenk gefragt,<\/p>\n<p>das wundersch\u00f6n ist,<br \/>\nGl\u00fcck und Gesundheit bringt,<br \/>\ngenutzt werden kann und<br \/>\ngleichzeitig als Erinnerung bleibt &#8211; eh voil\u00e0!<\/p>\n<p>Gerne verschicke ich dieses Geschenk auch direkt an die Adresse des Neugeborenen mit einer handgeschriebenen Gl\u00fcckwunschkarte.<\/p>\n<p>Armkette aus 925 Silber, L\u00e4nge frei einstellbar.<br \/>\nNat\u00fcrlicher Bernstein, f\u00fcr schmerzfreies Zahnen und gute Gesundheit.<br \/>\nHandgeschriebene, personalisierte Karte.<\/p>\n<p>&nbsp;<\/p>\n","protected":false},"excerpt":{"rendered":"<p>Eine Geburtsanzeige ist ins Haus geflattert &#8211; jetzt ist ein Geschenk gefragt, das wundersch\u00f6n ist, Gl\u00fcck und Gesundheit bringt, genutzt werden kann und gleichzeitig als Erinnerung bleibt &#8211; eh voil\u00e0! Gerne verschicke ich dieses Geschenk auch direkt an die Adresse des Neugeborenen mit einer handgeschriebenen Gl\u00fcckwunschkarte. Armkette aus 925 Silber,&#8230; <a class=\"more-link\" href=\"https:\/\/www.benevolenti.com\/de\/produkt\/armkette-geburt\/\">Mehr<\/a><\/p>\n","protected":false},"featured_media":15215,"comment_status":"open","ping_status":"closed","template":"","meta":[],"product_brand":[],"product_cat":[138,589,650],"product_tag":[639],"class_list":{"0":"post-15213","1":"product","2":"type-product","3":"status-publish","4":"has-post-thumbnail","6":"product_cat-geburt-taufe","7":"product_cat-schutz","8":"product_cat-geburt-taufe-konf","9":"product_tag-bernstein","11":"first","12":"instock","13":"shipping-taxable","14":"purchasable","15":"product-type-simple"},"jetpack_sharing_enabled":true,"_links":{"self":[{"href":"https:\/\/www.benevolenti.com\/de\/wp-json\/wp\/v2\/product\/15213","targetHints":{"allow":["GET"]}}],"collection":[{"href":"https:\/\/www.benevolenti.com\/de\/wp-json\/wp\/v2\/product"}],"about":[{"href":"https:\/\/www.benevolenti.com\/de\/wp-json\/wp\/v2\/types\/product"}],"replies":[{"embeddable":true,"href":"https:\/\/www.benevolenti.com\/de\/wp-json\/wp\/v2\/comments?post=15213"}],"wp:featuredmedia":[{"embeddable":true,"href":"https:\/\/www.benevolenti.com\/de\/wp-json\/wp\/v2\/media\/15215"}],"wp:attachment":[{"href":"https:\/\/www.benevolenti.com\/de\/wp-json\/wp\/v2\/media?parent=15213"}],"wp:term":[{"taxonomy":"product_brand","embeddable":true,"href":"https:\/\/www.benevolenti.com\/de\/wp-json\/wp\/v2\/product_brand?post=15213"},{"taxonomy":"product_cat","embeddable":true,"href":"https:\/\/www.benevolenti.com\/de\/wp-json\/wp\/v2\/product_cat?post=15213"},{"taxonomy":"product_tag","embeddable":true,"href":"https:\/\/www.benevolenti.com\/de\/wp-json\/wp\/v2\/product_tag?post=15213"}],"curies":[{"name":"wp","href":"https:\/\/api.w.org\/{rel}","templated":true}]}}