{"id":15180,"date":"2019-05-10T10:31:34","date_gmt":"2019-05-10T08:31:34","guid":{"rendered":"https:\/\/www.benevolenti.com\/?post_type=product&#038;p=15180"},"modified":"2020-10-19T14:38:51","modified_gmt":"2020-10-19T12:38:51","slug":"kreolen-4cm","status":"publish","type":"product","link":"https:\/\/www.benevolenti.com\/de\/produkt\/kreolen-4cm\/","title":{"rendered":"KREOLEN 4cm"},"content":{"rendered":"<p>Grosse Kreolen in 925 Silber. Die Kreolen lassen sich sehr einfach an- und ausziehen, daher eignen sie sich f\u00fcr jeden Tag.<\/p>\n<p>Der Bergkristall steht f\u00fcr Energie und Klarheit und ist in seiner nat\u00fcrlich gewachsenen Kristallform. Er l\u00e4sst sich einfach entfernen, damit die Kreolen auch ohne Anh\u00e4nger getragen werden k\u00f6nnen.<\/p>\n<p>Durchmesser 4cm<br \/>\n925 Silber, 925 Silber vergoldet und 925 Silber ros\u00e9-vergoldet<br \/>\nBaumwollbeutel und Steinbeschreibung.<\/p>\n","protected":false},"excerpt":{"rendered":"<p>Grosse Kreolen in 925 Silber. Die Kreolen lassen sich sehr einfach an- und ausziehen, daher eignen sie sich f\u00fcr jeden Tag. Der Bergkristall steht f\u00fcr Energie und Klarheit und ist in seiner nat\u00fcrlich gewachsenen Kristallform. Er l\u00e4sst sich einfach entfernen, damit die Kreolen auch ohne Anh\u00e4nger getragen werden k\u00f6nnen. Durchmesser&#8230; <a class=\"more-link\" href=\"https:\/\/www.benevolenti.com\/de\/produkt\/kreolen-4cm\/\">Mehr<\/a><\/p>\n","protected":false},"featured_media":15181,"comment_status":"open","ping_status":"closed","template":"","meta":[],"product_brand":[],"product_cat":[595,720,220,642],"product_tag":[],"class_list":{"0":"post-15180","1":"product","2":"type-product","3":"status-publish","4":"has-post-thumbnail","6":"product_cat-kraft-energie","7":"product_cat-kreolen","8":"product_cat-ohrschmuck","9":"product_cat-mitbringsel","11":"first","12":"instock","13":"shipping-taxable","14":"purchasable","15":"product-type-variable","16":"has-default-attributes"},"jetpack_sharing_enabled":true,"_links":{"self":[{"href":"https:\/\/www.benevolenti.com\/de\/wp-json\/wp\/v2\/product\/15180","targetHints":{"allow":["GET"]}}],"collection":[{"href":"https:\/\/www.benevolenti.com\/de\/wp-json\/wp\/v2\/product"}],"about":[{"href":"https:\/\/www.benevolenti.com\/de\/wp-json\/wp\/v2\/types\/product"}],"replies":[{"embeddable":true,"href":"https:\/\/www.benevolenti.com\/de\/wp-json\/wp\/v2\/comments?post=15180"}],"wp:featuredmedia":[{"embeddable":true,"href":"https:\/\/www.benevolenti.com\/de\/wp-json\/wp\/v2\/media\/15181"}],"wp:attachment":[{"href":"https:\/\/www.benevolenti.com\/de\/wp-json\/wp\/v2\/media?parent=15180"}],"wp:term":[{"taxonomy":"product_brand","embeddable":true,"href":"https:\/\/www.benevolenti.com\/de\/wp-json\/wp\/v2\/product_brand?post=15180"},{"taxonomy":"product_cat","embeddable":true,"href":"https:\/\/www.benevolenti.com\/de\/wp-json\/wp\/v2\/product_cat?post=15180"},{"taxonomy":"product_tag","embeddable":true,"href":"https:\/\/www.benevolenti.com\/de\/wp-json\/wp\/v2\/product_tag?post=15180"}],"curies":[{"name":"wp","href":"https:\/\/api.w.org\/{rel}","templated":true}]}}