{"id":1517,"date":"2011-06-14T10:20:04","date_gmt":"2011-06-14T08:20:04","guid":{"rendered":"https:\/\/www.benevolenti.com\/shop\/uncategorized\/energie-steine\/"},"modified":"2015-09-21T16:45:24","modified_gmt":"2015-09-21T14:45:24","slug":"energie-steine","status":"publish","type":"product","link":"https:\/\/www.benevolenti.com\/de\/produkt\/energie-steine\/","title":{"rendered":"Taschensteine"},"content":{"rendered":"<p>Der Mann des Lebens tr\u00e4gt keinen Schmuck aber braucht steinige Unterst\u00fctzung?<\/p>\n<p>Suche Wirkungen, wie z.B. gegen Stress, f\u00fcr Durchsetzungsverm\u00f6gen, Mut, Coolness, schick sie mir und ich schlage Steine vor. Du machst die Auswahl und ich f\u00fcge Beschreibung, Geschenkverpackung und Deinen Wunsch bei: schreib mir auf claudia-at-benevolenti.com<\/p>\n<p>***********************<\/p>\n<p>Dieser BENEVOLENTI auf dem Bild hilft bei Ersch\u00f6pfung, wenn die Lebensenergie abhanden gekommen ist und die neuen Lebensgeister gerufen werden m\u00fcssen.<\/p>\n<p>Das K\u00e4rtchen mit dem Wunsch \u201eGute Erholung und einen riesigen Energieschub!\u201c sowie untenstehende Stein-Beschreibungen unterst\u00fctzen den guten Wunsch.<\/p>\n<p>Taschensteine aus Nephrit und Gold-Pyrit.<br \/> Gr\u00f6sse 1-4 cm.<\/p>\n","protected":false},"excerpt":{"rendered":"<p>Der Mann des Lebens tr\u00e4gt keinen Schmuck aber braucht steinige Unterst\u00fctzung? Suche Wirkungen, wie z.B. gegen Stress, f\u00fcr Durchsetzungsverm\u00f6gen, Mut, Coolness, schick sie mir und ich schlage Steine vor. Du machst die Auswahl und ich f\u00fcge Beschreibung, Geschenkverpackung und Deinen Wunsch bei: schreib mir auf claudia-at-benevolenti.com *********************** Dieser BENEVOLENTI auf&#8230; <a class=\"more-link\" href=\"https:\/\/www.benevolenti.com\/de\/produkt\/energie-steine\/\">Mehr<\/a><\/p>\n","protected":false},"featured_media":3635,"comment_status":"open","ping_status":"closed","template":"","meta":[],"product_brand":[],"product_cat":[394],"product_tag":[597,242],"class_list":{"0":"post-1517","1":"product","2":"type-product","3":"status-publish","4":"has-post-thumbnail","6":"product_cat-unkategorisiert","7":"product_tag-nephrit","8":"product_tag-pyrit","10":"first","11":"instock","12":"shipping-taxable","13":"purchasable","14":"product-type-simple"},"jetpack_sharing_enabled":true,"_links":{"self":[{"href":"https:\/\/www.benevolenti.com\/de\/wp-json\/wp\/v2\/product\/1517","targetHints":{"allow":["GET"]}}],"collection":[{"href":"https:\/\/www.benevolenti.com\/de\/wp-json\/wp\/v2\/product"}],"about":[{"href":"https:\/\/www.benevolenti.com\/de\/wp-json\/wp\/v2\/types\/product"}],"replies":[{"embeddable":true,"href":"https:\/\/www.benevolenti.com\/de\/wp-json\/wp\/v2\/comments?post=1517"}],"wp:featuredmedia":[{"embeddable":true,"href":"https:\/\/www.benevolenti.com\/de\/wp-json\/wp\/v2\/media\/3635"}],"wp:attachment":[{"href":"https:\/\/www.benevolenti.com\/de\/wp-json\/wp\/v2\/media?parent=1517"}],"wp:term":[{"taxonomy":"product_brand","embeddable":true,"href":"https:\/\/www.benevolenti.com\/de\/wp-json\/wp\/v2\/product_brand?post=1517"},{"taxonomy":"product_cat","embeddable":true,"href":"https:\/\/www.benevolenti.com\/de\/wp-json\/wp\/v2\/product_cat?post=1517"},{"taxonomy":"product_tag","embeddable":true,"href":"https:\/\/www.benevolenti.com\/de\/wp-json\/wp\/v2\/product_tag?post=1517"}],"curies":[{"name":"wp","href":"https:\/\/api.w.org\/{rel}","templated":true}]}}