{"id":1514,"date":"2011-06-08T23:59:53","date_gmt":"2011-06-14T08:19:01","guid":{"rendered":"https:\/\/www.benevolenti.com\/shop\/uncategorized\/kinderwunsch-steine-3\/"},"modified":"2014-07-15T10:38:12","modified_gmt":"2014-07-15T08:38:12","slug":"kinderwunsch-steine-3","status":"publish","type":"product","link":"https:\/\/www.benevolenti.com\/de\/produkt\/kinderwunsch-steine-3\/","title":{"rendered":"Kinderwunsch"},"content":{"rendered":"<p>Ein sehr pers\u00f6nlicher BENEVOLENTI, der jemandem sein Mitgef\u00fchl offenbart, dass man in Gedanken die Erf\u00fcllung des lang gehegten Kinderwunsches unterst\u00fctzt.<\/p>\n<p>Das K\u00e4rtchen mit dem Wunsch \u201eVon Herzen eine baldige, gl\u00fcckliche Erf\u00fcllung Deines Kinderwunsches!\u201c sowie untenstehende Stein-Beschreibungen unterst\u00fctzen diesen BENEVOLENTI.<br \/>\nTaschensteine aus Mondstein und Rauchquarz, Silberkugel.<br \/>\nGr\u00f6sse 1-4 cm.<\/p>\n","protected":false},"excerpt":{"rendered":"<p>Ein sehr pers\u00f6nlicher BENEVOLENTI, der jemandem sein Mitgef\u00fchl offenbart, dass man in Gedanken die Erf\u00fcllung des lang gehegten Kinderwunsches unterst\u00fctzt. Das K\u00e4rtchen mit dem Wunsch \u201eVon Herzen eine baldige, gl\u00fcckliche Erf\u00fcllung Deines Kinderwunsches!\u201c sowie untenstehende Stein-Beschreibungen unterst\u00fctzen diesen BENEVOLENTI. Taschensteine aus Mondstein und Rauchquarz, Silberkugel. Gr\u00f6sse 1-4 cm.<\/p>\n","protected":false},"featured_media":4494,"comment_status":"open","ping_status":"closed","template":"","meta":[],"product_brand":[],"product_cat":[394],"product_tag":[66],"class_list":{"0":"post-1514","1":"product","2":"type-product","3":"status-publish","4":"has-post-thumbnail","6":"product_cat-unkategorisiert","7":"product_tag-steine","9":"first","10":"instock","11":"shipping-taxable","12":"purchasable","13":"product-type-simple"},"jetpack_sharing_enabled":true,"_links":{"self":[{"href":"https:\/\/www.benevolenti.com\/de\/wp-json\/wp\/v2\/product\/1514","targetHints":{"allow":["GET"]}}],"collection":[{"href":"https:\/\/www.benevolenti.com\/de\/wp-json\/wp\/v2\/product"}],"about":[{"href":"https:\/\/www.benevolenti.com\/de\/wp-json\/wp\/v2\/types\/product"}],"replies":[{"embeddable":true,"href":"https:\/\/www.benevolenti.com\/de\/wp-json\/wp\/v2\/comments?post=1514"}],"wp:featuredmedia":[{"embeddable":true,"href":"https:\/\/www.benevolenti.com\/de\/wp-json\/wp\/v2\/media\/4494"}],"wp:attachment":[{"href":"https:\/\/www.benevolenti.com\/de\/wp-json\/wp\/v2\/media?parent=1514"}],"wp:term":[{"taxonomy":"product_brand","embeddable":true,"href":"https:\/\/www.benevolenti.com\/de\/wp-json\/wp\/v2\/product_brand?post=1514"},{"taxonomy":"product_cat","embeddable":true,"href":"https:\/\/www.benevolenti.com\/de\/wp-json\/wp\/v2\/product_cat?post=1514"},{"taxonomy":"product_tag","embeddable":true,"href":"https:\/\/www.benevolenti.com\/de\/wp-json\/wp\/v2\/product_tag?post=1514"}],"curies":[{"name":"wp","href":"https:\/\/api.w.org\/{rel}","templated":true}]}}