{"id":15133,"date":"2019-05-09T10:42:24","date_gmt":"2019-05-09T08:42:24","guid":{"rendered":"https:\/\/www.benevolenti.com\/?post_type=product&#038;p=15133"},"modified":"2024-10-14T18:52:04","modified_gmt":"2024-10-14T16:52:04","slug":"weisser-salbei","status":"publish","type":"product","link":"https:\/\/www.benevolenti.com\/de\/produkt\/weisser-salbei\/","title":{"rendered":"R\u00c4UCHERN Weisser Salbei"},"content":{"rendered":"<p class=\"p1\"><span class=\"s1\">Die Indianer Nordamerikas nutzten den wei\u00dfen Salbei\u00a0(Salvia Apiana) f\u00fcr Heilungs- und Reinigungszeremonien und zum Vertreiben b\u00f6ser Geister. Sein Rauch l\u00f6st negative Energiefelder auf, bringt den Energiehaushalt ins Gleichgewicht und wirkt ganzheitlich auf K\u00f6rper, Geist und Seele. Wir k\u00f6nnen diese uralten Br\u00e4uche an unser modernes Leben anpassen und so neue, angepasste Interpretationen &#8211; in hochachtungsvoller Anlehnung an alte Traditionen &#8211; entstehen lassen.<\/span><\/p>\n<p class=\"p1\"><span class=\"s1\"><b>Was brauche ich dazu?<\/b><\/span><\/p>\n<ul class=\"ul1\">\n<li class=\"li2\"><span class=\"s1\">Weisser Salbei Smudge Stick oder lose Bl\u00e4tter<\/span><\/li>\n<li class=\"li2\"><span class=\"s1\">hitzebest\u00e4ndige Unterlage (z.\u00a0B. einen Teller, eine flache Schale oder eine Abalone-Muschel) mit etwas Sand oder Salz gef\u00fcllt<\/span><\/li>\n<li class=\"li2\"><span class=\"s1\">eine Kerze oder Streichh\u00f6lzer<\/span><\/li>\n<\/ul>\n<p class=\"p1\"><span class=\"s1\">Wenn man als Unterlage zum Abbrennen von Salbei eine (Abalone-)Muschel als R\u00e4ucherschale verwendet, k\u00f6nnen beim R\u00e4uchern alle 4 Elemente zu einer spirituellen Kraft vereint werden: Dabei symbolisiert der Sand in der Muschel das Element Erde, die Muschel das Element Wasser, das glimmende R\u00e4ucherwerk das Element Feuer und der aufsteigende Rauch das Element Luft.\u00a0<\/span><\/p>\n<p class=\"p1\"><span class=\"s1\"><b>Wie soll das jetzt gehen?<\/b><\/span><\/p>\n<p class=\"p1\"><span class=\"s1\">Das Wichtigste beim Ausr\u00e4uchern ist die Intention. <\/span><span class=\"s1\">Man denkt hierbei an die schlechten, die zu verbannenden Dinge, die negativen Energien.\u00a0<\/span><span class=\"s1\">Also die Energien des Vormieters, die Emotionen die der Streit von letzter Woche noch weckt, an alles Alte, was es loszulassen gilt, um Platz f\u00fcr Neues zu schaffen oder an Stagnation und Blockaden, die man aufl\u00f6sen m\u00f6chte.<\/span><\/p>\n<p class=\"p1\"><span class=\"s1\">Bei der Verwendung eines gebundenen Smudges entz\u00fcndet man dessen Spitze, bei losen Bl\u00e4ttern die Spitzen einiger einzelner Bl\u00e4tter. Am besten an einer Kerze oder mit einem Streichholz. Dann l\u00e4sst man die Flamme einige Zeit brennen, bevor man mit der Hand so dar\u00fcber wedelt, dass die Bl\u00e4tter nur noch glimmen.\u00a0<\/span><\/p>\n<p class=\"p1\"><span class=\"s1\">Nun legt man den Smudge auf die Unterlage, fixiert ihn dort mit dem Daumen und verteilt den aufsteigenden Rauch mit gro\u00dfen, vertikal kreisf\u00f6rmigen Bewegungen der anderen Hand.<\/span><\/p>\n<p class=\"p1\"><span class=\"s1\">Nachdem man fertig ist, kann man den Smudge durch vorsichtiges Ersticken der Glut im Sand der Unterlage l\u00f6schen. Dabei nicht zu stark dr\u00fccken, damit nicht so viel von den kostbaren Bl\u00e4ttern abbricht. Achtsamkeit und Sorgfalt zeugen von Hochachtung der Pflanze gegen\u00fcber.<\/span><\/p>\n<p><strong>Wann, wie und wie oft?<\/strong><\/p>\n<p>Ob man Musik h\u00f6rend, singend, ruhig oder mit Kindern im Schlepptau mit Trommeln und Pfannendeckeln r\u00e4uchert &#8211; wichtig ist das Bauchgef\u00fchl. Ob einmal die Woche, nur nach Streit oder auch mal ein halbes Jahr nicht, es muss sich gut anf\u00fchlen. Sch\u00f6n ist, wenn daraus eine Tradition wird, ein Ritual f\u00fcr Wohlbefinden und Achtsamkeit.<\/p>\n<p class=\"p1\"><span class=\"s1\">Der Weisse Salbei\u00a0<\/span><span class=\"s1\">(Salvia Apiana)\u00a0<\/span><span class=\"s1\">von BENEVOLENTI stammt aus New Mexico.\u00a0<\/span><span class=\"s1\">Der Salbei wird von Menschen gepfl\u00fcckt, die ihn auf eine respektvolle und achtsame Weise sammeln und daf\u00fcr sorgen, dass er optimal weiter wachsen kann.<\/span><\/p>\n<p>Smudge Stick, weisser Salbei<br \/>\nL\u00e4nge 10 cm<\/p>\n","protected":false},"excerpt":{"rendered":"<p>Die Indianer Nordamerikas nutzten den wei\u00dfen Salbei\u00a0(Salvia Apiana) f\u00fcr Heilungs- und Reinigungszeremonien und zum Vertreiben b\u00f6ser Geister. Sein Rauch l\u00f6st negative Energiefelder auf, bringt den Energiehaushalt ins Gleichgewicht und wirkt ganzheitlich auf K\u00f6rper, Geist und Seele. Wir k\u00f6nnen diese uralten Br\u00e4uche an unser modernes Leben anpassen und so neue, angepasste&#8230; <a class=\"more-link\" href=\"https:\/\/www.benevolenti.com\/de\/produkt\/weisser-salbei\/\">Mehr<\/a><\/p>\n","protected":false},"featured_media":15134,"comment_status":"open","ping_status":"closed","template":"","meta":[],"product_brand":[],"product_cat":[39,591,743],"product_tag":[],"class_list":{"0":"post-15133","1":"product","2":"type-product","3":"status-publish","4":"has-post-thumbnail","6":"product_cat-accessories-de","7":"product_cat-gesundheit-vitalitaet","8":"product_cat-rauhnaechte","10":"first","11":"instock","12":"shipping-taxable","13":"purchasable","14":"product-type-simple"},"jetpack_sharing_enabled":true,"_links":{"self":[{"href":"https:\/\/www.benevolenti.com\/de\/wp-json\/wp\/v2\/product\/15133","targetHints":{"allow":["GET"]}}],"collection":[{"href":"https:\/\/www.benevolenti.com\/de\/wp-json\/wp\/v2\/product"}],"about":[{"href":"https:\/\/www.benevolenti.com\/de\/wp-json\/wp\/v2\/types\/product"}],"replies":[{"embeddable":true,"href":"https:\/\/www.benevolenti.com\/de\/wp-json\/wp\/v2\/comments?post=15133"}],"wp:featuredmedia":[{"embeddable":true,"href":"https:\/\/www.benevolenti.com\/de\/wp-json\/wp\/v2\/media\/15134"}],"wp:attachment":[{"href":"https:\/\/www.benevolenti.com\/de\/wp-json\/wp\/v2\/media?parent=15133"}],"wp:term":[{"taxonomy":"product_brand","embeddable":true,"href":"https:\/\/www.benevolenti.com\/de\/wp-json\/wp\/v2\/product_brand?post=15133"},{"taxonomy":"product_cat","embeddable":true,"href":"https:\/\/www.benevolenti.com\/de\/wp-json\/wp\/v2\/product_cat?post=15133"},{"taxonomy":"product_tag","embeddable":true,"href":"https:\/\/www.benevolenti.com\/de\/wp-json\/wp\/v2\/product_tag?post=15133"}],"curies":[{"name":"wp","href":"https:\/\/api.w.org\/{rel}","templated":true}]}}