{"id":15054,"date":"2025-02-21T15:31:07","date_gmt":"2025-02-21T14:31:07","guid":{"rendered":"https:\/\/www.benevolenti.com\/?post_type=product&#038;p=15054"},"modified":"2025-05-15T16:33:51","modified_gmt":"2025-05-15T14:33:51","slug":"set-kreuz","status":"publish","type":"product","link":"https:\/\/www.benevolenti.com\/de\/produkt\/set-kreuz\/","title":{"rendered":"TAUFE &#038; KOMMUNION"},"content":{"rendered":"<p>Ein Schmuckst\u00fcck mit Edelsteinen als Geschenk zur Taufe oder Kommunion. Ein bleibendes Andenken an den grossen Tag und ein starker Stein als Begleiter f\u00fcr die n\u00e4chste Lebensphase.<\/p>\n<p>Folgende Steine stehen zur Auswahl:<\/p>\n<p>Amethyst (violett): Konzentration und Friede<br \/>\nAventurin (gr\u00fcn): Mut und Gelassenheit<br \/>\nCalcit (gelb): Wachstum und Selbstvertrauen<br \/>\nDumortierit (blau): Freundschaft und Mut<br \/>\nKarneol (braun): Mut und gute Laune<br \/>\nFlint (grau): Selbstvertrauen und Gelassenheit<br \/>\nRosenquarz (rosa): Selbstliebe und Herzenskraft<br \/>\nErdbeerquarz (rot): Humor und Selbstannahme<\/p>\n<p><em>Steinarmband und Halskette aus 925 Sterlingsilber mit Kreuz und Baumwollquaste.<\/em><br \/>\n<em>Halskette auf handgeschriebener Karte, Armband und Set in Geschenkverpackung, Wunschk\u00e4rtchen mit Steinbeschreibung und Versandkosten.<\/em><\/p>\n<p><em>Gerne kann ich auch die meisten Steine aus dem Steinfinder f\u00fcr dieses Armband nutzen, m\u00f6glich auch ohne Quaste, einfach beim Checkout angeben.<\/em><\/p>\n","protected":false},"excerpt":{"rendered":"<p>Ein Schmuckst\u00fcck mit Edelsteinen als Geschenk zur Taufe oder Kommunion. Ein bleibendes Andenken an den grossen Tag und ein starker Stein als Begleiter f\u00fcr die n\u00e4chste Lebensphase. Folgende Steine stehen zur Auswahl: Amethyst (violett): Konzentration und Friede Aventurin (gr\u00fcn): Mut und Gelassenheit Calcit (gelb): Wachstum und Selbstvertrauen Dumortierit (blau): Freundschaft&#8230; <a class=\"more-link\" href=\"https:\/\/www.benevolenti.com\/de\/produkt\/set-kreuz\/\">Mehr<\/a><\/p>\n","protected":false},"featured_media":22388,"comment_status":"open","ping_status":"closed","template":"","meta":[],"product_brand":[],"product_cat":[741,742,589,650],"product_tag":[448,619,620,621,623,622,596,610],"class_list":{"0":"post-15054","1":"product","2":"type-product","3":"status-publish","4":"has-post-thumbnail","6":"product_cat-kinderarm","7":"product_cat-kinderhals-2","8":"product_cat-schutz","9":"product_cat-geburt-taufe-konf","10":"product_tag-amethyst","11":"product_tag-aventurin","12":"product_tag-calcit","13":"product_tag-dumortierit","14":"product_tag-erdbeerquarz","15":"product_tag-flint","16":"product_tag-karneol","17":"product_tag-rosenquarz","19":"first","20":"instock","21":"shipping-taxable","22":"purchasable","23":"product-type-variable"},"jetpack_sharing_enabled":true,"_links":{"self":[{"href":"https:\/\/www.benevolenti.com\/de\/wp-json\/wp\/v2\/product\/15054","targetHints":{"allow":["GET"]}}],"collection":[{"href":"https:\/\/www.benevolenti.com\/de\/wp-json\/wp\/v2\/product"}],"about":[{"href":"https:\/\/www.benevolenti.com\/de\/wp-json\/wp\/v2\/types\/product"}],"replies":[{"embeddable":true,"href":"https:\/\/www.benevolenti.com\/de\/wp-json\/wp\/v2\/comments?post=15054"}],"wp:featuredmedia":[{"embeddable":true,"href":"https:\/\/www.benevolenti.com\/de\/wp-json\/wp\/v2\/media\/22388"}],"wp:attachment":[{"href":"https:\/\/www.benevolenti.com\/de\/wp-json\/wp\/v2\/media?parent=15054"}],"wp:term":[{"taxonomy":"product_brand","embeddable":true,"href":"https:\/\/www.benevolenti.com\/de\/wp-json\/wp\/v2\/product_brand?post=15054"},{"taxonomy":"product_cat","embeddable":true,"href":"https:\/\/www.benevolenti.com\/de\/wp-json\/wp\/v2\/product_cat?post=15054"},{"taxonomy":"product_tag","embeddable":true,"href":"https:\/\/www.benevolenti.com\/de\/wp-json\/wp\/v2\/product_tag?post=15054"}],"curies":[{"name":"wp","href":"https:\/\/api.w.org\/{rel}","templated":true}]}}