{"id":15038,"date":"2019-03-31T14:55:22","date_gmt":"2019-03-31T12:55:22","guid":{"rendered":"https:\/\/www.benevolenti.com\/?post_type=product&#038;p=15038"},"modified":"2024-10-15T18:41:20","modified_gmt":"2024-10-15T16:41:20","slug":"brillenkette-lebensblume","status":"publish","type":"product","link":"https:\/\/www.benevolenti.com\/de\/produkt\/brillenkette-lebensblume\/","title":{"rendered":"BRILLENKETTE Lebensblume"},"content":{"rendered":"<p>Die Blume des Lebens findet sich seit Jahrtausenden als Ornament an den verschiedensten Orten und historischen Bauwerken. Dem Symbol wird eine harmonisierende, sch\u00fctzende Wirkung zugeschrieben und oft wird das Muster als heilige Geometrie bezeichnet, auch weil alle Platonischen K\u00f6rper damit gebildet werden k\u00f6nnen.<\/p>\n<p>Nat\u00fcrlich gewachsene Bergkristalle.<br \/>\n925 Silber, vergoldetes 925 Silber, ros\u00e9 vergoldetes 925 Silber.<br \/>\nL\u00e4nge 65 cm.<\/p>\n<p>Die Brillenkette wird im Baumwollbeutel und mit Steinbeschreibung geliefert. Falls gew\u00fcnscht, Vorname und pers\u00f6nlicher Wunsch angeben, sonst steht &#8222;Harmonie.&#8220; auf dem K\u00e4rtchen.<\/p>\n<p>Versandkostenfrei.<\/p>\n","protected":false},"excerpt":{"rendered":"<p>Die Blume des Lebens findet sich seit Jahrtausenden als Ornament an den verschiedensten Orten und historischen Bauwerken. Dem Symbol wird eine harmonisierende, sch\u00fctzende Wirkung zugeschrieben und oft wird das Muster als heilige Geometrie bezeichnet, auch weil alle Platonischen K\u00f6rper damit gebildet werden k\u00f6nnen. Nat\u00fcrlich gewachsene Bergkristalle. 925 Silber, vergoldetes 925&#8230; <a class=\"more-link\" href=\"https:\/\/www.benevolenti.com\/de\/produkt\/brillenkette-lebensblume\/\">Mehr<\/a><\/p>\n","protected":false},"featured_media":15041,"comment_status":"open","ping_status":"closed","template":"","meta":[],"product_brand":[],"product_cat":[39,587],"product_tag":[615],"class_list":{"0":"post-15038","1":"product","2":"type-product","3":"status-publish","4":"has-post-thumbnail","6":"product_cat-accessories-de","7":"product_cat-ausgeglichenheit-gelassenheit","8":"product_tag-bergkristall","10":"first","11":"instock","12":"shipping-taxable","13":"purchasable","14":"product-type-variable"},"jetpack_sharing_enabled":true,"_links":{"self":[{"href":"https:\/\/www.benevolenti.com\/de\/wp-json\/wp\/v2\/product\/15038","targetHints":{"allow":["GET"]}}],"collection":[{"href":"https:\/\/www.benevolenti.com\/de\/wp-json\/wp\/v2\/product"}],"about":[{"href":"https:\/\/www.benevolenti.com\/de\/wp-json\/wp\/v2\/types\/product"}],"replies":[{"embeddable":true,"href":"https:\/\/www.benevolenti.com\/de\/wp-json\/wp\/v2\/comments?post=15038"}],"wp:featuredmedia":[{"embeddable":true,"href":"https:\/\/www.benevolenti.com\/de\/wp-json\/wp\/v2\/media\/15041"}],"wp:attachment":[{"href":"https:\/\/www.benevolenti.com\/de\/wp-json\/wp\/v2\/media?parent=15038"}],"wp:term":[{"taxonomy":"product_brand","embeddable":true,"href":"https:\/\/www.benevolenti.com\/de\/wp-json\/wp\/v2\/product_brand?post=15038"},{"taxonomy":"product_cat","embeddable":true,"href":"https:\/\/www.benevolenti.com\/de\/wp-json\/wp\/v2\/product_cat?post=15038"},{"taxonomy":"product_tag","embeddable":true,"href":"https:\/\/www.benevolenti.com\/de\/wp-json\/wp\/v2\/product_tag?post=15038"}],"curies":[{"name":"wp","href":"https:\/\/api.w.org\/{rel}","templated":true}]}}