{"id":15028,"date":"2019-09-09T13:59:44","date_gmt":"2019-09-09T11:59:44","guid":{"rendered":"https:\/\/www.benevolenti.com\/?post_type=product&#038;p=15028"},"modified":"2025-12-09T21:39:08","modified_gmt":"2025-12-09T20:39:08","slug":"armband-initiale-2","status":"publish","type":"product","link":"https:\/\/www.benevolenti.com\/de\/produkt\/armband-initiale-2\/","title":{"rendered":"ARMBAND Initiale"},"content":{"rendered":"<p>Eine edle Silberkette und ein Gl\u00fcckstein verschmelzen zum perfekten Geschenk zu Kommunion, Schulanfang oder Geburtstag. Eine handgestempelte Initiale vermittelt Identit\u00e4t und Stolz. Ein St\u00fcck, das mitw\u00e4chst!<\/p>\n<p>Folgende Steine stehen zur Auswahl:<\/p>\n<p>Amethyst (violett): Konzentration und Friede<br \/>\nAventurin (gr\u00fcn): Mut und Gelassenheit<br \/>\nCalcit (gelb): Wachstum und Selbstvertrauen<br \/>\nDumortierit (blau): Freundschaft und Mut<br \/>\nKarneol (braun): Mut und gute Laune<br \/>\nFlint (grau): Selbstvertrauen und Gelassenheit<br \/>\nRosenquarz (rosa): Leidenschaft und Herzenskraft<br \/>\nErdbeerquarz (rot): Humor und Selbstannahme<br \/>\nT\u00fcrkis: Schutz und Freude<\/p>\n<p>Silberkette mit Initiale, Lieblingsstein und Stern.<br \/>\nHandgeschriebene Karte.<br \/>\nAlle Glieder der Kette k\u00f6nnen zum Schliessen verwendet werden.<\/p>\n<p>Gerne kann ich auch die meisten Steine aus dem Steinfinder f\u00fcr dieses Armband nutzen, einfach beim Checkout angeben, bzw. mir ein <a href=\"https:\/\/www.benevolenti.com\/de\/kontakt\/\">Mail<\/a> schreiben.<\/p>\n","protected":false},"excerpt":{"rendered":"<p>Eine edle Silberkette und ein Gl\u00fcckstein verschmelzen zum perfekten Geschenk zu Kommunion, Schulanfang oder Geburtstag. Eine handgestempelte Initiale vermittelt Identit\u00e4t und Stolz. Ein St\u00fcck, das mitw\u00e4chst! Folgende Steine stehen zur Auswahl: Amethyst (violett): Konzentration und Friede Aventurin (gr\u00fcn): Mut und Gelassenheit Calcit (gelb): Wachstum und Selbstvertrauen Dumortierit (blau): Freundschaft und&#8230; <a class=\"more-link\" href=\"https:\/\/www.benevolenti.com\/de\/produkt\/armband-initiale-2\/\">Mehr<\/a><\/p>\n","protected":false},"featured_media":17815,"comment_status":"open","ping_status":"closed","template":"","meta":[],"product_brand":[],"product_cat":[741,589,650],"product_tag":[448,619,620,621,623,622,596,610],"class_list":{"0":"post-15028","1":"product","2":"type-product","3":"status-publish","4":"has-post-thumbnail","6":"product_cat-kinderarm","7":"product_cat-schutz","8":"product_cat-geburt-taufe-konf","9":"product_tag-amethyst","10":"product_tag-aventurin","11":"product_tag-calcit","12":"product_tag-dumortierit","13":"product_tag-erdbeerquarz","14":"product_tag-flint","15":"product_tag-karneol","16":"product_tag-rosenquarz","18":"first","19":"instock","20":"shipping-taxable","21":"purchasable","22":"product-type-variable"},"jetpack_sharing_enabled":true,"_links":{"self":[{"href":"https:\/\/www.benevolenti.com\/de\/wp-json\/wp\/v2\/product\/15028","targetHints":{"allow":["GET"]}}],"collection":[{"href":"https:\/\/www.benevolenti.com\/de\/wp-json\/wp\/v2\/product"}],"about":[{"href":"https:\/\/www.benevolenti.com\/de\/wp-json\/wp\/v2\/types\/product"}],"replies":[{"embeddable":true,"href":"https:\/\/www.benevolenti.com\/de\/wp-json\/wp\/v2\/comments?post=15028"}],"wp:featuredmedia":[{"embeddable":true,"href":"https:\/\/www.benevolenti.com\/de\/wp-json\/wp\/v2\/media\/17815"}],"wp:attachment":[{"href":"https:\/\/www.benevolenti.com\/de\/wp-json\/wp\/v2\/media?parent=15028"}],"wp:term":[{"taxonomy":"product_brand","embeddable":true,"href":"https:\/\/www.benevolenti.com\/de\/wp-json\/wp\/v2\/product_brand?post=15028"},{"taxonomy":"product_cat","embeddable":true,"href":"https:\/\/www.benevolenti.com\/de\/wp-json\/wp\/v2\/product_cat?post=15028"},{"taxonomy":"product_tag","embeddable":true,"href":"https:\/\/www.benevolenti.com\/de\/wp-json\/wp\/v2\/product_tag?post=15028"}],"curies":[{"name":"wp","href":"https:\/\/api.w.org\/{rel}","templated":true}]}}