{"id":14989,"date":"2019-03-20T22:24:16","date_gmt":"2019-03-20T21:24:16","guid":{"rendered":"https:\/\/www.benevolenti.com\/?post_type=product&#038;p=14989"},"modified":"2024-10-15T18:41:34","modified_gmt":"2024-10-15T16:41:34","slug":"brillenband-seide","status":"publish","type":"product","link":"https:\/\/www.benevolenti.com\/de\/produkt\/brillenband-seide\/","title":{"rendered":"BRILLENBAND Seide"},"content":{"rendered":"<p>Naturbelassene Edelsteine in hoher Qualit\u00e4t, reine Seide, handrolliert und handgef\u00e4rbt in Deutschland, Silikon und Echtsilber-Komponenten verschmelzen zum Lieblings-Brillenband f\u00fcr jeden Tag. Ob f\u00fcr Sonnenbrille oder Lesebrille, dieses Brillenband passt auch perfekt in jedes Brillenetui.<\/p>\n<p>Viele dieser Edelsteine werden in der Steinheilkunde bei Augenleiden angewendet:<\/p>\n<p>Amethyst * bei Augenerm\u00fcdung, Augenzittern, Fehlsichtigkeit, Sehschw\u00e4che, Schielen<br \/>\nAquamarin * bei Augenzittern, Fehlsichtigkeit, Schielen und Schwachsichtigkeit<br \/>\nBergkristall * bei grauem Star und anderen Augentr\u00fcbungen, Fehlsichtigkeit, Schielen<br \/>\nChrysopras * bei brennenden, trockenen Augen, Bindehautentz\u00fcndung, gr\u00fcnem Star<br \/>\nOzeanchalcedon * bei Entz\u00fcndungen der Bindehaut, gr\u00fcnem Star, Tr\u00fcbungen<br \/>\nRauchquarz * bei Augenzittern durch Stress und grosse Belastungen<br \/>\nSmaragd * bei Fehlsichtigkeit, Schielen, Augenerm\u00fcdung, Infektionen, Entz\u00fcndungen<br \/>\nSodalith * bei trockenen Augen<br \/>\nTurmalin * Schielen, Schwachsichtigkeit<\/p>\n<p>Mehr Informationen zu den einzelnen Steinen gibt es hier:<\/p>\n","protected":false},"excerpt":{"rendered":"<p>Naturbelassene Edelsteine in hoher Qualit\u00e4t, reine Seide, handrolliert und handgef\u00e4rbt in Deutschland, Silikon und Echtsilber-Komponenten verschmelzen zum Lieblings-Brillenband f\u00fcr jeden Tag. Ob f\u00fcr Sonnenbrille oder Lesebrille, dieses Brillenband passt auch perfekt in jedes Brillenetui. Viele dieser Edelsteine werden in der Steinheilkunde bei Augenleiden angewendet: Amethyst * bei Augenerm\u00fcdung, Augenzittern, Fehlsichtigkeit,&#8230; <a class=\"more-link\" href=\"https:\/\/www.benevolenti.com\/de\/produkt\/brillenband-seide\/\">Mehr<\/a><\/p>\n","protected":false},"featured_media":15016,"comment_status":"open","ping_status":"closed","template":"","meta":[],"product_brand":[],"product_cat":[39],"product_tag":[618,448,612,609,615,639,657,627,628,658,611,701,631,640,616,671,453,667],"class_list":{"0":"post-14989","1":"product","2":"type-product","3":"status-publish","4":"has-post-thumbnail","6":"product_cat-accessories-de","7":"product_tag-achat","8":"product_tag-amethyst","9":"product_tag-apatit","10":"product_tag-aquamarin","11":"product_tag-bergkristall","12":"product_tag-bernstein","13":"product_tag-chrysopras","14":"product_tag-iolith","15":"product_tag-koralle","16":"product_tag-morganit","17":"product_tag-onyx","18":"product_tag-ozeanchalcedon","19":"product_tag-rauchquarz","20":"product_tag-smaragd","21":"product_tag-sodalith","22":"product_tag-tuerkis","23":"product_tag-turmalin","24":"product_tag-versteinertes-holz","26":"first","27":"instock","28":"shipping-taxable","29":"purchasable","30":"product-type-variable"},"jetpack_sharing_enabled":true,"_links":{"self":[{"href":"https:\/\/www.benevolenti.com\/de\/wp-json\/wp\/v2\/product\/14989","targetHints":{"allow":["GET"]}}],"collection":[{"href":"https:\/\/www.benevolenti.com\/de\/wp-json\/wp\/v2\/product"}],"about":[{"href":"https:\/\/www.benevolenti.com\/de\/wp-json\/wp\/v2\/types\/product"}],"replies":[{"embeddable":true,"href":"https:\/\/www.benevolenti.com\/de\/wp-json\/wp\/v2\/comments?post=14989"}],"wp:featuredmedia":[{"embeddable":true,"href":"https:\/\/www.benevolenti.com\/de\/wp-json\/wp\/v2\/media\/15016"}],"wp:attachment":[{"href":"https:\/\/www.benevolenti.com\/de\/wp-json\/wp\/v2\/media?parent=14989"}],"wp:term":[{"taxonomy":"product_brand","embeddable":true,"href":"https:\/\/www.benevolenti.com\/de\/wp-json\/wp\/v2\/product_brand?post=14989"},{"taxonomy":"product_cat","embeddable":true,"href":"https:\/\/www.benevolenti.com\/de\/wp-json\/wp\/v2\/product_cat?post=14989"},{"taxonomy":"product_tag","embeddable":true,"href":"https:\/\/www.benevolenti.com\/de\/wp-json\/wp\/v2\/product_tag?post=14989"}],"curies":[{"name":"wp","href":"https:\/\/api.w.org\/{rel}","templated":true}]}}