{"id":14914,"date":"2019-02-11T23:13:00","date_gmt":"2019-02-11T22:13:00","guid":{"rendered":"https:\/\/www.benevolenti.com\/?post_type=product&#038;p=14914"},"modified":"2020-05-20T10:33:38","modified_gmt":"2020-05-20T08:33:38","slug":"armkette-tropfen","status":"publish","type":"product","link":"https:\/\/www.benevolenti.com\/de\/produkt\/armkette-tropfen\/","title":{"rendered":"ARMKETTE Tropfen"},"content":{"rendered":"<p>Ein edler Tropfen und eine vergoldete Silberkette sind die Ingredienzien f\u00fcr dieses minimalistische Schmuckst\u00fcck. Der facettierte Schliff des Rauchquarzes l\u00e4sst ihn im Licht glitzern. Der Rauchquarz ist ein wunderbarer Begleiter f\u00fcr unsere viel besch\u00e4ftigten Leben und l\u00e4sst uns entspannt bleiben bei t\u00e4glichen hohen Anforderungen.<\/p>\n<p>Gerne kann ich dieses Armband auch mit<br \/>\n&#8211; pink-beigem Mondstein,<br \/>\n&#8211; Muskovit,<br \/>\n&#8211; Kyanit oder auch mit<br \/>\n&#8211; Aquamarin<\/p>\n<p>anfertigen. Einfach im Kommentarfeld beim Checkout den gew\u00fcnschten Stein vermerken.<\/p>\n","protected":false},"excerpt":{"rendered":"<p>Ein edler Tropfen und eine vergoldete Silberkette sind die Ingredienzien f\u00fcr dieses minimalistische Schmuckst\u00fcck. Der facettierte Schliff des Rauchquarzes l\u00e4sst ihn im Licht glitzern. Der Rauchquarz ist ein wunderbarer Begleiter f\u00fcr unsere viel besch\u00e4ftigten Leben und l\u00e4sst uns entspannt bleiben bei t\u00e4glichen hohen Anforderungen. Gerne kann ich dieses Armband auch&#8230; <a class=\"more-link\" href=\"https:\/\/www.benevolenti.com\/de\/produkt\/armkette-tropfen\/\">Mehr<\/a><\/p>\n","protected":false},"featured_media":14918,"comment_status":"open","ping_status":"closed","template":"","meta":[],"product_brand":[],"product_cat":[338],"product_tag":[609,638,217,605,631],"class_list":{"0":"post-14914","1":"product","2":"type-product","3":"status-publish","4":"has-post-thumbnail","6":"product_cat-silber","7":"product_tag-aquamarin","8":"product_tag-kyanit","9":"product_tag-mondstein","10":"product_tag-muskovit","11":"product_tag-rauchquarz","13":"first","14":"instock","15":"shipping-taxable","16":"purchasable","17":"product-type-variable"},"jetpack_sharing_enabled":true,"_links":{"self":[{"href":"https:\/\/www.benevolenti.com\/de\/wp-json\/wp\/v2\/product\/14914","targetHints":{"allow":["GET"]}}],"collection":[{"href":"https:\/\/www.benevolenti.com\/de\/wp-json\/wp\/v2\/product"}],"about":[{"href":"https:\/\/www.benevolenti.com\/de\/wp-json\/wp\/v2\/types\/product"}],"replies":[{"embeddable":true,"href":"https:\/\/www.benevolenti.com\/de\/wp-json\/wp\/v2\/comments?post=14914"}],"wp:featuredmedia":[{"embeddable":true,"href":"https:\/\/www.benevolenti.com\/de\/wp-json\/wp\/v2\/media\/14918"}],"wp:attachment":[{"href":"https:\/\/www.benevolenti.com\/de\/wp-json\/wp\/v2\/media?parent=14914"}],"wp:term":[{"taxonomy":"product_brand","embeddable":true,"href":"https:\/\/www.benevolenti.com\/de\/wp-json\/wp\/v2\/product_brand?post=14914"},{"taxonomy":"product_cat","embeddable":true,"href":"https:\/\/www.benevolenti.com\/de\/wp-json\/wp\/v2\/product_cat?post=14914"},{"taxonomy":"product_tag","embeddable":true,"href":"https:\/\/www.benevolenti.com\/de\/wp-json\/wp\/v2\/product_tag?post=14914"}],"curies":[{"name":"wp","href":"https:\/\/api.w.org\/{rel}","templated":true}]}}