{"id":14881,"date":"2019-01-24T14:38:04","date_gmt":"2019-01-24T13:38:04","guid":{"rendered":"https:\/\/www.benevolenti.com\/?post_type=product&#038;p=14881"},"modified":"2024-11-10T12:37:22","modified_gmt":"2024-11-10T11:37:22","slug":"armband-initiale","status":"publish","type":"product","link":"https:\/\/www.benevolenti.com\/de\/produkt\/armband-initiale\/","title":{"rendered":"ARMBAND Charms"},"content":{"rendered":"<p>Konzipiert als Bettelarmband, damit weitere Erinnerungen, Charms und Steine in die einzelnen Glieder des Bracelets eingeh\u00e4ngt werden k\u00f6nnen. Eine handgestempelte Initiale vermittelt Identit\u00e4t und Stolz. Eine wunderbare Geschenkidee zum Geburtstag oder als Erinnerungsst\u00fcck an ein erstes gemeinsames Abenteuer. Auf viele weitere!<\/p>\n<p>Das Armband ist gr\u00f6ssenverstellbar, weil jedes einzelne Glied der Kette zum Schliessen verwendet werden kann.<\/p>\n<p>Folgende Steine stehen zur Auswahl:<\/p>\n<p>Amethyst (violett): Konzentration und Friede<br \/>\nAventurin (gr\u00fcn): Mut und Gelassenheit<br \/>\nCalcit (gelb): Wachstum und Selbstvertrauen<br \/>\nDumortierit (blau): Freundschaft und Mut<br \/>\nKarneol (braun): Mut und gute Laune<br \/>\nFlint (grau): Selbstvertrauen und Gelassenheit<br \/>\nRosenquarz (rosa): Leidenschaft und Herzenskraft<br \/>\nErdbeerquarz (rot): Humor und Selbstannahme<br \/>\nT\u00fcrkis: Schutz und Freude<\/p>\n<p>Silberkette mit Initiale, Lieblingsstein und Eibenbeere<br \/>\nStoffbeutel, Steinbeschreibung und Wunsch &#8222;Ganz viel Gl\u00fcck, <em>&#8230;&#8230;&#8230;&#8230;<\/em>!&#8220;<\/p>\n<p>Gerne kann ich auch die meisten Steine aus dem Steinfinder f\u00fcr dieses Armband nutzen, einfach beim Checkout angeben, bzw. mir ein <a href=\"https:\/\/www.benevolenti.com\/de\/kontakt\/\">Mail<\/a> schreiben.<\/p>\n","protected":false},"excerpt":{"rendered":"<p>Konzipiert als Bettelarmband, damit weitere Erinnerungen, Charms und Steine in die einzelnen Glieder des Bracelets eingeh\u00e4ngt werden k\u00f6nnen. Eine handgestempelte Initiale vermittelt Identit\u00e4t und Stolz. Eine wunderbare Geschenkidee zum Geburtstag oder als Erinnerungsst\u00fcck an ein erstes gemeinsames Abenteuer. Auf viele weitere! Das Armband ist gr\u00f6ssenverstellbar, weil jedes einzelne Glied der&#8230; <a class=\"more-link\" href=\"https:\/\/www.benevolenti.com\/de\/produkt\/armband-initiale\/\">Mehr<\/a><\/p>\n","protected":false},"featured_media":14883,"comment_status":"open","ping_status":"closed","template":"","meta":[],"product_brand":[],"product_cat":[741,645,589,650],"product_tag":[448,619,620,621,623,622,596,610],"class_list":{"0":"post-14881","1":"product","2":"type-product","3":"status-publish","4":"has-post-thumbnail","6":"product_cat-kinderarm","7":"product_cat-geschenke-fuer-kinder","8":"product_cat-schutz","9":"product_cat-geburt-taufe-konf","10":"product_tag-amethyst","11":"product_tag-aventurin","12":"product_tag-calcit","13":"product_tag-dumortierit","14":"product_tag-erdbeerquarz","15":"product_tag-flint","16":"product_tag-karneol","17":"product_tag-rosenquarz","19":"first","20":"instock","21":"shipping-taxable","22":"purchasable","23":"product-type-variable"},"jetpack_sharing_enabled":true,"_links":{"self":[{"href":"https:\/\/www.benevolenti.com\/de\/wp-json\/wp\/v2\/product\/14881","targetHints":{"allow":["GET"]}}],"collection":[{"href":"https:\/\/www.benevolenti.com\/de\/wp-json\/wp\/v2\/product"}],"about":[{"href":"https:\/\/www.benevolenti.com\/de\/wp-json\/wp\/v2\/types\/product"}],"replies":[{"embeddable":true,"href":"https:\/\/www.benevolenti.com\/de\/wp-json\/wp\/v2\/comments?post=14881"}],"wp:featuredmedia":[{"embeddable":true,"href":"https:\/\/www.benevolenti.com\/de\/wp-json\/wp\/v2\/media\/14883"}],"wp:attachment":[{"href":"https:\/\/www.benevolenti.com\/de\/wp-json\/wp\/v2\/media?parent=14881"}],"wp:term":[{"taxonomy":"product_brand","embeddable":true,"href":"https:\/\/www.benevolenti.com\/de\/wp-json\/wp\/v2\/product_brand?post=14881"},{"taxonomy":"product_cat","embeddable":true,"href":"https:\/\/www.benevolenti.com\/de\/wp-json\/wp\/v2\/product_cat?post=14881"},{"taxonomy":"product_tag","embeddable":true,"href":"https:\/\/www.benevolenti.com\/de\/wp-json\/wp\/v2\/product_tag?post=14881"}],"curies":[{"name":"wp","href":"https:\/\/api.w.org\/{rel}","templated":true}]}}