{"id":1488,"date":"2011-06-09T07:40:27","date_gmt":"2011-06-09T05:40:27","guid":{"rendered":"https:\/\/www.benevolenti.com\/shop\/uncategorized\/"},"modified":"2024-11-12T17:34:50","modified_gmt":"2024-11-12T16:34:50","slug":"birth-and-teething-necklace","status":"publish","type":"product","link":"https:\/\/www.benevolenti.com\/de\/produkt\/birth-and-teething-necklace\/","title":{"rendered":"BABYKETTE Bernstein"},"content":{"rendered":"<p>Der Bernstein ist ein traditioneller Gesundheitsstein, wird aber seit jeher auch als Unterst\u00fctzung beim Zahnen verwendet. Mit diesem BENEVOLENTI k\u00f6nnen Sie ein wunderbares Geburtsgeschenk machen oder das bevorstehende Zahnen unterst\u00fctzen.<\/p>\n<p>Das K\u00e4rtchen mit dem Wunsch \u201eGute Gesundheit und sei besch\u00fctzt!\u201c, eine Steinbeschreibung und ein Baumwollbeutel begleiten die Halskette.<\/p>\n<p>Halskette aus Bernstein und Schutzengel aus 925 Silber.<br \/>\nL\u00e4nge ca. 32 cm.<\/p>\n<p>F\u00fcr einen pers\u00f6nlichen Wunsch gerne ein Email schreiben an claudia@benevolenti.com<\/p>\n","protected":false},"excerpt":{"rendered":"<p>Der Bernstein ist ein traditioneller Gesundheitsstein, wird aber seit jeher auch als Unterst\u00fctzung beim Zahnen verwendet. Mit diesem BENEVOLENTI k\u00f6nnen Sie ein wunderbares Geburtsgeschenk machen oder das bevorstehende Zahnen unterst\u00fctzen. Das K\u00e4rtchen mit dem Wunsch \u201eGute Gesundheit und sei besch\u00fctzt!\u201c, eine Steinbeschreibung und ein Baumwollbeutel begleiten die Halskette. Halskette aus&#8230; <a class=\"more-link\" href=\"https:\/\/www.benevolenti.com\/de\/produkt\/birth-and-teething-necklace\/\">Mehr<\/a><\/p>\n","protected":false},"featured_media":10205,"comment_status":"open","ping_status":"closed","template":"","meta":[],"product_brand":[],"product_cat":[138,650],"product_tag":[639],"class_list":{"0":"post-1488","1":"product","2":"type-product","3":"status-publish","4":"has-post-thumbnail","6":"product_cat-geburt-taufe","7":"product_cat-geburt-taufe-konf","8":"product_tag-bernstein","10":"first","11":"instock","12":"shipping-taxable","13":"purchasable","14":"product-type-variable","15":"has-default-attributes"},"jetpack_sharing_enabled":true,"_links":{"self":[{"href":"https:\/\/www.benevolenti.com\/de\/wp-json\/wp\/v2\/product\/1488","targetHints":{"allow":["GET"]}}],"collection":[{"href":"https:\/\/www.benevolenti.com\/de\/wp-json\/wp\/v2\/product"}],"about":[{"href":"https:\/\/www.benevolenti.com\/de\/wp-json\/wp\/v2\/types\/product"}],"replies":[{"embeddable":true,"href":"https:\/\/www.benevolenti.com\/de\/wp-json\/wp\/v2\/comments?post=1488"}],"wp:featuredmedia":[{"embeddable":true,"href":"https:\/\/www.benevolenti.com\/de\/wp-json\/wp\/v2\/media\/10205"}],"wp:attachment":[{"href":"https:\/\/www.benevolenti.com\/de\/wp-json\/wp\/v2\/media?parent=1488"}],"wp:term":[{"taxonomy":"product_brand","embeddable":true,"href":"https:\/\/www.benevolenti.com\/de\/wp-json\/wp\/v2\/product_brand?post=1488"},{"taxonomy":"product_cat","embeddable":true,"href":"https:\/\/www.benevolenti.com\/de\/wp-json\/wp\/v2\/product_cat?post=1488"},{"taxonomy":"product_tag","embeddable":true,"href":"https:\/\/www.benevolenti.com\/de\/wp-json\/wp\/v2\/product_tag?post=1488"}],"curies":[{"name":"wp","href":"https:\/\/api.w.org\/{rel}","templated":true}]}}