{"id":14860,"date":"2019-01-24T11:00:23","date_gmt":"2019-01-24T10:00:23","guid":{"rendered":"https:\/\/www.benevolenti.com\/?post_type=product&#038;p=14860"},"modified":"2026-04-03T11:34:21","modified_gmt":"2026-04-03T09:34:21","slug":"schutzengel","status":"publish","type":"product","link":"https:\/\/www.benevolenti.com\/de\/produkt\/schutzengel\/","title":{"rendered":"ANH\u00c4NGER Schutzengel"},"content":{"rendered":"<p>Ein wundersch\u00f6nes Geschenk zum Schulanfang oder Krippeneinstieg, ein Begleiter f\u00fcrs erste Lager, ein kleines Taufgeschenk oder ein Geburtstagsgeschenk. Oder einfach so f\u00fcr jeden Tag als Besch\u00fctzer und Mutmacher bei \u00c4ngsten.<\/p>\n<p>Kleine, feine Schutzengel aus (vergoldetem) Sterlingsilber, Sandelholz und nat\u00fcrlichen Edelsteinen. Der Schutzengel kann an einer Kette am Hals getragen werden, am Thek, an der Jacke oder versteckt in der Hosentasche.<\/p>\n<p>Zur Auswahl stehen die folgenden Schutzsteine und ihre Wirkungen:<\/p>\n<ul>\n<li>T\u00fcrkis &#8211; f\u00fcr Selbstvertrauen, Lebensfreude, Energie und Schutz<\/li>\n<li>schwarzer Turmalin &#8211; f\u00fcr Ruhe, Energie und starken Schutz<\/li>\n<li>roter Muskovit &#8211; f\u00fcr Gelassenheit, Ruhe und Schutz bei Provokation<\/li>\n<li>gr\u00fcner Nephrit &#8211; f\u00fcr Selbstsicherheit, Schutz und inneren Frieden<\/li>\n<\/ul>\n<p><strong>Nat\u00fcrlich ist ein Engel auch ein Geschenk f\u00fcr grosse Menschen!<br \/>\nAls Unterst\u00fctzung in einer Mobbing-Situation ist Muskovit der Stein der Wahl, f\u00fcr eine Reise eignet sich der T\u00fcrkis als starker Begleiter, bei Unsicherheit und sich-verbiegen-Lassen sch\u00fctzt der Nephrit die Identit\u00e4t und der schwarze Turmalin sch\u00fctzt und beruhigt in Stress-Situationen.<\/strong><\/p>\n<p>Handgemacht in Z\u00fcrich, im Kreis 6.<\/p>\n<p>Gr\u00f6sse: 1.5 x 2 cm<br \/>\n(vergoldetes) 925 Silber<br \/>\nSandelholz<br \/>\nAuch mit Karabiner erh\u00e4ltlich.<\/p>\n<p>Gerne auch mit Name bzw. pers\u00f6nlichem Text, ich schreibe die Karten von Hand und mit anderen Steinen f\u00fcr Mut, Liebe oder Gelassenheit.<\/p>\n<p>&nbsp;<\/p>\n","protected":false},"excerpt":{"rendered":"<p>Ein wundersch\u00f6nes Geschenk zum Schulanfang oder Krippeneinstieg, ein Begleiter f\u00fcrs erste Lager, ein kleines Taufgeschenk oder ein Geburtstagsgeschenk. Oder einfach so f\u00fcr jeden Tag als Besch\u00fctzer und Mutmacher bei \u00c4ngsten. Kleine, feine Schutzengel aus (vergoldetem) Sterlingsilber, Sandelholz und nat\u00fcrlichen Edelsteinen. Der Schutzengel kann an einer Kette am Hals getragen werden,&#8230; <a class=\"more-link\" href=\"https:\/\/www.benevolenti.com\/de\/produkt\/schutzengel\/\">Mehr<\/a><\/p>\n","protected":false},"featured_media":14867,"comment_status":"open","ping_status":"closed","template":"","meta":[],"product_brand":[],"product_cat":[645,742,137,589,650],"product_tag":[605,597,604,671],"class_list":{"0":"post-14860","1":"product","2":"type-product","3":"status-publish","4":"has-post-thumbnail","6":"product_cat-geschenke-fuer-kinder","7":"product_cat-kinderhals-2","8":"product_cat-fur-kinder-teens","9":"product_cat-schutz","10":"product_cat-geburt-taufe-konf","11":"product_tag-muskovit","12":"product_tag-nephrit","13":"product_tag-schwarzer-turmalin","14":"product_tag-tuerkis","16":"first","17":"instock","18":"shipping-taxable","19":"purchasable","20":"product-type-variable"},"jetpack_sharing_enabled":true,"_links":{"self":[{"href":"https:\/\/www.benevolenti.com\/de\/wp-json\/wp\/v2\/product\/14860","targetHints":{"allow":["GET"]}}],"collection":[{"href":"https:\/\/www.benevolenti.com\/de\/wp-json\/wp\/v2\/product"}],"about":[{"href":"https:\/\/www.benevolenti.com\/de\/wp-json\/wp\/v2\/types\/product"}],"replies":[{"embeddable":true,"href":"https:\/\/www.benevolenti.com\/de\/wp-json\/wp\/v2\/comments?post=14860"}],"wp:featuredmedia":[{"embeddable":true,"href":"https:\/\/www.benevolenti.com\/de\/wp-json\/wp\/v2\/media\/14867"}],"wp:attachment":[{"href":"https:\/\/www.benevolenti.com\/de\/wp-json\/wp\/v2\/media?parent=14860"}],"wp:term":[{"taxonomy":"product_brand","embeddable":true,"href":"https:\/\/www.benevolenti.com\/de\/wp-json\/wp\/v2\/product_brand?post=14860"},{"taxonomy":"product_cat","embeddable":true,"href":"https:\/\/www.benevolenti.com\/de\/wp-json\/wp\/v2\/product_cat?post=14860"},{"taxonomy":"product_tag","embeddable":true,"href":"https:\/\/www.benevolenti.com\/de\/wp-json\/wp\/v2\/product_tag?post=14860"}],"curies":[{"name":"wp","href":"https:\/\/api.w.org\/{rel}","templated":true}]}}