{"id":14380,"date":"2018-10-20T08:07:53","date_gmt":"2018-10-20T06:07:53","guid":{"rendered":"https:\/\/www.benevolenti.com\/?post_type=product&#038;p=14380"},"modified":"2019-11-15T15:07:42","modified_gmt":"2019-11-15T14:07:42","slug":"wunscharmband-familienglueck","status":"publish","type":"product","link":"https:\/\/www.benevolenti.com\/de\/produkt\/wunscharmband-familienglueck\/","title":{"rendered":"WUNSCH ARMBAND Familiengl\u00fcck"},"content":{"rendered":"<p>Das Geschenk f\u00fcr die ganze Familie!<\/p>\n<p>Ob nach der Geburt f\u00fcr alle ausser das Baby, als Schutz f\u00fcr grosse Ferien oder einfach so.<\/p>\n<p>Kleine H\u00e4matit-Sterne oder Herzen auf reiner Seide f\u00fcrs ganze Dream Team.<\/p>\n<p>Ich schreibe jede Karte von Hand, daher kann ich auch den Text gerne personalisieren.<br \/>\nBitte Farben beim Checkout angeben, falls verschiedene gew\u00fcnscht.<\/p>\n<p>&nbsp;<\/p>\n","protected":false},"excerpt":{"rendered":"<p>Das Geschenk f\u00fcr die ganze Familie! Ob nach der Geburt f\u00fcr alle ausser das Baby, als Schutz f\u00fcr grosse Ferien oder einfach so. Kleine H\u00e4matit-Sterne oder Herzen auf reiner Seide f\u00fcrs ganze Dream Team. Ich schreibe jede Karte von Hand, daher kann ich auch den Text gerne personalisieren. Bitte Farben&#8230; <a class=\"more-link\" href=\"https:\/\/www.benevolenti.com\/de\/produkt\/wunscharmband-familienglueck\/\">Mehr<\/a><\/p>\n","protected":false},"featured_media":13907,"comment_status":"closed","ping_status":"closed","template":"","meta":[],"product_brand":[],"product_cat":[320,648,650],"product_tag":[614],"class_list":{"0":"post-14380","1":"product","2":"type-product","3":"status-publish","4":"has-post-thumbnail","6":"product_cat-familie","7":"product_cat-schwangerschaft","8":"product_cat-geburt-taufe-konf","9":"product_tag-haematit","11":"first","12":"instock","13":"sold-individually","14":"shipping-taxable","15":"purchasable","16":"product-type-variable"},"jetpack_sharing_enabled":true,"_links":{"self":[{"href":"https:\/\/www.benevolenti.com\/de\/wp-json\/wp\/v2\/product\/14380","targetHints":{"allow":["GET"]}}],"collection":[{"href":"https:\/\/www.benevolenti.com\/de\/wp-json\/wp\/v2\/product"}],"about":[{"href":"https:\/\/www.benevolenti.com\/de\/wp-json\/wp\/v2\/types\/product"}],"replies":[{"embeddable":true,"href":"https:\/\/www.benevolenti.com\/de\/wp-json\/wp\/v2\/comments?post=14380"}],"wp:featuredmedia":[{"embeddable":true,"href":"https:\/\/www.benevolenti.com\/de\/wp-json\/wp\/v2\/media\/13907"}],"wp:attachment":[{"href":"https:\/\/www.benevolenti.com\/de\/wp-json\/wp\/v2\/media?parent=14380"}],"wp:term":[{"taxonomy":"product_brand","embeddable":true,"href":"https:\/\/www.benevolenti.com\/de\/wp-json\/wp\/v2\/product_brand?post=14380"},{"taxonomy":"product_cat","embeddable":true,"href":"https:\/\/www.benevolenti.com\/de\/wp-json\/wp\/v2\/product_cat?post=14380"},{"taxonomy":"product_tag","embeddable":true,"href":"https:\/\/www.benevolenti.com\/de\/wp-json\/wp\/v2\/product_tag?post=14380"}],"curies":[{"name":"wp","href":"https:\/\/api.w.org\/{rel}","templated":true}]}}