{"id":14322,"date":"2018-10-18T18:25:19","date_gmt":"2018-10-18T16:25:19","guid":{"rendered":"https:\/\/www.benevolenti.com\/?post_type=product&#038;p=14322"},"modified":"2021-04-08T15:11:51","modified_gmt":"2021-04-08T13:11:51","slug":"anhaenger-alles-wird-gut","status":"publish","type":"product","link":"https:\/\/www.benevolenti.com\/de\/produkt\/anhaenger-alles-wird-gut\/","title":{"rendered":"ANH\u00c4NGER Alles wird gut!"},"content":{"rendered":"<p>Manchmal kann man vor lauter Gr\u00fcbeln nicht einschlafen.<br \/>\nKleine Erlebnisse werden gross und gr\u00f6sser.<br \/>\nKr\u00e4nkungen kommen an die Oberfl\u00e4che.<br \/>\nDie Spirale dreht immer schneller.<br \/>\nGeht tiefer und tiefer.<\/p>\n<p>Jetzt ist der Moment f\u00fcr Klarheit und Heilung.<br \/>\nJetzt ist der Moment f\u00fcrs Loslassen.<br \/>\nDer Moment f\u00fcr Bergkristall und Rhodonit.<\/p>\n<p>Das K\u00e4rtchen mit dem Wunsch \u201eAlles wird gut!\u201c sowie die passenden Steinbeschreibungen begleiten dieses starke BENEVOLENTI.<\/p>\n<p>Anh\u00e4nger aus Rhodonit und Bergkristall, einzeln tragbar, aber auch mit anderen Anh\u00e4ngern und allen BENEVOLENTI Ketten kombinierbar.<\/p>\n","protected":false},"excerpt":{"rendered":"<p>Manchmal kann man vor lauter Gr\u00fcbeln nicht einschlafen. Kleine Erlebnisse werden gross und gr\u00f6sser. Kr\u00e4nkungen kommen an die Oberfl\u00e4che. Die Spirale dreht immer schneller. Geht tiefer und tiefer. Jetzt ist der Moment f\u00fcr Klarheit und Heilung. Jetzt ist der Moment f\u00fcrs Loslassen. Der Moment f\u00fcr Bergkristall und Rhodonit. Das K\u00e4rtchen&#8230; <a class=\"more-link\" href=\"https:\/\/www.benevolenti.com\/de\/produkt\/anhaenger-alles-wird-gut\/\">Mehr<\/a><\/p>\n","protected":false},"featured_media":17404,"comment_status":"open","ping_status":"closed","template":"","meta":[],"product_brand":[],"product_cat":[334,595],"product_tag":[615,669],"class_list":{"0":"post-14322","1":"product","2":"type-product","3":"status-publish","4":"has-post-thumbnail","6":"product_cat-anhanger","7":"product_cat-kraft-energie","8":"product_tag-bergkristall","9":"product_tag-rhodonit","11":"first","12":"instock","13":"shipping-taxable","14":"purchasable","15":"product-type-variable"},"jetpack_sharing_enabled":true,"_links":{"self":[{"href":"https:\/\/www.benevolenti.com\/de\/wp-json\/wp\/v2\/product\/14322","targetHints":{"allow":["GET"]}}],"collection":[{"href":"https:\/\/www.benevolenti.com\/de\/wp-json\/wp\/v2\/product"}],"about":[{"href":"https:\/\/www.benevolenti.com\/de\/wp-json\/wp\/v2\/types\/product"}],"replies":[{"embeddable":true,"href":"https:\/\/www.benevolenti.com\/de\/wp-json\/wp\/v2\/comments?post=14322"}],"wp:featuredmedia":[{"embeddable":true,"href":"https:\/\/www.benevolenti.com\/de\/wp-json\/wp\/v2\/media\/17404"}],"wp:attachment":[{"href":"https:\/\/www.benevolenti.com\/de\/wp-json\/wp\/v2\/media?parent=14322"}],"wp:term":[{"taxonomy":"product_brand","embeddable":true,"href":"https:\/\/www.benevolenti.com\/de\/wp-json\/wp\/v2\/product_brand?post=14322"},{"taxonomy":"product_cat","embeddable":true,"href":"https:\/\/www.benevolenti.com\/de\/wp-json\/wp\/v2\/product_cat?post=14322"},{"taxonomy":"product_tag","embeddable":true,"href":"https:\/\/www.benevolenti.com\/de\/wp-json\/wp\/v2\/product_tag?post=14322"}],"curies":[{"name":"wp","href":"https:\/\/api.w.org\/{rel}","templated":true}]}}