{"id":14281,"date":"2018-10-22T11:25:39","date_gmt":"2018-10-22T09:25:39","guid":{"rendered":"https:\/\/www.benevolenti.com\/?post_type=product&#038;p=14281"},"modified":"2022-04-04T09:15:15","modified_gmt":"2022-04-04T07:15:15","slug":"tropfenkette-topas","status":"publish","type":"product","link":"https:\/\/www.benevolenti.com\/de\/produkt\/tropfenkette-topas\/","title":{"rendered":"TROPFENKETTE Topas"},"content":{"rendered":"<p>Dieser Topas, den ich im Fr\u00fchling 2017 auf dem Weg nach Cuba gekauft habe, kommt aus dem Diamond-District in New York. Er hat eine unglaublich klare Qualit\u00e4t und funkelt wie ein Diamant.<\/p>\n<p>Der Tropfen als Symbol steht f\u00fcr Wasser, Wasser wiederum f\u00fcr Leben.\u00a0Topas macht ausgeglichen und heiter. Er l\u00f6st Verspannungen, st\u00e4rkt die Kreativit\u00e4t und unterst\u00fctzt die Selbstverwirklichung.<\/p>\n<p>Gerne auch mit einem pers\u00f6nlichen Wunsch, ich schreibe die Karten von Hand.<\/p>\n<p>Halskette 40cm, (vergoldetes) 925 Silber.<\/p>\n","protected":false},"excerpt":{"rendered":"<p>Dieser Topas, den ich im Fr\u00fchling 2017 auf dem Weg nach Cuba gekauft habe, kommt aus dem Diamond-District in New York. Er hat eine unglaublich klare Qualit\u00e4t und funkelt wie ein Diamant. Der Tropfen als Symbol steht f\u00fcr Wasser, Wasser wiederum f\u00fcr Leben.\u00a0Topas macht ausgeglichen und heiter. Er l\u00f6st Verspannungen,&#8230; <a class=\"more-link\" href=\"https:\/\/www.benevolenti.com\/de\/produkt\/tropfenkette-topas\/\">Mehr<\/a><\/p>\n","protected":false},"featured_media":13806,"comment_status":"open","ping_status":"closed","template":"","meta":[],"product_brand":[],"product_cat":[707,727],"product_tag":[230],"class_list":{"0":"post-14281","1":"product","2":"type-product","3":"status-publish","4":"has-post-thumbnail","6":"product_cat-freude-zufriedenheit","7":"product_cat-tropfenketten","8":"product_tag-topas","10":"first","11":"instock","12":"shipping-taxable","13":"purchasable","14":"product-type-variable"},"jetpack_sharing_enabled":true,"_links":{"self":[{"href":"https:\/\/www.benevolenti.com\/de\/wp-json\/wp\/v2\/product\/14281","targetHints":{"allow":["GET"]}}],"collection":[{"href":"https:\/\/www.benevolenti.com\/de\/wp-json\/wp\/v2\/product"}],"about":[{"href":"https:\/\/www.benevolenti.com\/de\/wp-json\/wp\/v2\/types\/product"}],"replies":[{"embeddable":true,"href":"https:\/\/www.benevolenti.com\/de\/wp-json\/wp\/v2\/comments?post=14281"}],"wp:featuredmedia":[{"embeddable":true,"href":"https:\/\/www.benevolenti.com\/de\/wp-json\/wp\/v2\/media\/13806"}],"wp:attachment":[{"href":"https:\/\/www.benevolenti.com\/de\/wp-json\/wp\/v2\/media?parent=14281"}],"wp:term":[{"taxonomy":"product_brand","embeddable":true,"href":"https:\/\/www.benevolenti.com\/de\/wp-json\/wp\/v2\/product_brand?post=14281"},{"taxonomy":"product_cat","embeddable":true,"href":"https:\/\/www.benevolenti.com\/de\/wp-json\/wp\/v2\/product_cat?post=14281"},{"taxonomy":"product_tag","embeddable":true,"href":"https:\/\/www.benevolenti.com\/de\/wp-json\/wp\/v2\/product_tag?post=14281"}],"curies":[{"name":"wp","href":"https:\/\/api.w.org\/{rel}","templated":true}]}}