{"id":14269,"date":"2018-07-18T08:32:56","date_gmt":"2018-07-18T06:32:56","guid":{"rendered":"https:\/\/www.benevolenti.com\/?post_type=product&#038;p=14269"},"modified":"2024-09-18T03:01:58","modified_gmt":"2024-09-18T01:01:58","slug":"morse-geheimbotschaft-trauer","status":"publish","type":"product","link":"https:\/\/www.benevolenti.com\/de\/produkt\/morse-geheimbotschaft-trauer\/","title":{"rendered":"MORSE Code &#8211; LOVE"},"content":{"rendered":"<p>Mehr Liebe!<br \/>\nImmer und \u00fcberall.<br \/>\nUnd ganz speziell in schweren Momenten.<\/p>\n<p>100% Naturseide.<br \/>\n(Farbe passend zum Stein bzw. bei Perlen grau, beige und ros\u00e9 je nach Metallfarbe)<br \/>\n925 Silber, vergoldetes 925 Silber und ros\u00e9-vergoldetes 925 Silber.<br \/>\nNaturbelassene Edelsteine und Perlen.<\/p>\n<p>Gerne auch Anfragen f\u00fcr ganz spezifische Botschaften oder Steine: claudia(at)benevolenti.com<\/p>\n","protected":false},"excerpt":{"rendered":"<p>Mehr Liebe! Immer und \u00fcberall. Und ganz speziell in schweren Momenten. 100% Naturseide. (Farbe passend zum Stein bzw. bei Perlen grau, beige und ros\u00e9 je nach Metallfarbe) 925 Silber, vergoldetes 925 Silber und ros\u00e9-vergoldetes 925 Silber. Naturbelassene Edelsteine und Perlen. Gerne auch Anfragen f\u00fcr ganz spezifische Botschaften oder Steine: claudia(at)benevolenti.com<\/p>\n","protected":false},"featured_media":13903,"comment_status":"open","ping_status":"closed","template":"","meta":[],"product_brand":[],"product_cat":[336],"product_tag":[217,630,610],"class_list":{"0":"post-14269","1":"product","2":"type-product","3":"status-publish","4":"has-post-thumbnail","6":"product_cat-seide","7":"product_tag-mondstein","8":"product_tag-perle","9":"product_tag-rosenquarz","11":"first","12":"instock","13":"shipping-taxable","14":"purchasable","15":"product-type-variable"},"jetpack_sharing_enabled":true,"_links":{"self":[{"href":"https:\/\/www.benevolenti.com\/de\/wp-json\/wp\/v2\/product\/14269","targetHints":{"allow":["GET"]}}],"collection":[{"href":"https:\/\/www.benevolenti.com\/de\/wp-json\/wp\/v2\/product"}],"about":[{"href":"https:\/\/www.benevolenti.com\/de\/wp-json\/wp\/v2\/types\/product"}],"replies":[{"embeddable":true,"href":"https:\/\/www.benevolenti.com\/de\/wp-json\/wp\/v2\/comments?post=14269"}],"wp:featuredmedia":[{"embeddable":true,"href":"https:\/\/www.benevolenti.com\/de\/wp-json\/wp\/v2\/media\/13903"}],"wp:attachment":[{"href":"https:\/\/www.benevolenti.com\/de\/wp-json\/wp\/v2\/media?parent=14269"}],"wp:term":[{"taxonomy":"product_brand","embeddable":true,"href":"https:\/\/www.benevolenti.com\/de\/wp-json\/wp\/v2\/product_brand?post=14269"},{"taxonomy":"product_cat","embeddable":true,"href":"https:\/\/www.benevolenti.com\/de\/wp-json\/wp\/v2\/product_cat?post=14269"},{"taxonomy":"product_tag","embeddable":true,"href":"https:\/\/www.benevolenti.com\/de\/wp-json\/wp\/v2\/product_tag?post=14269"}],"curies":[{"name":"wp","href":"https:\/\/api.w.org\/{rel}","templated":true}]}}