{"id":14245,"date":"2018-10-17T03:48:29","date_gmt":"2018-10-17T01:48:29","guid":{"rendered":"https:\/\/www.benevolenti.com\/?post_type=product&#038;p=14245"},"modified":"2022-04-04T09:09:16","modified_gmt":"2022-04-04T07:09:16","slug":"wunschketten-silber","status":"publish","type":"product","link":"https:\/\/www.benevolenti.com\/de\/produkt\/wunschketten-silber\/","title":{"rendered":"WUNSCHKETTEN Silber"},"content":{"rendered":"<p>ENDLICH!<\/p>\n<p>Die guten W\u00fcnsche der BENEVOLENTI Wishbracelets k\u00f6nnen auch am Hals getragen werden.<br \/>\nKlitzekleine Symbole kombiniert mit starken Steinen.<\/p>\n<p>ANKER * Achat * Stabilit\u00e4t<br \/>\nSCHILDKR\u00d6TE * Heliotrop * Gesundheit<br \/>\nKAKTUS * Granat * Selbstvertrauen<br \/>\nRHOMBUS * Rhodochrosit * Lebensfreude<br \/>\nELEFANT * Smaragd * Zufriedenheit<br \/>\nLEBENSBAUM * Bernstein * Wachstum<\/p>\n<p>925 Silber.<br \/>\nNaturbelassene Edelsteine.<br \/>\nL\u00e4nge Halskette 40 cm.<\/p>\n<p>Gerne auch mit pers\u00f6nlicher Widmung und anderer L\u00e4nge.<br \/>\nEinfach beim Checkout angeben.<\/p>\n","protected":false},"excerpt":{"rendered":"<p>ENDLICH! Die guten W\u00fcnsche der BENEVOLENTI Wishbracelets k\u00f6nnen auch am Hals getragen werden. Klitzekleine Symbole kombiniert mit starken Steinen. ANKER * Achat * Stabilit\u00e4t SCHILDKR\u00d6TE * Heliotrop * Gesundheit KAKTUS * Granat * Selbstvertrauen RHOMBUS * Rhodochrosit * Lebensfreude ELEFANT * Smaragd * Zufriedenheit LEBENSBAUM * Bernstein * Wachstum 925&#8230; <a class=\"more-link\" href=\"https:\/\/www.benevolenti.com\/de\/produkt\/wunschketten-silber\/\">Mehr<\/a><\/p>\n","protected":false},"featured_media":13848,"comment_status":"open","ping_status":"closed","template":"","meta":[],"product_brand":[],"product_cat":[643,728],"product_tag":[618,639,599,602,688,640],"class_list":{"0":"post-14245","1":"product","2":"type-product","3":"status-publish","4":"has-post-thumbnail","6":"product_cat-geschenke-fuer-sie","7":"product_cat-symbolketten","8":"product_tag-achat","9":"product_tag-bernstein","10":"product_tag-granat","11":"product_tag-heliotrop","12":"product_tag-rhodochrosit","13":"product_tag-smaragd","15":"first","16":"instock","17":"shipping-taxable","18":"purchasable","19":"product-type-variable"},"jetpack_sharing_enabled":true,"_links":{"self":[{"href":"https:\/\/www.benevolenti.com\/de\/wp-json\/wp\/v2\/product\/14245","targetHints":{"allow":["GET"]}}],"collection":[{"href":"https:\/\/www.benevolenti.com\/de\/wp-json\/wp\/v2\/product"}],"about":[{"href":"https:\/\/www.benevolenti.com\/de\/wp-json\/wp\/v2\/types\/product"}],"replies":[{"embeddable":true,"href":"https:\/\/www.benevolenti.com\/de\/wp-json\/wp\/v2\/comments?post=14245"}],"wp:featuredmedia":[{"embeddable":true,"href":"https:\/\/www.benevolenti.com\/de\/wp-json\/wp\/v2\/media\/13848"}],"wp:attachment":[{"href":"https:\/\/www.benevolenti.com\/de\/wp-json\/wp\/v2\/media?parent=14245"}],"wp:term":[{"taxonomy":"product_brand","embeddable":true,"href":"https:\/\/www.benevolenti.com\/de\/wp-json\/wp\/v2\/product_brand?post=14245"},{"taxonomy":"product_cat","embeddable":true,"href":"https:\/\/www.benevolenti.com\/de\/wp-json\/wp\/v2\/product_cat?post=14245"},{"taxonomy":"product_tag","embeddable":true,"href":"https:\/\/www.benevolenti.com\/de\/wp-json\/wp\/v2\/product_tag?post=14245"}],"curies":[{"name":"wp","href":"https:\/\/api.w.org\/{rel}","templated":true}]}}