{"id":14237,"date":"2018-10-17T03:10:27","date_gmt":"2018-10-17T01:10:27","guid":{"rendered":"https:\/\/www.benevolenti.com\/?post_type=product&#038;p=14237"},"modified":"2024-11-10T12:37:41","modified_gmt":"2024-11-10T11:37:41","slug":"wunschkette-selbstverwirklichung","status":"publish","type":"product","link":"https:\/\/www.benevolenti.com\/de\/produkt\/wunschkette-selbstverwirklichung\/","title":{"rendered":"WUNSCHKETTE Entfaltung"},"content":{"rendered":"<p>Die Lotusblume w\u00e4chst im schlammigen Wasser und trotzdem erbl\u00fcht sie absolut rein. Das macht sie zu einem starken Symbol f\u00fcr die urspr\u00fcngliche Reinheit von K\u00f6rper und Geist und steht f\u00fcr das volle Erbl\u00fchen.<br \/>\nDer Goldtopas ist ein sehr wertvoller Edelstein, f\u00f6rdert die Selbstverwirklichung und nimmt Dich mit auf eine \u00fcberraschende Reise!<\/p>\n<p>(Vergoldetes) 925 Silber.<br \/>\nNaturbelassener Goldtopas.<br \/>\nL\u00e4nge Halskette 40 cm.<\/p>\n<p>Gerne auch mit pers\u00f6nlicher Widmung und anderer L\u00e4nge.<br \/>\nEinfach beim Checkout angeben.<\/p>\n","protected":false},"excerpt":{"rendered":"<p>Die Lotusblume w\u00e4chst im schlammigen Wasser und trotzdem erbl\u00fcht sie absolut rein. Das macht sie zu einem starken Symbol f\u00fcr die urspr\u00fcngliche Reinheit von K\u00f6rper und Geist und steht f\u00fcr das volle Erbl\u00fchen. Der Goldtopas ist ein sehr wertvoller Edelstein, f\u00f6rdert die Selbstverwirklichung und nimmt Dich mit auf eine \u00fcberraschende&#8230; <a class=\"more-link\" href=\"https:\/\/www.benevolenti.com\/de\/produkt\/wunschkette-selbstverwirklichung\/\">Mehr<\/a><\/p>\n","protected":false},"featured_media":14236,"comment_status":"closed","ping_status":"closed","template":"","meta":[],"product_brand":[],"product_cat":[592,650],"product_tag":[230],"class_list":{"0":"post-14237","1":"product","2":"type-product","3":"status-publish","4":"has-post-thumbnail","6":"product_cat-meditation-yoga","7":"product_cat-geburt-taufe-konf","8":"product_tag-topas","10":"first","11":"instock","12":"shipping-taxable","13":"purchasable","14":"product-type-variable","15":"has-default-attributes"},"jetpack_sharing_enabled":true,"_links":{"self":[{"href":"https:\/\/www.benevolenti.com\/de\/wp-json\/wp\/v2\/product\/14237","targetHints":{"allow":["GET"]}}],"collection":[{"href":"https:\/\/www.benevolenti.com\/de\/wp-json\/wp\/v2\/product"}],"about":[{"href":"https:\/\/www.benevolenti.com\/de\/wp-json\/wp\/v2\/types\/product"}],"replies":[{"embeddable":true,"href":"https:\/\/www.benevolenti.com\/de\/wp-json\/wp\/v2\/comments?post=14237"}],"wp:featuredmedia":[{"embeddable":true,"href":"https:\/\/www.benevolenti.com\/de\/wp-json\/wp\/v2\/media\/14236"}],"wp:attachment":[{"href":"https:\/\/www.benevolenti.com\/de\/wp-json\/wp\/v2\/media?parent=14237"}],"wp:term":[{"taxonomy":"product_brand","embeddable":true,"href":"https:\/\/www.benevolenti.com\/de\/wp-json\/wp\/v2\/product_brand?post=14237"},{"taxonomy":"product_cat","embeddable":true,"href":"https:\/\/www.benevolenti.com\/de\/wp-json\/wp\/v2\/product_cat?post=14237"},{"taxonomy":"product_tag","embeddable":true,"href":"https:\/\/www.benevolenti.com\/de\/wp-json\/wp\/v2\/product_tag?post=14237"}],"curies":[{"name":"wp","href":"https:\/\/api.w.org\/{rel}","templated":true}]}}