{"id":14201,"date":"2018-10-17T02:06:23","date_gmt":"2018-10-17T00:06:23","guid":{"rendered":"https:\/\/www.benevolenti.com\/?post_type=product&#038;p=14201"},"modified":"2024-10-14T13:20:41","modified_gmt":"2024-10-14T11:20:41","slug":"symbolkette-friede","status":"publish","type":"product","link":"https:\/\/www.benevolenti.com\/de\/produkt\/symbolkette-friede\/","title":{"rendered":"WUNSCHKETTE Friede"},"content":{"rendered":"<p>Eine Taube als Symbol f\u00fcr Frieden.<br \/>\nKombiniert mit einem Amethyst, der inneren Frieden f\u00f6rdert.<\/p>\n<p>(Vergoldetes) 925 Silber.<br \/>\nNaturbelassener Amethyst.<br \/>\nL\u00e4nge Halskette 40 cm.<\/p>\n<p>Gerne auch mit pers\u00f6nlicher Widmung und anderer L\u00e4nge.<br \/>\nEinfach beim Checkout angeben.<\/p>\n","protected":false},"excerpt":{"rendered":"<p>Eine Taube als Symbol f\u00fcr Frieden. Kombiniert mit einem Amethyst, der inneren Frieden f\u00f6rdert. (Vergoldetes) 925 Silber. Naturbelassener Amethyst. L\u00e4nge Halskette 40 cm. Gerne auch mit pers\u00f6nlicher Widmung und anderer L\u00e4nge. Einfach beim Checkout angeben.<\/p>\n","protected":false},"featured_media":13834,"comment_status":"closed","ping_status":"closed","template":"","meta":[],"product_brand":[],"product_cat":[707,593,650],"product_tag":[448],"class_list":{"0":"post-14201","1":"product","2":"type-product","3":"status-publish","4":"has-post-thumbnail","6":"product_cat-freude-zufriedenheit","7":"product_cat-lernen-konzentration","8":"product_cat-geburt-taufe-konf","9":"product_tag-amethyst","11":"first","12":"instock","13":"shipping-taxable","14":"purchasable","15":"product-type-variable","16":"has-default-attributes"},"jetpack_sharing_enabled":true,"_links":{"self":[{"href":"https:\/\/www.benevolenti.com\/de\/wp-json\/wp\/v2\/product\/14201","targetHints":{"allow":["GET"]}}],"collection":[{"href":"https:\/\/www.benevolenti.com\/de\/wp-json\/wp\/v2\/product"}],"about":[{"href":"https:\/\/www.benevolenti.com\/de\/wp-json\/wp\/v2\/types\/product"}],"replies":[{"embeddable":true,"href":"https:\/\/www.benevolenti.com\/de\/wp-json\/wp\/v2\/comments?post=14201"}],"wp:featuredmedia":[{"embeddable":true,"href":"https:\/\/www.benevolenti.com\/de\/wp-json\/wp\/v2\/media\/13834"}],"wp:attachment":[{"href":"https:\/\/www.benevolenti.com\/de\/wp-json\/wp\/v2\/media?parent=14201"}],"wp:term":[{"taxonomy":"product_brand","embeddable":true,"href":"https:\/\/www.benevolenti.com\/de\/wp-json\/wp\/v2\/product_brand?post=14201"},{"taxonomy":"product_cat","embeddable":true,"href":"https:\/\/www.benevolenti.com\/de\/wp-json\/wp\/v2\/product_cat?post=14201"},{"taxonomy":"product_tag","embeddable":true,"href":"https:\/\/www.benevolenti.com\/de\/wp-json\/wp\/v2\/product_tag?post=14201"}],"curies":[{"name":"wp","href":"https:\/\/api.w.org\/{rel}","templated":true}]}}