{"id":14198,"date":"2018-10-17T02:00:33","date_gmt":"2018-10-17T00:00:33","guid":{"rendered":"https:\/\/www.benevolenti.com\/?post_type=product&#038;p=14198"},"modified":"2018-10-23T17:17:11","modified_gmt":"2018-10-23T15:17:11","slug":"symbolkette-engel","status":"publish","type":"product","link":"https:\/\/www.benevolenti.com\/de\/produkt\/symbolkette-engel\/","title":{"rendered":"WUNSCHKETTE Engel"},"content":{"rendered":"<p>Ein Engel-Fl\u00fcgeli kombiniert mit dem Schutzstein Muskovit.<br \/>\nDas Wunscharmband f\u00fcr das G\u00f6ttikind.<br \/>\nDas Abschiedsgeschenk f\u00fcr die Freundin, die auf Weltreise geht.<br \/>\nOder ein treuer Begleiter f\u00fcr herausfordernde Zeiten.<\/p>\n<p>(Vergoldetes) 925 Silber.<br \/>\nNaturbelassener Muskovit.<br \/>\nL\u00e4nge Halskette 40 cm.<\/p>\n<p>Gerne auch mit pers\u00f6nlicher Widmung und anderer L\u00e4nge.<br \/>\nEinfach beim Checkout angeben.<\/p>\n<p>&nbsp;<\/p>\n","protected":false},"excerpt":{"rendered":"<p>Ein Engel-Fl\u00fcgeli kombiniert mit dem Schutzstein Muskovit. Das Wunscharmband f\u00fcr das G\u00f6ttikind. Das Abschiedsgeschenk f\u00fcr die Freundin, die auf Weltreise geht. Oder ein treuer Begleiter f\u00fcr herausfordernde Zeiten. (Vergoldetes) 925 Silber. Naturbelassener Muskovit. L\u00e4nge Halskette 40 cm. Gerne auch mit pers\u00f6nlicher Widmung und anderer L\u00e4nge. Einfach beim Checkout angeben. &nbsp;<\/p>\n","protected":false},"featured_media":13874,"comment_status":"closed","ping_status":"closed","template":"","meta":[],"product_brand":[],"product_cat":[589,646],"product_tag":[605],"class_list":{"0":"post-14198","1":"product","2":"type-product","3":"status-publish","4":"has-post-thumbnail","6":"product_cat-schutz","7":"product_cat-abschiedsgeschenk","8":"product_tag-muskovit","10":"first","11":"instock","12":"shipping-taxable","13":"purchasable","14":"product-type-variable","15":"has-default-attributes"},"jetpack_sharing_enabled":true,"_links":{"self":[{"href":"https:\/\/www.benevolenti.com\/de\/wp-json\/wp\/v2\/product\/14198","targetHints":{"allow":["GET"]}}],"collection":[{"href":"https:\/\/www.benevolenti.com\/de\/wp-json\/wp\/v2\/product"}],"about":[{"href":"https:\/\/www.benevolenti.com\/de\/wp-json\/wp\/v2\/types\/product"}],"replies":[{"embeddable":true,"href":"https:\/\/www.benevolenti.com\/de\/wp-json\/wp\/v2\/comments?post=14198"}],"wp:featuredmedia":[{"embeddable":true,"href":"https:\/\/www.benevolenti.com\/de\/wp-json\/wp\/v2\/media\/13874"}],"wp:attachment":[{"href":"https:\/\/www.benevolenti.com\/de\/wp-json\/wp\/v2\/media?parent=14198"}],"wp:term":[{"taxonomy":"product_brand","embeddable":true,"href":"https:\/\/www.benevolenti.com\/de\/wp-json\/wp\/v2\/product_brand?post=14198"},{"taxonomy":"product_cat","embeddable":true,"href":"https:\/\/www.benevolenti.com\/de\/wp-json\/wp\/v2\/product_cat?post=14198"},{"taxonomy":"product_tag","embeddable":true,"href":"https:\/\/www.benevolenti.com\/de\/wp-json\/wp\/v2\/product_tag?post=14198"}],"curies":[{"name":"wp","href":"https:\/\/api.w.org\/{rel}","templated":true}]}}