{"id":14191,"date":"2018-10-17T01:50:46","date_gmt":"2018-10-16T23:50:46","guid":{"rendered":"https:\/\/www.benevolenti.com\/?post_type=product&#038;p=14191"},"modified":"2024-11-10T12:38:13","modified_gmt":"2024-11-10T11:38:13","slug":"symbolkette-schutz","status":"publish","type":"product","link":"https:\/\/www.benevolenti.com\/de\/produkt\/symbolkette-schutz\/","title":{"rendered":"WUNSCHKETTE Schutz"},"content":{"rendered":"<p>Die Hand der Fatima oder Hamsa Hand ist ein traditionelles Schutzsymbol.<br \/>\nDer T\u00fcrkis ist ein starker Schutzstein.<br \/>\nOb f\u00fcr den Schulanfang, die Weltreise oder den Auszug der Kinder &#8211; ein starkes Geschenk.<\/p>\n<p>(Vergoldetes) 925 Silber.<br \/>\nNaturbelassener T\u00fcrkis oder andere Schutzsteine gem\u00e4ss Auswahl.<br \/>\nL\u00e4nge Halskette 40 cm.<\/p>\n<p>Gerne auch mit pers\u00f6nlicher Widmung und anderer L\u00e4nge.<br \/>\nEinfach beim Checkout angeben.<\/p>\n<p>&nbsp;<\/p>\n","protected":false},"excerpt":{"rendered":"<p>Die Hand der Fatima oder Hamsa Hand ist ein traditionelles Schutzsymbol. Der T\u00fcrkis ist ein starker Schutzstein. Ob f\u00fcr den Schulanfang, die Weltreise oder den Auszug der Kinder &#8211; ein starkes Geschenk. (Vergoldetes) 925 Silber. Naturbelassener T\u00fcrkis oder andere Schutzsteine gem\u00e4ss Auswahl. L\u00e4nge Halskette 40 cm. Gerne auch mit pers\u00f6nlicher&#8230; <a class=\"more-link\" href=\"https:\/\/www.benevolenti.com\/de\/produkt\/symbolkette-schutz\/\">Mehr<\/a><\/p>\n","protected":false},"featured_media":13893,"comment_status":"closed","ping_status":"closed","template":"","meta":[],"product_brand":[],"product_cat":[742,589,650],"product_tag":[245,605,604,671],"class_list":{"0":"post-14191","1":"product","2":"type-product","3":"status-publish","4":"has-post-thumbnail","6":"product_cat-kinderhals-2","7":"product_cat-schutz","8":"product_cat-geburt-taufe-konf","9":"product_tag-jade-de","10":"product_tag-muskovit","11":"product_tag-schwarzer-turmalin","12":"product_tag-tuerkis","14":"first","15":"instock","16":"shipping-taxable","17":"purchasable","18":"product-type-variable","19":"has-default-attributes"},"jetpack_sharing_enabled":true,"_links":{"self":[{"href":"https:\/\/www.benevolenti.com\/de\/wp-json\/wp\/v2\/product\/14191","targetHints":{"allow":["GET"]}}],"collection":[{"href":"https:\/\/www.benevolenti.com\/de\/wp-json\/wp\/v2\/product"}],"about":[{"href":"https:\/\/www.benevolenti.com\/de\/wp-json\/wp\/v2\/types\/product"}],"replies":[{"embeddable":true,"href":"https:\/\/www.benevolenti.com\/de\/wp-json\/wp\/v2\/comments?post=14191"}],"wp:featuredmedia":[{"embeddable":true,"href":"https:\/\/www.benevolenti.com\/de\/wp-json\/wp\/v2\/media\/13893"}],"wp:attachment":[{"href":"https:\/\/www.benevolenti.com\/de\/wp-json\/wp\/v2\/media?parent=14191"}],"wp:term":[{"taxonomy":"product_brand","embeddable":true,"href":"https:\/\/www.benevolenti.com\/de\/wp-json\/wp\/v2\/product_brand?post=14191"},{"taxonomy":"product_cat","embeddable":true,"href":"https:\/\/www.benevolenti.com\/de\/wp-json\/wp\/v2\/product_cat?post=14191"},{"taxonomy":"product_tag","embeddable":true,"href":"https:\/\/www.benevolenti.com\/de\/wp-json\/wp\/v2\/product_tag?post=14191"}],"curies":[{"name":"wp","href":"https:\/\/api.w.org\/{rel}","templated":true}]}}