{"id":14187,"date":"2018-10-17T01:34:51","date_gmt":"2018-10-16T23:34:51","guid":{"rendered":"https:\/\/www.benevolenti.com\/?post_type=product&#038;p=14187"},"modified":"2024-11-10T12:36:03","modified_gmt":"2024-11-10T11:36:03","slug":"symbolkette-selbstbewusstsein","status":"publish","type":"product","link":"https:\/\/www.benevolenti.com\/de\/produkt\/symbolkette-selbstbewusstsein\/","title":{"rendered":"WUNSCHKETTE Selbstbewusstsein"},"content":{"rendered":"<p>Blitz und Onyx &#8211; ein starkes Duo.<br \/>\nF\u00fcr die beste, coolste Freundin.<br \/>\nOder Dich ganz allein.<\/p>\n<p>(Vergoldetes) 925 Silber.<br \/>\nFacettierter Onyx.<br \/>\nL\u00e4nge Halskette 40 cm.<\/p>\n<p>Gerne auch mit pers\u00f6nlicher Widmung und anderer L\u00e4nge.<br \/>\nEinfach beim Checkout angeben.<\/p>\n<p>&nbsp;<\/p>\n","protected":false},"excerpt":{"rendered":"<p>Blitz und Onyx &#8211; ein starkes Duo. F\u00fcr die beste, coolste Freundin. Oder Dich ganz allein. (Vergoldetes) 925 Silber. Facettierter Onyx. L\u00e4nge Halskette 40 cm. Gerne auch mit pers\u00f6nlicher Widmung und anderer L\u00e4nge. Einfach beim Checkout angeben. &nbsp;<\/p>\n","protected":false},"featured_media":18356,"comment_status":"closed","ping_status":"closed","template":"","meta":[],"product_brand":[],"product_cat":[742,594],"product_tag":[611],"class_list":{"0":"post-14187","1":"product","2":"type-product","3":"status-publish","4":"has-post-thumbnail","6":"product_cat-kinderhals-2","7":"product_cat-erfolg-selbstvertrauen","8":"product_tag-onyx","10":"first","11":"instock","12":"shipping-taxable","13":"purchasable","14":"product-type-variable","15":"has-default-attributes"},"jetpack_sharing_enabled":true,"_links":{"self":[{"href":"https:\/\/www.benevolenti.com\/de\/wp-json\/wp\/v2\/product\/14187","targetHints":{"allow":["GET"]}}],"collection":[{"href":"https:\/\/www.benevolenti.com\/de\/wp-json\/wp\/v2\/product"}],"about":[{"href":"https:\/\/www.benevolenti.com\/de\/wp-json\/wp\/v2\/types\/product"}],"replies":[{"embeddable":true,"href":"https:\/\/www.benevolenti.com\/de\/wp-json\/wp\/v2\/comments?post=14187"}],"wp:featuredmedia":[{"embeddable":true,"href":"https:\/\/www.benevolenti.com\/de\/wp-json\/wp\/v2\/media\/18356"}],"wp:attachment":[{"href":"https:\/\/www.benevolenti.com\/de\/wp-json\/wp\/v2\/media?parent=14187"}],"wp:term":[{"taxonomy":"product_brand","embeddable":true,"href":"https:\/\/www.benevolenti.com\/de\/wp-json\/wp\/v2\/product_brand?post=14187"},{"taxonomy":"product_cat","embeddable":true,"href":"https:\/\/www.benevolenti.com\/de\/wp-json\/wp\/v2\/product_cat?post=14187"},{"taxonomy":"product_tag","embeddable":true,"href":"https:\/\/www.benevolenti.com\/de\/wp-json\/wp\/v2\/product_tag?post=14187"}],"curies":[{"name":"wp","href":"https:\/\/api.w.org\/{rel}","templated":true}]}}