{"id":14184,"date":"2018-10-17T01:26:58","date_gmt":"2018-10-16T23:26:58","guid":{"rendered":"https:\/\/www.benevolenti.com\/?post_type=product&#038;p=14184"},"modified":"2024-11-10T12:36:11","modified_gmt":"2024-11-10T11:36:11","slug":"symbolkette-liebe","status":"publish","type":"product","link":"https:\/\/www.benevolenti.com\/de\/produkt\/symbolkette-liebe\/","title":{"rendered":"WUNSCHKETTE Liebe"},"content":{"rendered":"<p>Ein kleines Herz begleitet von einem Rosenquarz.<br \/>\nAls Aufmunterung und Erinnerung das zu machen, was man liebt.<br \/>\nUnd dranzubleiben.<\/p>\n<p>(Vergoldetes) 925 Silber.<br \/>\nNaturbelassener Rosenquarz.<br \/>\nL\u00e4nge Halskette 40 cm.<\/p>\n<p>Gerne auch mit pers\u00f6nlicher Widmung und anderer L\u00e4nge.<br \/>\nEinfach beim Checkout angeben.<\/p>\n","protected":false},"excerpt":{"rendered":"<p>Ein kleines Herz begleitet von einem Rosenquarz. Als Aufmunterung und Erinnerung das zu machen, was man liebt. Und dranzubleiben. (Vergoldetes) 925 Silber. Naturbelassener Rosenquarz. L\u00e4nge Halskette 40 cm. Gerne auch mit pers\u00f6nlicher Widmung und anderer L\u00e4nge. Einfach beim Checkout angeben.<\/p>\n","protected":false},"featured_media":13898,"comment_status":"closed","ping_status":"closed","template":"","meta":[],"product_brand":[],"product_cat":[708,650],"product_tag":[610],"class_list":{"0":"post-14184","1":"product","2":"type-product","3":"status-publish","4":"has-post-thumbnail","6":"product_cat-weihnachten-2","7":"product_cat-geburt-taufe-konf","8":"product_tag-rosenquarz","10":"first","11":"instock","12":"shipping-taxable","13":"purchasable","14":"product-type-variable","15":"has-default-attributes"},"jetpack_sharing_enabled":true,"_links":{"self":[{"href":"https:\/\/www.benevolenti.com\/de\/wp-json\/wp\/v2\/product\/14184","targetHints":{"allow":["GET"]}}],"collection":[{"href":"https:\/\/www.benevolenti.com\/de\/wp-json\/wp\/v2\/product"}],"about":[{"href":"https:\/\/www.benevolenti.com\/de\/wp-json\/wp\/v2\/types\/product"}],"replies":[{"embeddable":true,"href":"https:\/\/www.benevolenti.com\/de\/wp-json\/wp\/v2\/comments?post=14184"}],"wp:featuredmedia":[{"embeddable":true,"href":"https:\/\/www.benevolenti.com\/de\/wp-json\/wp\/v2\/media\/13898"}],"wp:attachment":[{"href":"https:\/\/www.benevolenti.com\/de\/wp-json\/wp\/v2\/media?parent=14184"}],"wp:term":[{"taxonomy":"product_brand","embeddable":true,"href":"https:\/\/www.benevolenti.com\/de\/wp-json\/wp\/v2\/product_brand?post=14184"},{"taxonomy":"product_cat","embeddable":true,"href":"https:\/\/www.benevolenti.com\/de\/wp-json\/wp\/v2\/product_cat?post=14184"},{"taxonomy":"product_tag","embeddable":true,"href":"https:\/\/www.benevolenti.com\/de\/wp-json\/wp\/v2\/product_tag?post=14184"}],"curies":[{"name":"wp","href":"https:\/\/api.w.org\/{rel}","templated":true}]}}