{"id":14181,"date":"2018-10-16T19:58:36","date_gmt":"2018-10-16T17:58:36","guid":{"rendered":"https:\/\/www.benevolenti.com\/?post_type=product&#038;p=14181"},"modified":"2020-02-02T12:20:33","modified_gmt":"2020-02-02T11:20:33","slug":"symbolkette-amor","status":"publish","type":"product","link":"https:\/\/www.benevolenti.com\/de\/produkt\/symbolkette-amor\/","title":{"rendered":"WUNSCHKETTE Amor"},"content":{"rendered":"<p>Ein kleiner Pfeil begleitet von einem Citrin in funkelndem Tropfenschliff.<\/p>\n<p>(Vergoldetes) 925 Silber.<br \/>\nFacettierter, tropfenf\u00f6rmiger Citrin.<br \/>\nL\u00e4nge Halskette 40 cm.<\/p>\n<p>Gerne auch mit pers\u00f6nlicher Widmung und anderer L\u00e4nge.<br \/>\nEinfach beim Checkout angeben.<\/p>\n<p>&nbsp;<\/p>\n","protected":false},"excerpt":{"rendered":"<p>Ein kleiner Pfeil begleitet von einem Citrin in funkelndem Tropfenschliff. (Vergoldetes) 925 Silber. Facettierter, tropfenf\u00f6rmiger Citrin. L\u00e4nge Halskette 40 cm. Gerne auch mit pers\u00f6nlicher Widmung und anderer L\u00e4nge. Einfach beim Checkout angeben. &nbsp;<\/p>\n","protected":false},"featured_media":13841,"comment_status":"closed","ping_status":"closed","template":"","meta":[],"product_brand":[],"product_cat":[708,588],"product_tag":[601],"class_list":{"0":"post-14181","1":"product","2":"type-product","3":"status-publish","4":"has-post-thumbnail","6":"product_cat-weihnachten-2","7":"product_cat-liebe-glueck","8":"product_tag-citrin","10":"first","11":"instock","12":"shipping-taxable","13":"purchasable","14":"product-type-variable","15":"has-default-attributes"},"jetpack_sharing_enabled":true,"_links":{"self":[{"href":"https:\/\/www.benevolenti.com\/de\/wp-json\/wp\/v2\/product\/14181","targetHints":{"allow":["GET"]}}],"collection":[{"href":"https:\/\/www.benevolenti.com\/de\/wp-json\/wp\/v2\/product"}],"about":[{"href":"https:\/\/www.benevolenti.com\/de\/wp-json\/wp\/v2\/types\/product"}],"replies":[{"embeddable":true,"href":"https:\/\/www.benevolenti.com\/de\/wp-json\/wp\/v2\/comments?post=14181"}],"wp:featuredmedia":[{"embeddable":true,"href":"https:\/\/www.benevolenti.com\/de\/wp-json\/wp\/v2\/media\/13841"}],"wp:attachment":[{"href":"https:\/\/www.benevolenti.com\/de\/wp-json\/wp\/v2\/media?parent=14181"}],"wp:term":[{"taxonomy":"product_brand","embeddable":true,"href":"https:\/\/www.benevolenti.com\/de\/wp-json\/wp\/v2\/product_brand?post=14181"},{"taxonomy":"product_cat","embeddable":true,"href":"https:\/\/www.benevolenti.com\/de\/wp-json\/wp\/v2\/product_cat?post=14181"},{"taxonomy":"product_tag","embeddable":true,"href":"https:\/\/www.benevolenti.com\/de\/wp-json\/wp\/v2\/product_tag?post=14181"}],"curies":[{"name":"wp","href":"https:\/\/api.w.org\/{rel}","templated":true}]}}