{"id":14167,"date":"2023-10-16T19:04:18","date_gmt":"2023-10-16T17:04:18","guid":{"rendered":"https:\/\/www.benevolenti.com\/?post_type=product&#038;p=14167"},"modified":"2024-11-10T12:30:10","modified_gmt":"2024-11-10T11:30:10","slug":"wunscharmband-engel","status":"publish","type":"product","link":"https:\/\/www.benevolenti.com\/de\/produkt\/wunscharmband-engel\/","title":{"rendered":"WUNSCH ARMBAND Engel"},"content":{"rendered":"<p>Ein Engel-Fl\u00fcgel kombiniert mit den Schutzsteinen Muskovit, schwarzer Turmalin oder T\u00fcrkis. Der Schutz f\u00fcrs Handgelenk.<\/p>\n<p>F\u00fcrs G\u00f6ttikind, die Weltreise oder\u00a0ein treuer Begleiter f\u00fcr herausfordernde Zeiten.<\/p>\n<p>100% Naturseide.<br \/>\n(Vergoldetes) 925 Silber.<br \/>\nNaturbelassener Edelsteine.<\/p>\n","protected":false},"excerpt":{"rendered":"<p>Ein Engel-Fl\u00fcgel kombiniert mit den Schutzsteinen Muskovit, schwarzer Turmalin oder T\u00fcrkis. Der Schutz f\u00fcrs Handgelenk. F\u00fcrs G\u00f6ttikind, die Weltreise oder\u00a0ein treuer Begleiter f\u00fcr herausfordernde Zeiten. 100% Naturseide. (Vergoldetes) 925 Silber. Naturbelassener Edelsteine.<\/p>\n","protected":false},"featured_media":20362,"comment_status":"open","ping_status":"closed","template":"","meta":[],"product_brand":[],"product_cat":[741,589,336,642,650],"product_tag":[605,604,671],"class_list":{"0":"post-14167","1":"product","2":"type-product","3":"status-publish","4":"has-post-thumbnail","6":"product_cat-kinderarm","7":"product_cat-schutz","8":"product_cat-seide","9":"product_cat-mitbringsel","10":"product_cat-geburt-taufe-konf","11":"product_tag-muskovit","12":"product_tag-schwarzer-turmalin","13":"product_tag-tuerkis","15":"first","16":"instock","17":"shipping-taxable","18":"purchasable","19":"product-type-variable"},"jetpack_sharing_enabled":true,"_links":{"self":[{"href":"https:\/\/www.benevolenti.com\/de\/wp-json\/wp\/v2\/product\/14167","targetHints":{"allow":["GET"]}}],"collection":[{"href":"https:\/\/www.benevolenti.com\/de\/wp-json\/wp\/v2\/product"}],"about":[{"href":"https:\/\/www.benevolenti.com\/de\/wp-json\/wp\/v2\/types\/product"}],"replies":[{"embeddable":true,"href":"https:\/\/www.benevolenti.com\/de\/wp-json\/wp\/v2\/comments?post=14167"}],"wp:featuredmedia":[{"embeddable":true,"href":"https:\/\/www.benevolenti.com\/de\/wp-json\/wp\/v2\/media\/20362"}],"wp:attachment":[{"href":"https:\/\/www.benevolenti.com\/de\/wp-json\/wp\/v2\/media?parent=14167"}],"wp:term":[{"taxonomy":"product_brand","embeddable":true,"href":"https:\/\/www.benevolenti.com\/de\/wp-json\/wp\/v2\/product_brand?post=14167"},{"taxonomy":"product_cat","embeddable":true,"href":"https:\/\/www.benevolenti.com\/de\/wp-json\/wp\/v2\/product_cat?post=14167"},{"taxonomy":"product_tag","embeddable":true,"href":"https:\/\/www.benevolenti.com\/de\/wp-json\/wp\/v2\/product_tag?post=14167"}],"curies":[{"name":"wp","href":"https:\/\/api.w.org\/{rel}","templated":true}]}}