{"id":14050,"date":"2018-10-14T22:42:22","date_gmt":"2018-10-14T20:42:22","guid":{"rendered":"https:\/\/www.benevolenti.com\/?post_type=product&#038;p=14050"},"modified":"2024-10-14T13:59:55","modified_gmt":"2024-10-14T11:59:55","slug":"fusskette-aquamarin","status":"publish","type":"product","link":"https:\/\/www.benevolenti.com\/de\/produkt\/fusskette-aquamarin\/","title":{"rendered":"FUSSKETTE Aquamarin"},"content":{"rendered":"<p>Fusskette mit Aquamarin und Silberk\u00fcgelchen.<\/p>\n<p>(vergoldetes) 925 Silber und nat\u00fcrliche, rundgeschliffene Aquamarine.<br \/>\nL\u00e4nge anpassbar.<\/p>\n<p>Beim Auschecken bitte pers\u00f6nlichen Wunsch und\/oder Name angeben. Ich schreibe alle Karten auf Bestellung von Hand.<\/p>\n","protected":false},"excerpt":{"rendered":"<p>Fusskette mit Aquamarin und Silberk\u00fcgelchen. (vergoldetes) 925 Silber und nat\u00fcrliche, rundgeschliffene Aquamarine. L\u00e4nge anpassbar. Beim Auschecken bitte pers\u00f6nlichen Wunsch und\/oder Name angeben. Ich schreibe alle Karten auf Bestellung von Hand.<\/p>\n","protected":false},"featured_media":10942,"comment_status":"open","ping_status":"closed","template":"","meta":[],"product_brand":[],"product_cat":[232,739],"product_tag":[609],"class_list":{"0":"post-14050","1":"product","2":"type-product","3":"status-publish","4":"has-post-thumbnail","6":"product_cat-fuss","7":"product_cat-fussketten","8":"product_tag-aquamarin","10":"first","11":"instock","12":"shipping-taxable","13":"purchasable","14":"product-type-variable"},"jetpack_sharing_enabled":true,"_links":{"self":[{"href":"https:\/\/www.benevolenti.com\/de\/wp-json\/wp\/v2\/product\/14050","targetHints":{"allow":["GET"]}}],"collection":[{"href":"https:\/\/www.benevolenti.com\/de\/wp-json\/wp\/v2\/product"}],"about":[{"href":"https:\/\/www.benevolenti.com\/de\/wp-json\/wp\/v2\/types\/product"}],"replies":[{"embeddable":true,"href":"https:\/\/www.benevolenti.com\/de\/wp-json\/wp\/v2\/comments?post=14050"}],"wp:featuredmedia":[{"embeddable":true,"href":"https:\/\/www.benevolenti.com\/de\/wp-json\/wp\/v2\/media\/10942"}],"wp:attachment":[{"href":"https:\/\/www.benevolenti.com\/de\/wp-json\/wp\/v2\/media?parent=14050"}],"wp:term":[{"taxonomy":"product_brand","embeddable":true,"href":"https:\/\/www.benevolenti.com\/de\/wp-json\/wp\/v2\/product_brand?post=14050"},{"taxonomy":"product_cat","embeddable":true,"href":"https:\/\/www.benevolenti.com\/de\/wp-json\/wp\/v2\/product_cat?post=14050"},{"taxonomy":"product_tag","embeddable":true,"href":"https:\/\/www.benevolenti.com\/de\/wp-json\/wp\/v2\/product_tag?post=14050"}],"curies":[{"name":"wp","href":"https:\/\/api.w.org\/{rel}","templated":true}]}}