{"id":13869,"date":"2018-10-12T10:56:41","date_gmt":"2018-10-12T08:56:41","guid":{"rendered":"https:\/\/www.benevolenti.com\/?post_type=product&#038;p=13869"},"modified":"2018-10-23T17:21:16","modified_gmt":"2018-10-23T15:21:16","slug":"wunschkette-gesundheit","status":"publish","type":"product","link":"https:\/\/www.benevolenti.com\/de\/produkt\/wunschkette-gesundheit\/","title":{"rendered":"WUNSCHKETTE Gesundheit"},"content":{"rendered":"<p>Eine wundersch\u00f6ne Kombination: Heliotrop ist einer der wichtigsten Gesundheitssteine, die Schildkr\u00f6te ist ein Symbol f\u00fcr Gl\u00fcck und langes Leben.<\/p>\n<p>Perfekt f\u00fcr den Alltag, damit die Gesundheit immer gut bleibt &#8211; oder wieder zur\u00fcck kommt.<\/p>\n<p>925 Silber.<br \/>\nNaturbelassener Heliotrop:<br \/>\nKettenl\u00e4nge 40cm.<\/p>\n","protected":false},"excerpt":{"rendered":"<p>Eine wundersch\u00f6ne Kombination: Heliotrop ist einer der wichtigsten Gesundheitssteine, die Schildkr\u00f6te ist ein Symbol f\u00fcr Gl\u00fcck und langes Leben. Perfekt f\u00fcr den Alltag, damit die Gesundheit immer gut bleibt &#8211; oder wieder zur\u00fcck kommt. 925 Silber. Naturbelassener Heliotrop: Kettenl\u00e4nge 40cm.<\/p>\n","protected":false},"featured_media":13847,"comment_status":"open","ping_status":"closed","template":"","meta":[],"product_brand":[],"product_cat":[591],"product_tag":[602],"class_list":{"0":"post-13869","1":"product","2":"type-product","3":"status-publish","4":"has-post-thumbnail","6":"product_cat-gesundheit-vitalitaet","7":"product_tag-heliotrop","9":"first","10":"instock","11":"shipping-taxable","12":"purchasable","13":"product-type-variable"},"jetpack_sharing_enabled":true,"_links":{"self":[{"href":"https:\/\/www.benevolenti.com\/de\/wp-json\/wp\/v2\/product\/13869","targetHints":{"allow":["GET"]}}],"collection":[{"href":"https:\/\/www.benevolenti.com\/de\/wp-json\/wp\/v2\/product"}],"about":[{"href":"https:\/\/www.benevolenti.com\/de\/wp-json\/wp\/v2\/types\/product"}],"replies":[{"embeddable":true,"href":"https:\/\/www.benevolenti.com\/de\/wp-json\/wp\/v2\/comments?post=13869"}],"wp:featuredmedia":[{"embeddable":true,"href":"https:\/\/www.benevolenti.com\/de\/wp-json\/wp\/v2\/media\/13847"}],"wp:attachment":[{"href":"https:\/\/www.benevolenti.com\/de\/wp-json\/wp\/v2\/media?parent=13869"}],"wp:term":[{"taxonomy":"product_brand","embeddable":true,"href":"https:\/\/www.benevolenti.com\/de\/wp-json\/wp\/v2\/product_brand?post=13869"},{"taxonomy":"product_cat","embeddable":true,"href":"https:\/\/www.benevolenti.com\/de\/wp-json\/wp\/v2\/product_cat?post=13869"},{"taxonomy":"product_tag","embeddable":true,"href":"https:\/\/www.benevolenti.com\/de\/wp-json\/wp\/v2\/product_tag?post=13869"}],"curies":[{"name":"wp","href":"https:\/\/api.w.org\/{rel}","templated":true}]}}