{"id":13741,"date":"2023-01-20T07:51:58","date_gmt":"2023-01-20T06:51:58","guid":{"rendered":"https:\/\/www.benevolenti.com\/?post_type=product&#038;p=13741"},"modified":"2023-08-30T20:40:07","modified_gmt":"2023-08-30T18:40:07","slug":"5050-bracelet","status":"publish","type":"product","link":"https:\/\/www.benevolenti.com\/de\/produkt\/5050-bracelet\/","title":{"rendered":"5050 Bracelet"},"content":{"rendered":"<p style=\"text-align: left;\">Halb (vergoldetes) Sterlingsilber\/halb Edelsteine, also 50\/50, ist das Rezept f\u00fcr dieses Armband.<\/p>\n<p>Meine Freundin Doris tr\u00e4gt schon jahrelang ein solches Armband, jetzt ist es Zeit, dieses Geheimnis zu l\u00fcften und die Freude daran weiterzugeben!<\/p>\n<p>Die Edelsteine habe ich in Frankreich an einer internationalen Mineralienausstellung f\u00fcr Euch gefunden. Aufgrund ihres facettierten Schliffs funkeln diese Edelsteine ganz besonders in ihrer nat\u00fcrlichen Farbe. Das Armband ist sehr hochwertig, eignet sich aber wunderbar wegen seiner Feinheit und gleichzeitigen Stabilit\u00e4t, t\u00e4glich getragen zu werden &#8211; f\u00fcr Jahre.<\/p>\n<p>Auswahl der Steine:<\/p>\n<p>Citrin * gelb<br \/>\nH\u00e4matit * metallisch schwarz<br \/>\nPyrit * gold<br \/>\nObsidian * schwarz<br \/>\nPrasiolith * hellgr\u00fcn<br \/>\nRauchquarz * braun<br \/>\nSaphir * dunkelblau<br \/>\nZirkon * weiss<br \/>\nZoisit * gr\u00fcn<\/p>\n<p>Umfang des Handgelenks<br \/>\n(zum Verschenken passt zu 95% die Gr\u00f6sse M):<br \/>\n14-15cm: XS<br \/>\n15-16cm: S<br \/>\n16-17cm: M<br \/>\n&gt;17cm: L<\/p>\n<p>&nbsp;<\/p>\n","protected":false},"excerpt":{"rendered":"<p>Halb (vergoldetes) Sterlingsilber\/halb Edelsteine, also 50\/50, ist das Rezept f\u00fcr dieses Armband. Meine Freundin Doris tr\u00e4gt schon jahrelang ein solches Armband, jetzt ist es Zeit, dieses Geheimnis zu l\u00fcften und die Freude daran weiterzugeben! Die Edelsteine habe ich in Frankreich an einer internationalen Mineralienausstellung f\u00fcr Euch gefunden. Aufgrund ihres facettierten&#8230; <a class=\"more-link\" href=\"https:\/\/www.benevolenti.com\/de\/produkt\/5050-bracelet\/\">Mehr<\/a><\/p>\n","protected":false},"featured_media":19502,"comment_status":"open","ping_status":"closed","template":"","meta":[],"product_brand":[],"product_cat":[335],"product_tag":[601,599,634,706,703,242,705,704],"class_list":{"0":"post-13741","1":"product","2":"type-product","3":"status-publish","4":"has-post-thumbnail","6":"product_cat-steine","7":"product_tag-citrin","8":"product_tag-granat","9":"product_tag-labradorit","10":"product_tag-obsidian","11":"product_tag-prasiolith","12":"product_tag-pyrit","13":"product_tag-zirkon","14":"product_tag-zoisit","16":"first","17":"instock","18":"shipping-taxable","19":"purchasable","20":"product-type-variable"},"jetpack_sharing_enabled":true,"_links":{"self":[{"href":"https:\/\/www.benevolenti.com\/de\/wp-json\/wp\/v2\/product\/13741","targetHints":{"allow":["GET"]}}],"collection":[{"href":"https:\/\/www.benevolenti.com\/de\/wp-json\/wp\/v2\/product"}],"about":[{"href":"https:\/\/www.benevolenti.com\/de\/wp-json\/wp\/v2\/types\/product"}],"replies":[{"embeddable":true,"href":"https:\/\/www.benevolenti.com\/de\/wp-json\/wp\/v2\/comments?post=13741"}],"wp:featuredmedia":[{"embeddable":true,"href":"https:\/\/www.benevolenti.com\/de\/wp-json\/wp\/v2\/media\/19502"}],"wp:attachment":[{"href":"https:\/\/www.benevolenti.com\/de\/wp-json\/wp\/v2\/media?parent=13741"}],"wp:term":[{"taxonomy":"product_brand","embeddable":true,"href":"https:\/\/www.benevolenti.com\/de\/wp-json\/wp\/v2\/product_brand?post=13741"},{"taxonomy":"product_cat","embeddable":true,"href":"https:\/\/www.benevolenti.com\/de\/wp-json\/wp\/v2\/product_cat?post=13741"},{"taxonomy":"product_tag","embeddable":true,"href":"https:\/\/www.benevolenti.com\/de\/wp-json\/wp\/v2\/product_tag?post=13741"}],"curies":[{"name":"wp","href":"https:\/\/api.w.org\/{rel}","templated":true}]}}