{"id":13584,"date":"2018-10-20T17:15:14","date_gmt":"2018-10-20T15:15:14","guid":{"rendered":"https:\/\/www.benevolenti.com\/?post_type=product&#038;p=13584"},"modified":"2020-10-14T01:06:54","modified_gmt":"2020-10-13T23:06:54","slug":"arm-maennersteine","status":"publish","type":"product","link":"https:\/\/www.benevolenti.com\/de\/produkt\/arm-maennersteine\/","title":{"rendered":"M\u00c4NNERSTEINE"},"content":{"rendered":"<p>Ein Steinarmband f\u00fcr den Mann.<br \/>\nPower am Handgelenk.<br \/>\nEine Sandelholz- (braun) oder Ebenholz-Perle (schwarz) erg\u00e4nzt die Steine.<\/p>\n<p>Im Baumwoll-Sachet, mit Wunschkarte und Steinbeschreibung.<\/p>\n<p>Folgende Steine und W\u00fcnsche stehen zur Auswahl:<br \/>\nBronzit \u2013 matt braun \u2013 Stay cool!<br \/>\nBronzit\u00a0\u2013 braun\u00a0\u2013 Stay cool!<br \/>\nJaspis &#8211; dunkelgrau mit braunrot &#8211; Never give up!<br \/>\nMookait \u2013 matt farbig \u2013 Stay strong and curious!<br \/>\nTurmalin \u2013 schwarz \u2013 Stay safe and sound!<br \/>\nTigerauge \u2013 gelb\u00a0\u2013 The EYE of the tiger<br \/>\nTigerauge matt &#8211; gelb &#8211; The EYE of the tiger<br \/>\nLava \u2013 schwarz\u00a0\u2013 Let&#8217;s do it!<br \/>\nObsidian &#8211; schwarz mit ganz wenig braun &#8211; Stay hot!<br \/>\nOzeanchalcedon\u00a0\u2013 farbig\u00a0\u2013 Stay healthy and positive!<br \/>\nLandschaftsjaspis\u00a0\u2013 braun\u00a0\u2013 Power of endurance<br \/>\nTuritellajaspis\u00a0\u2013 braun mit Urtier-Einschl\u00fcssen \u2013 Stay strong!<br \/>\nDumortierit \u2013 blau\u00a0\u2013 Take it easy!<br \/>\nVersteinertes Holz &#8211; matt grau &#8211; I am centered. I am strong.<\/p>\n<p>Auf dem einen Foto tr\u00e4gt Marcello Tigereisen und Tigerauge, auf dem anderen Pyrit, Onyx und matter Bronzit.<\/p>\n<p>Gerne auch mit pers\u00f6nlichem Wunsch oder in kleinerer Gr\u00f6sse, einfach beim Auschecken Notiz machen.<\/p>\n<p>L\u00e4nge Armband (falls Handgelenkmessung m\u00f6glich, gerne im Checkout-Feld angeben!):<br \/>\n20-21 cm: S<br \/>\n21-23 cm: M<br \/>\n23-25 cm: L<br \/>\n25-26 cm: XL<\/p>\n","protected":false},"excerpt":{"rendered":"<p>Ein Steinarmband f\u00fcr den Mann. Power am Handgelenk. Eine Sandelholz- (braun) oder Ebenholz-Perle (schwarz) erg\u00e4nzt die Steine. Im Baumwoll-Sachet, mit Wunschkarte und Steinbeschreibung. Folgende Steine und W\u00fcnsche stehen zur Auswahl: Bronzit \u2013 matt braun \u2013 Stay cool! Bronzit\u00a0\u2013 braun\u00a0\u2013 Stay cool! Jaspis &#8211; dunkelgrau mit braunrot &#8211; Never give up!&#8230; <a class=\"more-link\" href=\"https:\/\/www.benevolenti.com\/de\/produkt\/arm-maennersteine\/\">Mehr<\/a><\/p>\n","protected":false},"featured_media":13734,"comment_status":"open","ping_status":"closed","template":"","meta":[],"product_brand":[],"product_cat":[644,124],"product_tag":[452,621,711,700,454,706,701,604,699],"class_list":{"0":"post-13584","1":"product","2":"type-product","3":"status-publish","4":"has-post-thumbnail","6":"product_cat-geschenke-fuer-ihn","7":"product_cat-fur-ihn","8":"product_tag-bronzit","9":"product_tag-dumortierit","10":"product_tag-jaspis","11":"product_tag-lava","12":"product_tag-mookait","13":"product_tag-obsidian","14":"product_tag-ozeanchalcedon","15":"product_tag-schwarzer-turmalin","16":"product_tag-tigerauge","18":"first","19":"instock","20":"shipping-taxable","21":"purchasable","22":"product-type-variable"},"jetpack_sharing_enabled":true,"_links":{"self":[{"href":"https:\/\/www.benevolenti.com\/de\/wp-json\/wp\/v2\/product\/13584","targetHints":{"allow":["GET"]}}],"collection":[{"href":"https:\/\/www.benevolenti.com\/de\/wp-json\/wp\/v2\/product"}],"about":[{"href":"https:\/\/www.benevolenti.com\/de\/wp-json\/wp\/v2\/types\/product"}],"replies":[{"embeddable":true,"href":"https:\/\/www.benevolenti.com\/de\/wp-json\/wp\/v2\/comments?post=13584"}],"wp:featuredmedia":[{"embeddable":true,"href":"https:\/\/www.benevolenti.com\/de\/wp-json\/wp\/v2\/media\/13734"}],"wp:attachment":[{"href":"https:\/\/www.benevolenti.com\/de\/wp-json\/wp\/v2\/media?parent=13584"}],"wp:term":[{"taxonomy":"product_brand","embeddable":true,"href":"https:\/\/www.benevolenti.com\/de\/wp-json\/wp\/v2\/product_brand?post=13584"},{"taxonomy":"product_cat","embeddable":true,"href":"https:\/\/www.benevolenti.com\/de\/wp-json\/wp\/v2\/product_cat?post=13584"},{"taxonomy":"product_tag","embeddable":true,"href":"https:\/\/www.benevolenti.com\/de\/wp-json\/wp\/v2\/product_tag?post=13584"}],"curies":[{"name":"wp","href":"https:\/\/api.w.org\/{rel}","templated":true}]}}