{"id":13322,"date":"2018-09-18T09:26:23","date_gmt":"2018-09-18T07:26:23","guid":{"rendered":"https:\/\/www.benevolenti.com\/?post_type=product&#038;p=13322"},"modified":"2025-11-15T16:07:50","modified_gmt":"2025-11-15T15:07:50","slug":"silber-armband-tuerkis-fatimahand","status":"publish","type":"product","link":"https:\/\/www.benevolenti.com\/de\/produkt\/silber-armband-tuerkis-fatimahand\/","title":{"rendered":"ARMKETTE Sei besch\u00fctzt!"},"content":{"rendered":"<p>Schwarzer Turmalin und T\u00fcrkis sind bekannt f\u00fcr Ihre starke, sch\u00fctzende Kraft.<br \/>\nDie Hamsa-Hand oder Hand der Fatima ist ein traditionelles Schutzsymbol.<\/p>\n<p>925 Silber Armband.<br \/>\nHandgeschriebene und -gestempelte Karte.<br \/>\nGerne personalisiere ich den Wunsch auf dem K\u00e4rtchen.<\/p>\n","protected":false},"excerpt":{"rendered":"<p>Schwarzer Turmalin und T\u00fcrkis sind bekannt f\u00fcr Ihre starke, sch\u00fctzende Kraft. Die Hamsa-Hand oder Hand der Fatima ist ein traditionelles Schutzsymbol. 925 Silber Armband. Handgeschriebene und -gestempelte Karte. Gerne personalisiere ich den Wunsch auf dem K\u00e4rtchen.<\/p>\n","protected":false},"featured_media":7638,"comment_status":"open","ping_status":"closed","template":"","meta":[],"product_brand":[],"product_cat":[589,338],"product_tag":[671],"class_list":{"0":"post-13322","1":"product","2":"type-product","3":"status-publish","4":"has-post-thumbnail","6":"product_cat-schutz","7":"product_cat-silber","8":"product_tag-tuerkis","10":"first","11":"instock","12":"shipping-taxable","13":"purchasable","14":"product-type-simple"},"jetpack_sharing_enabled":true,"_links":{"self":[{"href":"https:\/\/www.benevolenti.com\/de\/wp-json\/wp\/v2\/product\/13322","targetHints":{"allow":["GET"]}}],"collection":[{"href":"https:\/\/www.benevolenti.com\/de\/wp-json\/wp\/v2\/product"}],"about":[{"href":"https:\/\/www.benevolenti.com\/de\/wp-json\/wp\/v2\/types\/product"}],"replies":[{"embeddable":true,"href":"https:\/\/www.benevolenti.com\/de\/wp-json\/wp\/v2\/comments?post=13322"}],"wp:featuredmedia":[{"embeddable":true,"href":"https:\/\/www.benevolenti.com\/de\/wp-json\/wp\/v2\/media\/7638"}],"wp:attachment":[{"href":"https:\/\/www.benevolenti.com\/de\/wp-json\/wp\/v2\/media?parent=13322"}],"wp:term":[{"taxonomy":"product_brand","embeddable":true,"href":"https:\/\/www.benevolenti.com\/de\/wp-json\/wp\/v2\/product_brand?post=13322"},{"taxonomy":"product_cat","embeddable":true,"href":"https:\/\/www.benevolenti.com\/de\/wp-json\/wp\/v2\/product_cat?post=13322"},{"taxonomy":"product_tag","embeddable":true,"href":"https:\/\/www.benevolenti.com\/de\/wp-json\/wp\/v2\/product_tag?post=13322"}],"curies":[{"name":"wp","href":"https:\/\/api.w.org\/{rel}","templated":true}]}}