{"id":13301,"date":"2024-10-17T22:50:46","date_gmt":"2024-10-17T20:50:46","guid":{"rendered":"https:\/\/www.benevolenti.com\/?post_type=product&#038;p=13301"},"modified":"2024-11-10T22:44:15","modified_gmt":"2024-11-10T21:44:15","slug":"kugelketten-925-silber-vergoldet","status":"publish","type":"product","link":"https:\/\/www.benevolenti.com\/de\/produkt\/kugelketten-925-silber-vergoldet\/","title":{"rendered":"HALSKETTEN Kugel"},"content":{"rendered":"<p><span>Diese Kugelketten werden in Norditalien angefertigt.<\/span><\/p>\n<p><span>In 925 Silber bzw. vergoldetem und ros\u00e9-vergoldetem 925 Silber,<br \/>\n1.5 mm Durchmesser,<br \/>\nin drei verschiedenen L\u00e4ngen: <\/span><\/p>\n<p><span>40 cm,<br \/>\n45 cm,<br \/>\n70 cm und<br \/>\n90 cm<\/span><\/p>\n<p>Diese eignen sich wunderbar, um die BENEVOLENTI Anh\u00e4nger zu tragen und neu zu kombinieren.<\/p>\n","protected":false},"excerpt":{"rendered":"<p>Diese Kugelketten werden in Norditalien angefertigt. In 925 Silber bzw. vergoldetem und ros\u00e9-vergoldetem 925 Silber, 1.5 mm Durchmesser, in drei verschiedenen L\u00e4ngen: 40 cm, 45 cm, 70 cm und 90 cm Diese eignen sich wunderbar, um die BENEVOLENTI Anh\u00e4nger zu tragen und neu zu kombinieren.<\/p>\n","protected":false},"featured_media":22036,"comment_status":"closed","ping_status":"closed","template":"","meta":[],"product_brand":[],"product_cat":[39],"product_tag":[],"class_list":{"0":"post-13301","1":"product","2":"type-product","3":"status-publish","4":"has-post-thumbnail","6":"product_cat-accessories-de","8":"first","9":"instock","10":"shipping-taxable","11":"purchasable","12":"product-type-variable"},"jetpack_sharing_enabled":true,"_links":{"self":[{"href":"https:\/\/www.benevolenti.com\/de\/wp-json\/wp\/v2\/product\/13301","targetHints":{"allow":["GET"]}}],"collection":[{"href":"https:\/\/www.benevolenti.com\/de\/wp-json\/wp\/v2\/product"}],"about":[{"href":"https:\/\/www.benevolenti.com\/de\/wp-json\/wp\/v2\/types\/product"}],"replies":[{"embeddable":true,"href":"https:\/\/www.benevolenti.com\/de\/wp-json\/wp\/v2\/comments?post=13301"}],"wp:featuredmedia":[{"embeddable":true,"href":"https:\/\/www.benevolenti.com\/de\/wp-json\/wp\/v2\/media\/22036"}],"wp:attachment":[{"href":"https:\/\/www.benevolenti.com\/de\/wp-json\/wp\/v2\/media?parent=13301"}],"wp:term":[{"taxonomy":"product_brand","embeddable":true,"href":"https:\/\/www.benevolenti.com\/de\/wp-json\/wp\/v2\/product_brand?post=13301"},{"taxonomy":"product_cat","embeddable":true,"href":"https:\/\/www.benevolenti.com\/de\/wp-json\/wp\/v2\/product_cat?post=13301"},{"taxonomy":"product_tag","embeddable":true,"href":"https:\/\/www.benevolenti.com\/de\/wp-json\/wp\/v2\/product_tag?post=13301"}],"curies":[{"name":"wp","href":"https:\/\/api.w.org\/{rel}","templated":true}]}}