{"id":13222,"date":"2018-09-16T21:15:12","date_gmt":"2018-09-16T19:15:12","guid":{"rendered":"https:\/\/www.benevolenti.com\/?post_type=product&#038;p=13222"},"modified":"2024-10-14T13:49:07","modified_gmt":"2024-10-14T11:49:07","slug":"elefant-smaragd","status":"publish","type":"product","link":"https:\/\/www.benevolenti.com\/de\/produkt\/elefant-smaragd\/","title":{"rendered":"WUNSCHKETTE Zufriedenheit"},"content":{"rendered":"<p><span>Auf der ganzen Welt gilt der Elefant als Symbol von Weisheit, Treue und St\u00e4rke. In Asien gilt er auch als Gl\u00fccksbringer und der als Geschenk gegebene Elefant verheisst Gl\u00fcck und Erfolg.\u00a0<\/span><\/p>\n<p>Begleitet wird der Elefant von einem kleinen, facettierten Smaragd<\/p>\n<p>Halskette 40 cm.<br \/>\n925 Sterling Silber.<br \/>\nNaturbelassener Smaragd.<\/p>\n<p>Gerne auch mit pers\u00f6nlicher Widmung und anderer L\u00e4nge.<br \/>\nEinfach beim Checkout angeben.<\/p>\n","protected":false},"excerpt":{"rendered":"<p>Auf der ganzen Welt gilt der Elefant als Symbol von Weisheit, Treue und St\u00e4rke. In Asien gilt er auch als Gl\u00fccksbringer und der als Geschenk gegebene Elefant verheisst Gl\u00fcck und Erfolg.\u00a0 Begleitet wird der Elefant von einem kleinen, facettierten Smaragd Halskette 40 cm. 925 Sterling Silber. Naturbelassener Smaragd. Gerne auch&#8230; <a class=\"more-link\" href=\"https:\/\/www.benevolenti.com\/de\/produkt\/elefant-smaragd\/\">Mehr<\/a><\/p>\n","protected":false},"featured_media":13224,"comment_status":"open","ping_status":"closed","template":"","meta":[],"product_brand":[],"product_cat":[707,742],"product_tag":[640],"class_list":{"0":"post-13222","1":"product","2":"type-product","3":"status-publish","4":"has-post-thumbnail","6":"product_cat-freude-zufriedenheit","7":"product_cat-kinderhals-2","8":"product_tag-smaragd","10":"first","11":"instock","12":"shipping-taxable","13":"purchasable","14":"product-type-simple"},"jetpack_sharing_enabled":true,"_links":{"self":[{"href":"https:\/\/www.benevolenti.com\/de\/wp-json\/wp\/v2\/product\/13222","targetHints":{"allow":["GET"]}}],"collection":[{"href":"https:\/\/www.benevolenti.com\/de\/wp-json\/wp\/v2\/product"}],"about":[{"href":"https:\/\/www.benevolenti.com\/de\/wp-json\/wp\/v2\/types\/product"}],"replies":[{"embeddable":true,"href":"https:\/\/www.benevolenti.com\/de\/wp-json\/wp\/v2\/comments?post=13222"}],"wp:featuredmedia":[{"embeddable":true,"href":"https:\/\/www.benevolenti.com\/de\/wp-json\/wp\/v2\/media\/13224"}],"wp:attachment":[{"href":"https:\/\/www.benevolenti.com\/de\/wp-json\/wp\/v2\/media?parent=13222"}],"wp:term":[{"taxonomy":"product_brand","embeddable":true,"href":"https:\/\/www.benevolenti.com\/de\/wp-json\/wp\/v2\/product_brand?post=13222"},{"taxonomy":"product_cat","embeddable":true,"href":"https:\/\/www.benevolenti.com\/de\/wp-json\/wp\/v2\/product_cat?post=13222"},{"taxonomy":"product_tag","embeddable":true,"href":"https:\/\/www.benevolenti.com\/de\/wp-json\/wp\/v2\/product_tag?post=13222"}],"curies":[{"name":"wp","href":"https:\/\/api.w.org\/{rel}","templated":true}]}}