{"id":12531,"date":"2018-08-07T10:10:33","date_gmt":"2018-08-07T08:10:33","guid":{"rendered":"https:\/\/www.benevolenti.com\/?post_type=product&#038;p=12531"},"modified":"2018-10-23T16:56:26","modified_gmt":"2018-10-23T14:56:26","slug":"armband-amethyst-girlande","status":"publish","type":"product","link":"https:\/\/www.benevolenti.com\/de\/produkt\/armband-amethyst-girlande\/","title":{"rendered":"ARMKETTE Girlande Amethyst"},"content":{"rendered":"<p>Ein Klassiker im neuen Kleid!<\/p>\n<p>Urspr\u00fcnglich mit farbigen Turmalinen konzipiert, habe ich dieses lieb gewonnene Armband neu mit verschiedenen Edelsteinen h\u00f6chster Qualit\u00e4t kombiniert. Voil\u00e0 der Amethyst:<\/p>\n<p>Amethyst * f\u00fcr Konzentration, Intuition und inneren Frieden * Peace! Inside and around you.<\/p>\n<p>925 Silber, 925 Silber vergoldet oder 925 Silber ros\u00e9-vergoldet<br \/>\nNat\u00fcrliche, facettierte Amethyste.<br \/>\nHandgeschriebene und -gestempelte Karte.<br \/>\nGerne auch personalisiert \u2013 einfach beim Checkout Vornamen bzw. Wunsch angeben.<\/p>\n<p>Umfang des Handgelenks (zum Verschenken passt zu 95% die Gr\u00f6sse M):<br \/>\n14-15 cm: XS<br \/>\n15-16 cm: S<br \/>\n16-17 cm: M<br \/>\n&gt; 17 cm: L<\/p>\n","protected":false},"excerpt":{"rendered":"<p>Ein Klassiker im neuen Kleid! Urspr\u00fcnglich mit farbigen Turmalinen konzipiert, habe ich dieses lieb gewonnene Armband neu mit verschiedenen Edelsteinen h\u00f6chster Qualit\u00e4t kombiniert. Voil\u00e0 der Amethyst: Amethyst * f\u00fcr Konzentration, Intuition und inneren Frieden * Peace! Inside and around you. 925 Silber, 925 Silber vergoldet oder 925 Silber ros\u00e9-vergoldet Nat\u00fcrliche,&#8230; <a class=\"more-link\" href=\"https:\/\/www.benevolenti.com\/de\/produkt\/armband-amethyst-girlande\/\">Mehr<\/a><\/p>\n","protected":false},"featured_media":10826,"comment_status":"open","ping_status":"closed","template":"","meta":[],"product_brand":[],"product_cat":[590],"product_tag":[448],"class_list":{"0":"post-12531","1":"product","2":"type-product","3":"status-publish","4":"has-post-thumbnail","6":"product_cat-hoffnungzuversicht","7":"product_tag-amethyst","9":"first","10":"instock","11":"shipping-taxable","12":"purchasable","13":"product-type-variable"},"jetpack_sharing_enabled":true,"_links":{"self":[{"href":"https:\/\/www.benevolenti.com\/de\/wp-json\/wp\/v2\/product\/12531","targetHints":{"allow":["GET"]}}],"collection":[{"href":"https:\/\/www.benevolenti.com\/de\/wp-json\/wp\/v2\/product"}],"about":[{"href":"https:\/\/www.benevolenti.com\/de\/wp-json\/wp\/v2\/types\/product"}],"replies":[{"embeddable":true,"href":"https:\/\/www.benevolenti.com\/de\/wp-json\/wp\/v2\/comments?post=12531"}],"wp:featuredmedia":[{"embeddable":true,"href":"https:\/\/www.benevolenti.com\/de\/wp-json\/wp\/v2\/media\/10826"}],"wp:attachment":[{"href":"https:\/\/www.benevolenti.com\/de\/wp-json\/wp\/v2\/media?parent=12531"}],"wp:term":[{"taxonomy":"product_brand","embeddable":true,"href":"https:\/\/www.benevolenti.com\/de\/wp-json\/wp\/v2\/product_brand?post=12531"},{"taxonomy":"product_cat","embeddable":true,"href":"https:\/\/www.benevolenti.com\/de\/wp-json\/wp\/v2\/product_cat?post=12531"},{"taxonomy":"product_tag","embeddable":true,"href":"https:\/\/www.benevolenti.com\/de\/wp-json\/wp\/v2\/product_tag?post=12531"}],"curies":[{"name":"wp","href":"https:\/\/api.w.org\/{rel}","templated":true}]}}