{"id":12527,"date":"2018-08-07T10:02:14","date_gmt":"2018-08-07T08:02:14","guid":{"rendered":"https:\/\/www.benevolenti.com\/?post_type=product&#038;p=12527"},"modified":"2024-09-18T04:04:00","modified_gmt":"2024-09-18T02:04:00","slug":"smaragd-girlande","status":"publish","type":"product","link":"https:\/\/www.benevolenti.com\/de\/produkt\/smaragd-girlande\/","title":{"rendered":"ARMKETTE Girlande Smaragd"},"content":{"rendered":"<p>Ein Klassiker im neuen Kleid!<\/p>\n<p>Urspr\u00fcnglich mit farbigen Turmalinen konzipiert, habe ich dieses lieb gewonnene Armband neu mit verschiedenen Edelsteinen h\u00f6chster Qualit\u00e4t kombiniert. Dieses hier ist ganz besonders, weil der Smaragd sehr selten und wertvoll ist:<\/p>\n<p>Smaragd gibt Klarheit, Zufriedenheit und Selbstbestimmung. Er verbessert den Schlaf und wirkt entgiftend und ents\u00e4uernd.<\/p>\n<p>925 Silber, 925 Silber vergoldet oder 925 Silber ros\u00e9-vergoldet<br \/>\nNat\u00fcrlicher, facettierter Smaragd.<br \/>\nHandgeschriebene und -gestempelte Karte.<br \/>\nGerne auch personalisiert \u2013 einfach beim Checkout Vornamen bzw. Wunsch angeben.<\/p>\n<p>Umfang des Handgelenks (zum Verschenken passt zu 95% die Gr\u00f6sse M):<br \/>\n14-15 cm: XS<br \/>\n15-16 cm: S<br \/>\n16-17 cm: M<br \/>\n&gt; 17 cm: L<\/p>\n","protected":false},"excerpt":{"rendered":"<p>Ein Klassiker im neuen Kleid! Urspr\u00fcnglich mit farbigen Turmalinen konzipiert, habe ich dieses lieb gewonnene Armband neu mit verschiedenen Edelsteinen h\u00f6chster Qualit\u00e4t kombiniert. Dieses hier ist ganz besonders, weil der Smaragd sehr selten und wertvoll ist: Smaragd gibt Klarheit, Zufriedenheit und Selbstbestimmung. Er verbessert den Schlaf und wirkt entgiftend und&#8230; <a class=\"more-link\" href=\"https:\/\/www.benevolenti.com\/de\/produkt\/smaragd-girlande\/\">Mehr<\/a><\/p>\n","protected":false},"featured_media":10841,"comment_status":"open","ping_status":"closed","template":"","meta":[],"product_brand":[],"product_cat":[588,646],"product_tag":[640],"class_list":{"0":"post-12527","1":"product","2":"type-product","3":"status-publish","4":"has-post-thumbnail","6":"product_cat-liebe-glueck","7":"product_cat-abschiedsgeschenk","8":"product_tag-smaragd","10":"first","11":"instock","12":"shipping-taxable","13":"purchasable","14":"product-type-variable"},"jetpack_sharing_enabled":true,"_links":{"self":[{"href":"https:\/\/www.benevolenti.com\/de\/wp-json\/wp\/v2\/product\/12527","targetHints":{"allow":["GET"]}}],"collection":[{"href":"https:\/\/www.benevolenti.com\/de\/wp-json\/wp\/v2\/product"}],"about":[{"href":"https:\/\/www.benevolenti.com\/de\/wp-json\/wp\/v2\/types\/product"}],"replies":[{"embeddable":true,"href":"https:\/\/www.benevolenti.com\/de\/wp-json\/wp\/v2\/comments?post=12527"}],"wp:featuredmedia":[{"embeddable":true,"href":"https:\/\/www.benevolenti.com\/de\/wp-json\/wp\/v2\/media\/10841"}],"wp:attachment":[{"href":"https:\/\/www.benevolenti.com\/de\/wp-json\/wp\/v2\/media?parent=12527"}],"wp:term":[{"taxonomy":"product_brand","embeddable":true,"href":"https:\/\/www.benevolenti.com\/de\/wp-json\/wp\/v2\/product_brand?post=12527"},{"taxonomy":"product_cat","embeddable":true,"href":"https:\/\/www.benevolenti.com\/de\/wp-json\/wp\/v2\/product_cat?post=12527"},{"taxonomy":"product_tag","embeddable":true,"href":"https:\/\/www.benevolenti.com\/de\/wp-json\/wp\/v2\/product_tag?post=12527"}],"curies":[{"name":"wp","href":"https:\/\/api.w.org\/{rel}","templated":true}]}}