{"id":12523,"date":"2018-09-14T09:22:56","date_gmt":"2018-09-14T07:22:56","guid":{"rendered":"https:\/\/www.benevolenti.com\/?post_type=product&#038;p=12523"},"modified":"2024-11-17T08:19:23","modified_gmt":"2024-11-17T07:19:23","slug":"wunscharmband-schutz","status":"publish","type":"product","link":"https:\/\/www.benevolenti.com\/de\/produkt\/wunscharmband-schutz\/","title":{"rendered":"WUNSCH ARMBAND Schutz"},"content":{"rendered":"<p>T\u00fcrkis, Muskovit und schwarzer Turmalin sind bekannt f\u00fcr ihre starke, sch\u00fctzende Kraft.<br \/>\nDie Hamsa-Hand oder Hand der Fatima ist ein traditionelles Schutzsymbol.<\/p>\n<p>Hand 925 Silber.<br \/>\n100% Seide..<br \/>\nHandgeschriebene und -gestempelte Karte, gerne personalisiert.<\/p>\n","protected":false},"excerpt":{"rendered":"<p>T\u00fcrkis, Muskovit und schwarzer Turmalin sind bekannt f\u00fcr ihre starke, sch\u00fctzende Kraft. Die Hamsa-Hand oder Hand der Fatima ist ein traditionelles Schutzsymbol. Hand 925 Silber. 100% Seide.. Handgeschriebene und -gestempelte Karte, gerne personalisiert.<\/p>\n","protected":false},"featured_media":19183,"comment_status":"open","ping_status":"closed","template":"","meta":[],"product_brand":[],"product_cat":[589,336,646],"product_tag":[671],"class_list":{"0":"post-12523","1":"product","2":"type-product","3":"status-publish","4":"has-post-thumbnail","6":"product_cat-schutz","7":"product_cat-seide","8":"product_cat-abschiedsgeschenk","9":"product_tag-tuerkis","11":"first","12":"instock","13":"shipping-taxable","14":"purchasable","15":"product-type-variable"},"jetpack_sharing_enabled":true,"_links":{"self":[{"href":"https:\/\/www.benevolenti.com\/de\/wp-json\/wp\/v2\/product\/12523","targetHints":{"allow":["GET"]}}],"collection":[{"href":"https:\/\/www.benevolenti.com\/de\/wp-json\/wp\/v2\/product"}],"about":[{"href":"https:\/\/www.benevolenti.com\/de\/wp-json\/wp\/v2\/types\/product"}],"replies":[{"embeddable":true,"href":"https:\/\/www.benevolenti.com\/de\/wp-json\/wp\/v2\/comments?post=12523"}],"wp:featuredmedia":[{"embeddable":true,"href":"https:\/\/www.benevolenti.com\/de\/wp-json\/wp\/v2\/media\/19183"}],"wp:attachment":[{"href":"https:\/\/www.benevolenti.com\/de\/wp-json\/wp\/v2\/media?parent=12523"}],"wp:term":[{"taxonomy":"product_brand","embeddable":true,"href":"https:\/\/www.benevolenti.com\/de\/wp-json\/wp\/v2\/product_brand?post=12523"},{"taxonomy":"product_cat","embeddable":true,"href":"https:\/\/www.benevolenti.com\/de\/wp-json\/wp\/v2\/product_cat?post=12523"},{"taxonomy":"product_tag","embeddable":true,"href":"https:\/\/www.benevolenti.com\/de\/wp-json\/wp\/v2\/product_tag?post=12523"}],"curies":[{"name":"wp","href":"https:\/\/api.w.org\/{rel}","templated":true}]}}