{"id":12464,"date":"2018-08-06T11:59:23","date_gmt":"2018-08-06T09:59:23","guid":{"rendered":"https:\/\/www.benevolenti.com\/?post_type=product&#038;p=12464"},"modified":"2022-03-17T09:11:37","modified_gmt":"2022-03-17T08:11:37","slug":"gem-dot-achat","status":"publish","type":"product","link":"https:\/\/www.benevolenti.com\/de\/produkt\/gem-dot-achat\/","title":{"rendered":"GemDot Achat"},"content":{"rendered":"<p>F\u00fcr den Farbtupfer am Handgelenk.<br \/>\nWundersch\u00f6n gefasste Edelsteine an reiner Seide.<br \/>\nVerschluss verstellbar.<\/p>\n<p>Das perfekte Geburtstagsgeschenk.<br \/>\nOder als t\u00e4gliche Erinnerung ans eigene Handgelenk.<\/p>\n<p>Achat \u2013 Schutz und Selbstvertrauen \u2013 Viel Gl\u00fcck!<\/p>\n<p>925 Silber, Edelsteine, 100% Seide.<br \/>\nAuf handgeschriebenem und -bedrucktem K\u00e4rtchen.<br \/>\nGerne auch mit pers\u00f6nlichem Wunsch.<\/p>\n<p>&nbsp;<\/p>\n","protected":false},"excerpt":{"rendered":"<p>F\u00fcr den Farbtupfer am Handgelenk. Wundersch\u00f6n gefasste Edelsteine an reiner Seide. Verschluss verstellbar. Das perfekte Geburtstagsgeschenk. Oder als t\u00e4gliche Erinnerung ans eigene Handgelenk. Achat \u2013 Schutz und Selbstvertrauen \u2013 Viel Gl\u00fcck! 925 Silber, Edelsteine, 100% Seide. Auf handgeschriebenem und -bedrucktem K\u00e4rtchen. Gerne auch mit pers\u00f6nlichem Wunsch. &nbsp;<\/p>\n","protected":false},"featured_media":10134,"comment_status":"closed","ping_status":"closed","template":"","meta":[],"product_brand":[],"product_cat":[648,589],"product_tag":[618],"class_list":{"0":"post-12464","1":"product","2":"type-product","3":"status-publish","4":"has-post-thumbnail","6":"product_cat-schwangerschaft","7":"product_cat-schutz","8":"product_tag-achat","10":"first","11":"instock","12":"shipping-taxable","13":"purchasable","14":"product-type-simple"},"jetpack_sharing_enabled":true,"_links":{"self":[{"href":"https:\/\/www.benevolenti.com\/de\/wp-json\/wp\/v2\/product\/12464","targetHints":{"allow":["GET"]}}],"collection":[{"href":"https:\/\/www.benevolenti.com\/de\/wp-json\/wp\/v2\/product"}],"about":[{"href":"https:\/\/www.benevolenti.com\/de\/wp-json\/wp\/v2\/types\/product"}],"replies":[{"embeddable":true,"href":"https:\/\/www.benevolenti.com\/de\/wp-json\/wp\/v2\/comments?post=12464"}],"wp:featuredmedia":[{"embeddable":true,"href":"https:\/\/www.benevolenti.com\/de\/wp-json\/wp\/v2\/media\/10134"}],"wp:attachment":[{"href":"https:\/\/www.benevolenti.com\/de\/wp-json\/wp\/v2\/media?parent=12464"}],"wp:term":[{"taxonomy":"product_brand","embeddable":true,"href":"https:\/\/www.benevolenti.com\/de\/wp-json\/wp\/v2\/product_brand?post=12464"},{"taxonomy":"product_cat","embeddable":true,"href":"https:\/\/www.benevolenti.com\/de\/wp-json\/wp\/v2\/product_cat?post=12464"},{"taxonomy":"product_tag","embeddable":true,"href":"https:\/\/www.benevolenti.com\/de\/wp-json\/wp\/v2\/product_tag?post=12464"}],"curies":[{"name":"wp","href":"https:\/\/api.w.org\/{rel}","templated":true}]}}