{"id":12454,"date":"2018-08-06T11:39:32","date_gmt":"2018-08-06T09:39:32","guid":{"rendered":"https:\/\/www.benevolenti.com\/?post_type=product&#038;p=12454"},"modified":"2020-05-02T09:43:35","modified_gmt":"2020-05-02T07:43:35","slug":"doublegem-heliotrop","status":"publish","type":"product","link":"https:\/\/www.benevolenti.com\/de\/produkt\/doublegem-heliotrop\/","title":{"rendered":"DoubleGem Heliotrop"},"content":{"rendered":"<p>F\u00fcr die Extra-Power am Handgelenk.<\/p>\n<p>Heliotrop hilft, sich zu sch\u00fctzen, abzugrenzen und unerw\u00fcnschte Einfl\u00fcsse abzuwehren. Er beruhigt bei Nervosit\u00e4t und Ungeduld und vitalisiert bei Ersch\u00f6pfung und M\u00fcdigkeit.\u00a0K\u00f6rperlich ist Heliotrop der beste immunst\u00e4rkende Stein bei akuten Infektionen. Er regt Lymphfluss und Stoffwechsel an, entgiftet und neutralisiert \u00dcbers\u00e4uerung.<\/p>\n<p>Doppelt gef\u00fchrter Heliotrop und eine Eibenbeere aus 925 Silber.<br \/>\nBENEVOLENTI Geschenkverpackung mit Steinbeschreibungen und Wunschk\u00e4rtchen.<\/p>\n","protected":false},"excerpt":{"rendered":"<p>F\u00fcr die Extra-Power am Handgelenk. Heliotrop hilft, sich zu sch\u00fctzen, abzugrenzen und unerw\u00fcnschte Einfl\u00fcsse abzuwehren. Er beruhigt bei Nervosit\u00e4t und Ungeduld und vitalisiert bei Ersch\u00f6pfung und M\u00fcdigkeit.\u00a0K\u00f6rperlich ist Heliotrop der beste immunst\u00e4rkende Stein bei akuten Infektionen. Er regt Lymphfluss und Stoffwechsel an, entgiftet und neutralisiert \u00dcbers\u00e4uerung. Doppelt gef\u00fchrter Heliotrop und&#8230; <a class=\"more-link\" href=\"https:\/\/www.benevolenti.com\/de\/produkt\/doublegem-heliotrop\/\">Mehr<\/a><\/p>\n","protected":false},"featured_media":10572,"comment_status":"open","ping_status":"closed","template":"","meta":[],"product_brand":[],"product_cat":[591],"product_tag":[602],"class_list":{"0":"post-12454","1":"product","2":"type-product","3":"status-publish","4":"has-post-thumbnail","6":"product_cat-gesundheit-vitalitaet","7":"product_tag-heliotrop","9":"first","10":"instock","11":"shipping-taxable","12":"purchasable","13":"product-type-simple"},"jetpack_sharing_enabled":true,"_links":{"self":[{"href":"https:\/\/www.benevolenti.com\/de\/wp-json\/wp\/v2\/product\/12454","targetHints":{"allow":["GET"]}}],"collection":[{"href":"https:\/\/www.benevolenti.com\/de\/wp-json\/wp\/v2\/product"}],"about":[{"href":"https:\/\/www.benevolenti.com\/de\/wp-json\/wp\/v2\/types\/product"}],"replies":[{"embeddable":true,"href":"https:\/\/www.benevolenti.com\/de\/wp-json\/wp\/v2\/comments?post=12454"}],"wp:featuredmedia":[{"embeddable":true,"href":"https:\/\/www.benevolenti.com\/de\/wp-json\/wp\/v2\/media\/10572"}],"wp:attachment":[{"href":"https:\/\/www.benevolenti.com\/de\/wp-json\/wp\/v2\/media?parent=12454"}],"wp:term":[{"taxonomy":"product_brand","embeddable":true,"href":"https:\/\/www.benevolenti.com\/de\/wp-json\/wp\/v2\/product_brand?post=12454"},{"taxonomy":"product_cat","embeddable":true,"href":"https:\/\/www.benevolenti.com\/de\/wp-json\/wp\/v2\/product_cat?post=12454"},{"taxonomy":"product_tag","embeddable":true,"href":"https:\/\/www.benevolenti.com\/de\/wp-json\/wp\/v2\/product_tag?post=12454"}],"curies":[{"name":"wp","href":"https:\/\/api.w.org\/{rel}","templated":true}]}}