{"id":11813,"date":"2023-09-21T09:49:34","date_gmt":"2023-09-21T07:49:34","guid":{"rendered":"https:\/\/www.benevolenti.com\/?post_type=product&#038;p=11813"},"modified":"2026-03-05T11:43:46","modified_gmt":"2026-03-05T10:43:46","slug":"wunscharmband-liebe","status":"publish","type":"product","link":"https:\/\/www.benevolenti.com\/de\/produkt\/wunscharmband-liebe\/","title":{"rendered":"WUNSCH ARMBAND Liebe"},"content":{"rendered":"<p>Rosenquarz ist ein Herzstein. Einerseits wirkt er auf das Herzchakra, andererseits zeigt er Herzensbed\u00fcrfnisse auf und hilft bei deren Umsetzung: er st\u00e4rkt das Herz und f\u00f6rdert die Selbstliebe.<\/p>\n<p>925 Silber oder vergoldetes 925 Silber auf reiner Seide.<\/p>\n","protected":false},"excerpt":{"rendered":"<p>Rosenquarz ist ein Herzstein. Einerseits wirkt er auf das Herzchakra, andererseits zeigt er Herzensbed\u00fcrfnisse auf und hilft bei deren Umsetzung: er st\u00e4rkt das Herz und f\u00f6rdert die Selbstliebe. 925 Silber oder vergoldetes 925 Silber auf reiner Seide.<\/p>\n","protected":false},"featured_media":11816,"comment_status":"open","ping_status":"closed","template":"","meta":[],"product_brand":[],"product_cat":[708,648,588,336],"product_tag":[610],"class_list":{"0":"post-11813","1":"product","2":"type-product","3":"status-publish","4":"has-post-thumbnail","6":"product_cat-weihnachten-2","7":"product_cat-schwangerschaft","8":"product_cat-liebe-glueck","9":"product_cat-seide","10":"product_tag-rosenquarz","12":"first","13":"instock","14":"shipping-taxable","15":"purchasable","16":"product-type-variable"},"jetpack_sharing_enabled":true,"_links":{"self":[{"href":"https:\/\/www.benevolenti.com\/de\/wp-json\/wp\/v2\/product\/11813","targetHints":{"allow":["GET"]}}],"collection":[{"href":"https:\/\/www.benevolenti.com\/de\/wp-json\/wp\/v2\/product"}],"about":[{"href":"https:\/\/www.benevolenti.com\/de\/wp-json\/wp\/v2\/types\/product"}],"replies":[{"embeddable":true,"href":"https:\/\/www.benevolenti.com\/de\/wp-json\/wp\/v2\/comments?post=11813"}],"wp:featuredmedia":[{"embeddable":true,"href":"https:\/\/www.benevolenti.com\/de\/wp-json\/wp\/v2\/media\/11816"}],"wp:attachment":[{"href":"https:\/\/www.benevolenti.com\/de\/wp-json\/wp\/v2\/media?parent=11813"}],"wp:term":[{"taxonomy":"product_brand","embeddable":true,"href":"https:\/\/www.benevolenti.com\/de\/wp-json\/wp\/v2\/product_brand?post=11813"},{"taxonomy":"product_cat","embeddable":true,"href":"https:\/\/www.benevolenti.com\/de\/wp-json\/wp\/v2\/product_cat?post=11813"},{"taxonomy":"product_tag","embeddable":true,"href":"https:\/\/www.benevolenti.com\/de\/wp-json\/wp\/v2\/product_tag?post=11813"}],"curies":[{"name":"wp","href":"https:\/\/api.w.org\/{rel}","templated":true}]}}