{"id":11755,"date":"2018-05-28T09:17:58","date_gmt":"2018-05-28T07:17:58","guid":{"rendered":"https:\/\/www.benevolenti.com\/?post_type=product&#038;p=11755"},"modified":"2026-01-20T11:59:12","modified_gmt":"2026-01-20T10:59:12","slug":"turquoise-anklet","status":"publish","type":"product","link":"https:\/\/www.benevolenti.com\/de\/produkt\/turquoise-anklet\/","title":{"rendered":"FUSSKETTE T\u00fcrkis"},"content":{"rendered":"<p>Fusskette mit T\u00fcrkis und Silberk\u00fcgelchen, nach deinem Wunsch gestaltet. Starker Schutz am Fussgelenk.<\/p>\n<p>(vergoldetes) 925 Silber und nat\u00fcrliche, rundgeschliffene T\u00fcrkis Kugeln.<br \/>\nL\u00e4nge anpassbar.<\/p>\n<p>Beim Auschecken bitte pers\u00f6nlichen Wunsch und\/oder Name angeben. Ich schreibe alle Karten auf Bestellung von Hand.<\/p>\n","protected":false},"excerpt":{"rendered":"<p>Fusskette mit T\u00fcrkis und Silberk\u00fcgelchen, nach deinem Wunsch gestaltet. Starker Schutz am Fussgelenk. (vergoldetes) 925 Silber und nat\u00fcrliche, rundgeschliffene T\u00fcrkis Kugeln. L\u00e4nge anpassbar. Beim Auschecken bitte pers\u00f6nlichen Wunsch und\/oder Name angeben. Ich schreibe alle Karten auf Bestellung von Hand.<\/p>\n","protected":false},"featured_media":11792,"comment_status":"open","ping_status":"closed","template":"","meta":[],"product_brand":[],"product_cat":[232],"product_tag":[671],"class_list":{"0":"post-11755","1":"product","2":"type-product","3":"status-publish","4":"has-post-thumbnail","6":"product_cat-fuss","7":"product_tag-tuerkis","9":"first","10":"instock","11":"shipping-taxable","12":"purchasable","13":"product-type-variable"},"jetpack_sharing_enabled":true,"_links":{"self":[{"href":"https:\/\/www.benevolenti.com\/de\/wp-json\/wp\/v2\/product\/11755","targetHints":{"allow":["GET"]}}],"collection":[{"href":"https:\/\/www.benevolenti.com\/de\/wp-json\/wp\/v2\/product"}],"about":[{"href":"https:\/\/www.benevolenti.com\/de\/wp-json\/wp\/v2\/types\/product"}],"replies":[{"embeddable":true,"href":"https:\/\/www.benevolenti.com\/de\/wp-json\/wp\/v2\/comments?post=11755"}],"wp:featuredmedia":[{"embeddable":true,"href":"https:\/\/www.benevolenti.com\/de\/wp-json\/wp\/v2\/media\/11792"}],"wp:attachment":[{"href":"https:\/\/www.benevolenti.com\/de\/wp-json\/wp\/v2\/media?parent=11755"}],"wp:term":[{"taxonomy":"product_brand","embeddable":true,"href":"https:\/\/www.benevolenti.com\/de\/wp-json\/wp\/v2\/product_brand?post=11755"},{"taxonomy":"product_cat","embeddable":true,"href":"https:\/\/www.benevolenti.com\/de\/wp-json\/wp\/v2\/product_cat?post=11755"},{"taxonomy":"product_tag","embeddable":true,"href":"https:\/\/www.benevolenti.com\/de\/wp-json\/wp\/v2\/product_tag?post=11755"}],"curies":[{"name":"wp","href":"https:\/\/api.w.org\/{rel}","templated":true}]}}