{"id":11646,"date":"2018-04-18T10:15:05","date_gmt":"2018-04-18T08:15:05","guid":{"rendered":"https:\/\/www.benevolenti.com\/?post_type=product&#038;p=11646"},"modified":"2020-06-09T21:43:48","modified_gmt":"2020-06-09T19:43:48","slug":"energy-pendant-2","status":"publish","type":"product","link":"https:\/\/www.benevolenti.com\/de\/produkt\/energy-pendant-2\/","title":{"rendered":"ANH\u00c4NGER Energie"},"content":{"rendered":"<p>Dieser BENEVOLENTI hilft bei Ersch\u00f6pfung, wenn die Lebensenergie abhanden gekommen ist und die neuen Lebensgeister gerufen werden m\u00fcssen.<\/p>\n<p>Das K\u00e4rtchen mit dem Wunsch \u201eVon Herzen ganz viel Energie!\u201c sowie die Wirkungen von Nephrit und Pyrit unterst\u00fctzen den guten Wunsch.<\/p>\n<p>Anh\u00e4nger aus Nephrit und Pyrit, einzeln tragbar, mit anderen Anh\u00e4ngern und Ketten von BENEVOLENTI kombinierbar.<\/p>\n<p>Ketten in Rolo oder Kugelform, in der L\u00e4nge 45, 70 oder 90cm. Bitte auch ausw\u00e4hlen, wenn nur Anh\u00e4nger bestellt wird, damit ich weiss, f\u00fcr welche L\u00e4nge der Anh\u00e4nger passen muss.<\/p>\n","protected":false},"excerpt":{"rendered":"<p>Dieser BENEVOLENTI hilft bei Ersch\u00f6pfung, wenn die Lebensenergie abhanden gekommen ist und die neuen Lebensgeister gerufen werden m\u00fcssen. Das K\u00e4rtchen mit dem Wunsch \u201eVon Herzen ganz viel Energie!\u201c sowie die Wirkungen von Nephrit und Pyrit unterst\u00fctzen den guten Wunsch. Anh\u00e4nger aus Nephrit und Pyrit, einzeln tragbar, mit anderen Anh\u00e4ngern und&#8230; <a class=\"more-link\" href=\"https:\/\/www.benevolenti.com\/de\/produkt\/energy-pendant-2\/\">Mehr<\/a><\/p>\n","protected":false},"featured_media":11684,"comment_status":"open","ping_status":"closed","template":"","meta":[],"product_brand":[],"product_cat":[334,595],"product_tag":[597,242],"class_list":{"0":"post-11646","1":"product","2":"type-product","3":"status-publish","4":"has-post-thumbnail","6":"product_cat-anhanger","7":"product_cat-kraft-energie","8":"product_tag-nephrit","9":"product_tag-pyrit","11":"first","12":"instock","13":"shipping-taxable","14":"purchasable","15":"product-type-variable"},"jetpack_sharing_enabled":true,"_links":{"self":[{"href":"https:\/\/www.benevolenti.com\/de\/wp-json\/wp\/v2\/product\/11646","targetHints":{"allow":["GET"]}}],"collection":[{"href":"https:\/\/www.benevolenti.com\/de\/wp-json\/wp\/v2\/product"}],"about":[{"href":"https:\/\/www.benevolenti.com\/de\/wp-json\/wp\/v2\/types\/product"}],"replies":[{"embeddable":true,"href":"https:\/\/www.benevolenti.com\/de\/wp-json\/wp\/v2\/comments?post=11646"}],"wp:featuredmedia":[{"embeddable":true,"href":"https:\/\/www.benevolenti.com\/de\/wp-json\/wp\/v2\/media\/11684"}],"wp:attachment":[{"href":"https:\/\/www.benevolenti.com\/de\/wp-json\/wp\/v2\/media?parent=11646"}],"wp:term":[{"taxonomy":"product_brand","embeddable":true,"href":"https:\/\/www.benevolenti.com\/de\/wp-json\/wp\/v2\/product_brand?post=11646"},{"taxonomy":"product_cat","embeddable":true,"href":"https:\/\/www.benevolenti.com\/de\/wp-json\/wp\/v2\/product_cat?post=11646"},{"taxonomy":"product_tag","embeddable":true,"href":"https:\/\/www.benevolenti.com\/de\/wp-json\/wp\/v2\/product_tag?post=11646"}],"curies":[{"name":"wp","href":"https:\/\/api.w.org\/{rel}","templated":true}]}}