{"id":11583,"date":"2018-04-11T11:21:34","date_gmt":"2018-04-11T09:21:34","guid":{"rendered":"https:\/\/www.benevolenti.com\/?post_type=product&#038;p=11583"},"modified":"2020-11-02T17:47:26","modified_gmt":"2020-11-02T16:47:26","slug":"doppelender","status":"publish","type":"product","link":"https:\/\/www.benevolenti.com\/de\/produkt\/doppelender\/","title":{"rendered":"CHOKER Extraklasse."},"content":{"rendered":"<p>Ein kleiner Bergkristall Doppelender an feiner Kette.<br \/>\nNat\u00fcrlich in der Erde gewachsen, ist jeder Kristall einzigartig.<br \/>\nAls Hingucker eng am Hals getragen, f\u00e4llt er wegen seiner starken Form auf.<\/p>\n<p>925 Silber, 925 Silber vergoldet oder 925 Silber ros\u00e9-vergoldet.<\/p>\n","protected":false},"excerpt":{"rendered":"<p>Ein kleiner Bergkristall Doppelender an feiner Kette. Nat\u00fcrlich in der Erde gewachsen, ist jeder Kristall einzigartig. Als Hingucker eng am Hals getragen, f\u00e4llt er wegen seiner starken Form auf. 925 Silber, 925 Silber vergoldet oder 925 Silber ros\u00e9-vergoldet.<\/p>\n","protected":false},"featured_media":11591,"comment_status":"open","ping_status":"closed","template":"","meta":[],"product_brand":[],"product_cat":[595,643,332,679],"product_tag":[615],"class_list":{"0":"post-11583","1":"product","2":"type-product","3":"status-publish","4":"has-post-thumbnail","6":"product_cat-kraft-energie","7":"product_cat-geschenke-fuer-sie","8":"product_cat-ketten","9":"product_cat-hochzeit","10":"product_tag-bergkristall","12":"first","13":"instock","14":"shipping-taxable","15":"purchasable","16":"product-type-variable"},"jetpack_sharing_enabled":true,"_links":{"self":[{"href":"https:\/\/www.benevolenti.com\/de\/wp-json\/wp\/v2\/product\/11583","targetHints":{"allow":["GET"]}}],"collection":[{"href":"https:\/\/www.benevolenti.com\/de\/wp-json\/wp\/v2\/product"}],"about":[{"href":"https:\/\/www.benevolenti.com\/de\/wp-json\/wp\/v2\/types\/product"}],"replies":[{"embeddable":true,"href":"https:\/\/www.benevolenti.com\/de\/wp-json\/wp\/v2\/comments?post=11583"}],"wp:featuredmedia":[{"embeddable":true,"href":"https:\/\/www.benevolenti.com\/de\/wp-json\/wp\/v2\/media\/11591"}],"wp:attachment":[{"href":"https:\/\/www.benevolenti.com\/de\/wp-json\/wp\/v2\/media?parent=11583"}],"wp:term":[{"taxonomy":"product_brand","embeddable":true,"href":"https:\/\/www.benevolenti.com\/de\/wp-json\/wp\/v2\/product_brand?post=11583"},{"taxonomy":"product_cat","embeddable":true,"href":"https:\/\/www.benevolenti.com\/de\/wp-json\/wp\/v2\/product_cat?post=11583"},{"taxonomy":"product_tag","embeddable":true,"href":"https:\/\/www.benevolenti.com\/de\/wp-json\/wp\/v2\/product_tag?post=11583"}],"curies":[{"name":"wp","href":"https:\/\/api.w.org\/{rel}","templated":true}]}}