{"id":11314,"date":"2018-04-09T14:24:56","date_gmt":"2018-04-09T12:24:56","guid":{"rendered":"https:\/\/www.benevolenti.com\/?post_type=product&#038;p=11314"},"modified":"2018-10-18T21:10:47","modified_gmt":"2018-10-18T19:10:47","slug":"citrine-anklet","status":"publish","type":"product","link":"https:\/\/www.benevolenti.com\/de\/produkt\/citrine-anklet\/","title":{"rendered":"FUSSKETTE Citrin"},"content":{"rendered":"<p>Fusskette mit Citrin und Silberk\u00fcgelchen.<\/p>\n<p>(vergoldetes) 925 Silber und nat\u00fcrliche, rundgeschliffene Citrin Kugeln.<br \/>\nL\u00e4nge anpassbar.<\/p>\n<p>Beim Auschecken bitte pers\u00f6nlichen Wunsch und\/oder Name angeben. Ich schreibe alle Karten auf Bestellung von Hand.<\/p>\n","protected":false},"excerpt":{"rendered":"<p>Fusskette mit Citrin und Silberk\u00fcgelchen. (vergoldetes) 925 Silber und nat\u00fcrliche, rundgeschliffene Citrin Kugeln. L\u00e4nge anpassbar. Beim Auschecken bitte pers\u00f6nlichen Wunsch und\/oder Name angeben. Ich schreibe alle Karten auf Bestellung von Hand.<\/p>\n","protected":false},"featured_media":10947,"comment_status":"open","ping_status":"closed","template":"","meta":[],"product_brand":[],"product_cat":[707,232],"product_tag":[601],"class_list":{"0":"post-11314","1":"product","2":"type-product","3":"status-publish","4":"has-post-thumbnail","6":"product_cat-freude-zufriedenheit","7":"product_cat-fuss","8":"product_tag-citrin","10":"first","11":"instock","12":"shipping-taxable","13":"purchasable","14":"product-type-variable"},"jetpack_sharing_enabled":true,"_links":{"self":[{"href":"https:\/\/www.benevolenti.com\/de\/wp-json\/wp\/v2\/product\/11314","targetHints":{"allow":["GET"]}}],"collection":[{"href":"https:\/\/www.benevolenti.com\/de\/wp-json\/wp\/v2\/product"}],"about":[{"href":"https:\/\/www.benevolenti.com\/de\/wp-json\/wp\/v2\/types\/product"}],"replies":[{"embeddable":true,"href":"https:\/\/www.benevolenti.com\/de\/wp-json\/wp\/v2\/comments?post=11314"}],"wp:featuredmedia":[{"embeddable":true,"href":"https:\/\/www.benevolenti.com\/de\/wp-json\/wp\/v2\/media\/10947"}],"wp:attachment":[{"href":"https:\/\/www.benevolenti.com\/de\/wp-json\/wp\/v2\/media?parent=11314"}],"wp:term":[{"taxonomy":"product_brand","embeddable":true,"href":"https:\/\/www.benevolenti.com\/de\/wp-json\/wp\/v2\/product_brand?post=11314"},{"taxonomy":"product_cat","embeddable":true,"href":"https:\/\/www.benevolenti.com\/de\/wp-json\/wp\/v2\/product_cat?post=11314"},{"taxonomy":"product_tag","embeddable":true,"href":"https:\/\/www.benevolenti.com\/de\/wp-json\/wp\/v2\/product_tag?post=11314"}],"curies":[{"name":"wp","href":"https:\/\/api.w.org\/{rel}","templated":true}]}}