{"id":11177,"date":"2018-04-09T14:01:59","date_gmt":"2018-04-09T12:01:59","guid":{"rendered":"https:\/\/www.benevolenti.com\/?post_type=product&#038;p=11177"},"modified":"2024-10-14T14:00:49","modified_gmt":"2024-10-14T12:00:49","slug":"iolite-anklet","status":"publish","type":"product","link":"https:\/\/www.benevolenti.com\/de\/produkt\/iolite-anklet\/","title":{"rendered":"FUSSKETTE Iolith"},"content":{"rendered":"<p>Fusskette mit Iolith und Silberk\u00fcgelchen.<\/p>\n<p>(vergoldetes) 925 Silber und nat\u00fcrliche, rundgeschliffene Iolith Kugeln.<br \/>\nL\u00e4nge anpassbar.<\/p>\n<p>Gerne beim Auschecken pers\u00f6nlichen Wunsch angeben. Ich schreibe die Karte von Hand.<\/p>\n","protected":false},"excerpt":{"rendered":"<p>Fusskette mit Iolith und Silberk\u00fcgelchen. (vergoldetes) 925 Silber und nat\u00fcrliche, rundgeschliffene Iolith Kugeln. L\u00e4nge anpassbar. Gerne beim Auschecken pers\u00f6nlichen Wunsch angeben. Ich schreibe die Karte von Hand.<\/p>\n","protected":false},"featured_media":10949,"comment_status":"open","ping_status":"closed","template":"","meta":[],"product_brand":[],"product_cat":[232,739],"product_tag":[627],"class_list":{"0":"post-11177","1":"product","2":"type-product","3":"status-publish","4":"has-post-thumbnail","6":"product_cat-fuss","7":"product_cat-fussketten","8":"product_tag-iolith","10":"first","11":"instock","12":"shipping-taxable","13":"purchasable","14":"product-type-variable"},"jetpack_sharing_enabled":true,"_links":{"self":[{"href":"https:\/\/www.benevolenti.com\/de\/wp-json\/wp\/v2\/product\/11177","targetHints":{"allow":["GET"]}}],"collection":[{"href":"https:\/\/www.benevolenti.com\/de\/wp-json\/wp\/v2\/product"}],"about":[{"href":"https:\/\/www.benevolenti.com\/de\/wp-json\/wp\/v2\/types\/product"}],"replies":[{"embeddable":true,"href":"https:\/\/www.benevolenti.com\/de\/wp-json\/wp\/v2\/comments?post=11177"}],"wp:featuredmedia":[{"embeddable":true,"href":"https:\/\/www.benevolenti.com\/de\/wp-json\/wp\/v2\/media\/10949"}],"wp:attachment":[{"href":"https:\/\/www.benevolenti.com\/de\/wp-json\/wp\/v2\/media?parent=11177"}],"wp:term":[{"taxonomy":"product_brand","embeddable":true,"href":"https:\/\/www.benevolenti.com\/de\/wp-json\/wp\/v2\/product_brand?post=11177"},{"taxonomy":"product_cat","embeddable":true,"href":"https:\/\/www.benevolenti.com\/de\/wp-json\/wp\/v2\/product_cat?post=11177"},{"taxonomy":"product_tag","embeddable":true,"href":"https:\/\/www.benevolenti.com\/de\/wp-json\/wp\/v2\/product_tag?post=11177"}],"curies":[{"name":"wp","href":"https:\/\/api.w.org\/{rel}","templated":true}]}}