{"id":11090,"date":"2018-04-09T13:40:15","date_gmt":"2018-04-09T11:40:15","guid":{"rendered":"https:\/\/www.benevolenti.com\/?post_type=product&#038;p=11090"},"modified":"2024-10-14T14:01:11","modified_gmt":"2024-10-14T12:01:11","slug":"labradorite-anklet","status":"publish","type":"product","link":"https:\/\/www.benevolenti.com\/de\/produkt\/labradorite-anklet\/","title":{"rendered":"FUSSKETTE Labradorit"},"content":{"rendered":"<p>Fusskette mit Labradorit und Silberk\u00fcgelchen.<\/p>\n<p>(vergoldetes) 925 Silber und nat\u00fcrliche, rundgeschliffene Labradorit Kugeln.<br \/>\nL\u00e4nge anpassbar.<\/p>\n<p>Beim Auschecken bitte pers\u00f6nlichen Wunsch und\/oder Name angeben. Ich schreibe alle Karten auf Bestellung von Hand.<\/p>\n","protected":false},"excerpt":{"rendered":"<p>Fusskette mit Labradorit und Silberk\u00fcgelchen. (vergoldetes) 925 Silber und nat\u00fcrliche, rundgeschliffene Labradorit Kugeln. L\u00e4nge anpassbar. Beim Auschecken bitte pers\u00f6nlichen Wunsch und\/oder Name angeben. Ich schreibe alle Karten auf Bestellung von Hand.<\/p>\n","protected":false},"featured_media":10953,"comment_status":"open","ping_status":"closed","template":"","meta":[],"product_brand":[],"product_cat":[232,739,643],"product_tag":[344,345,343],"class_list":{"0":"post-11090","1":"product","2":"type-product","3":"status-publish","4":"has-post-thumbnail","6":"product_cat-fuss","7":"product_cat-fussketten","8":"product_cat-geschenke-fuer-sie","9":"product_tag-creativity","10":"product_tag-fantasy","11":"product_tag-intuition","13":"first","14":"instock","15":"shipping-taxable","16":"purchasable","17":"product-type-variable"},"jetpack_sharing_enabled":true,"_links":{"self":[{"href":"https:\/\/www.benevolenti.com\/de\/wp-json\/wp\/v2\/product\/11090","targetHints":{"allow":["GET"]}}],"collection":[{"href":"https:\/\/www.benevolenti.com\/de\/wp-json\/wp\/v2\/product"}],"about":[{"href":"https:\/\/www.benevolenti.com\/de\/wp-json\/wp\/v2\/types\/product"}],"replies":[{"embeddable":true,"href":"https:\/\/www.benevolenti.com\/de\/wp-json\/wp\/v2\/comments?post=11090"}],"wp:featuredmedia":[{"embeddable":true,"href":"https:\/\/www.benevolenti.com\/de\/wp-json\/wp\/v2\/media\/10953"}],"wp:attachment":[{"href":"https:\/\/www.benevolenti.com\/de\/wp-json\/wp\/v2\/media?parent=11090"}],"wp:term":[{"taxonomy":"product_brand","embeddable":true,"href":"https:\/\/www.benevolenti.com\/de\/wp-json\/wp\/v2\/product_brand?post=11090"},{"taxonomy":"product_cat","embeddable":true,"href":"https:\/\/www.benevolenti.com\/de\/wp-json\/wp\/v2\/product_cat?post=11090"},{"taxonomy":"product_tag","embeddable":true,"href":"https:\/\/www.benevolenti.com\/de\/wp-json\/wp\/v2\/product_tag?post=11090"}],"curies":[{"name":"wp","href":"https:\/\/api.w.org\/{rel}","templated":true}]}}