{"id":10986,"date":"2018-04-09T09:17:55","date_gmt":"2018-04-09T07:17:55","guid":{"rendered":"https:\/\/www.benevolenti.com\/?post_type=product&#038;p=10986"},"modified":"2024-10-14T14:02:05","modified_gmt":"2024-10-14T12:02:05","slug":"smokey-quartz-anklet","status":"publish","type":"product","link":"https:\/\/www.benevolenti.com\/de\/produkt\/smokey-quartz-anklet\/","title":{"rendered":"FUSSKETTE Rauchquarz"},"content":{"rendered":"<p>Fusskette mit Rauchquarz und Silberk\u00fcgelchen.<\/p>\n<p>(vergoldetes) 925 Silber und nat\u00fcrliche, rundgeschliffene Rauchquarze.<br \/>\nL\u00e4nge anpassbar.<\/p>\n<p>Beim Auschecken bitte pers\u00f6nlichen Wunsch und\/oder Name angeben. Ich schreibe alle Karten auf Bestellung von Hand.<\/p>\n","protected":false},"excerpt":{"rendered":"<p>Fusskette mit Rauchquarz und Silberk\u00fcgelchen. (vergoldetes) 925 Silber und nat\u00fcrliche, rundgeschliffene Rauchquarze. L\u00e4nge anpassbar. Beim Auschecken bitte pers\u00f6nlichen Wunsch und\/oder Name angeben. Ich schreibe alle Karten auf Bestellung von Hand.<\/p>\n","protected":false},"featured_media":10965,"comment_status":"open","ping_status":"closed","template":"","meta":[],"product_brand":[],"product_cat":[232,739],"product_tag":[631],"class_list":{"0":"post-10986","1":"product","2":"type-product","3":"status-publish","4":"has-post-thumbnail","6":"product_cat-fuss","7":"product_cat-fussketten","8":"product_tag-rauchquarz","10":"first","11":"instock","12":"shipping-taxable","13":"purchasable","14":"product-type-variable"},"jetpack_sharing_enabled":true,"_links":{"self":[{"href":"https:\/\/www.benevolenti.com\/de\/wp-json\/wp\/v2\/product\/10986","targetHints":{"allow":["GET"]}}],"collection":[{"href":"https:\/\/www.benevolenti.com\/de\/wp-json\/wp\/v2\/product"}],"about":[{"href":"https:\/\/www.benevolenti.com\/de\/wp-json\/wp\/v2\/types\/product"}],"replies":[{"embeddable":true,"href":"https:\/\/www.benevolenti.com\/de\/wp-json\/wp\/v2\/comments?post=10986"}],"wp:featuredmedia":[{"embeddable":true,"href":"https:\/\/www.benevolenti.com\/de\/wp-json\/wp\/v2\/media\/10965"}],"wp:attachment":[{"href":"https:\/\/www.benevolenti.com\/de\/wp-json\/wp\/v2\/media?parent=10986"}],"wp:term":[{"taxonomy":"product_brand","embeddable":true,"href":"https:\/\/www.benevolenti.com\/de\/wp-json\/wp\/v2\/product_brand?post=10986"},{"taxonomy":"product_cat","embeddable":true,"href":"https:\/\/www.benevolenti.com\/de\/wp-json\/wp\/v2\/product_cat?post=10986"},{"taxonomy":"product_tag","embeddable":true,"href":"https:\/\/www.benevolenti.com\/de\/wp-json\/wp\/v2\/product_tag?post=10986"}],"curies":[{"name":"wp","href":"https:\/\/api.w.org\/{rel}","templated":true}]}}