{"id":10677,"date":"2018-03-01T16:51:00","date_gmt":"2018-03-01T15:51:00","guid":{"rendered":"https:\/\/www.benevolenti.com\/?post_type=product&#038;p=10677"},"modified":"2018-10-23T17:57:04","modified_gmt":"2018-10-23T15:57:04","slug":"festoon-aquamarine","status":"publish","type":"product","link":"https:\/\/www.benevolenti.com\/de\/produkt\/festoon-aquamarine\/","title":{"rendered":"ARMKETTE Girlande Aquamarin"},"content":{"rendered":"<p>Ein Klassiker im neuen Kleid!<\/p>\n<p>Urspr\u00fcnglich mit farbigen Turmalinen konzipiert, habe ich dieses lieb gewonnene Armband mit Aquamarinen kombiniert, die uns im Fr\u00fchling bei Neigung zu Heuschnuppen unterst\u00fctzen k\u00f6nnen.<\/p>\n<p>In Sterlingsilber oder Sterlingsilber vergoldet erh\u00e4ltlich.<\/p>\n<p>Umfang des Handgelenks\u00a0(zum Verschenken passt zu 95% die Gr\u00f6sse M):<br \/>\n14-15 cm: XS<br \/>\n15-16 cm: S<br \/>\n16-17 cm: M<br \/>\n&gt; 17 cm: L<\/p>\n","protected":false},"excerpt":{"rendered":"<p>Ein Klassiker im neuen Kleid! Urspr\u00fcnglich mit farbigen Turmalinen konzipiert, habe ich dieses lieb gewonnene Armband mit Aquamarinen kombiniert, die uns im Fr\u00fchling bei Neigung zu Heuschnuppen unterst\u00fctzen k\u00f6nnen. In Sterlingsilber oder Sterlingsilber vergoldet erh\u00e4ltlich. Umfang des Handgelenks\u00a0(zum Verschenken passt zu 95% die Gr\u00f6sse M): 14-15 cm: XS 15-16 cm:&#8230; <a class=\"more-link\" href=\"https:\/\/www.benevolenti.com\/de\/produkt\/festoon-aquamarine\/\">Mehr<\/a><\/p>\n","protected":false},"featured_media":10754,"comment_status":"open","ping_status":"closed","template":"","meta":[],"product_brand":[],"product_cat":[594],"product_tag":[609],"class_list":{"0":"post-10677","1":"product","2":"type-product","3":"status-publish","4":"has-post-thumbnail","6":"product_cat-erfolg-selbstvertrauen","7":"product_tag-aquamarin","9":"first","10":"instock","11":"shipping-taxable","12":"purchasable","13":"product-type-variable"},"jetpack_sharing_enabled":true,"_links":{"self":[{"href":"https:\/\/www.benevolenti.com\/de\/wp-json\/wp\/v2\/product\/10677","targetHints":{"allow":["GET"]}}],"collection":[{"href":"https:\/\/www.benevolenti.com\/de\/wp-json\/wp\/v2\/product"}],"about":[{"href":"https:\/\/www.benevolenti.com\/de\/wp-json\/wp\/v2\/types\/product"}],"replies":[{"embeddable":true,"href":"https:\/\/www.benevolenti.com\/de\/wp-json\/wp\/v2\/comments?post=10677"}],"wp:featuredmedia":[{"embeddable":true,"href":"https:\/\/www.benevolenti.com\/de\/wp-json\/wp\/v2\/media\/10754"}],"wp:attachment":[{"href":"https:\/\/www.benevolenti.com\/de\/wp-json\/wp\/v2\/media?parent=10677"}],"wp:term":[{"taxonomy":"product_brand","embeddable":true,"href":"https:\/\/www.benevolenti.com\/de\/wp-json\/wp\/v2\/product_brand?post=10677"},{"taxonomy":"product_cat","embeddable":true,"href":"https:\/\/www.benevolenti.com\/de\/wp-json\/wp\/v2\/product_cat?post=10677"},{"taxonomy":"product_tag","embeddable":true,"href":"https:\/\/www.benevolenti.com\/de\/wp-json\/wp\/v2\/product_tag?post=10677"}],"curies":[{"name":"wp","href":"https:\/\/api.w.org\/{rel}","templated":true}]}}