{"id":10454,"date":"2017-10-24T10:51:35","date_gmt":"2017-10-24T08:51:35","guid":{"rendered":"https:\/\/www.benevolenti.com\/?post_type=product&#038;p=10454\/"},"modified":"2024-03-25T21:23:50","modified_gmt":"2024-03-25T20:23:50","slug":"duo-infinity-bracelet","status":"publish","type":"product","link":"https:\/\/www.benevolenti.com\/de\/produkt\/duo-infinity-bracelet\/","title":{"rendered":"WUNSCH ARMBAND MiniMe Infinity"},"content":{"rendered":"<p>Ein MiniMe-Set \u2013 das perfekte Geschenk f\u00fcr zwei:<br \/>\nob f\u00fcr das \u00e4ltere Geschwister und Mama in der Schwangerschaft oder f\u00fcrs Gotti und Patenkind, dieses Armband verbindet.<\/p>\n<p>Ein wunderbar reduziertes, aber auch auff\u00e4lliges Armand, wenn etwas \u00fcber dem Handgelenk eng anliegend getragen. Gerne passe ich auch den Text an, Ideen einfach beim Auschecken angeben.<\/p>\n<p>925 Silber mit grauer Naturseide<br \/>\n925 Silber vergoldet mit beiger Naturseide<br \/>\nmit verstellbarem Verschluss<\/p>\n<p>For ever!<\/p>\n","protected":false},"excerpt":{"rendered":"<p>Ein MiniMe-Set \u2013 das perfekte Geschenk f\u00fcr zwei: ob f\u00fcr das \u00e4ltere Geschwister und Mama in der Schwangerschaft oder f\u00fcrs Gotti und Patenkind, dieses Armband verbindet. Ein wunderbar reduziertes, aber auch auff\u00e4lliges Armand, wenn etwas \u00fcber dem Handgelenk eng anliegend getragen. Gerne passe ich auch den Text an, Ideen einfach&#8230; <a class=\"more-link\" href=\"https:\/\/www.benevolenti.com\/de\/produkt\/duo-infinity-bracelet\/\">Mehr<\/a><\/p>\n","protected":false},"featured_media":10363,"comment_status":"open","ping_status":"closed","template":"","meta":[],"product_brand":[],"product_cat":[320,648,588],"product_tag":[],"class_list":{"0":"post-10454","1":"product","2":"type-product","3":"status-publish","4":"has-post-thumbnail","6":"product_cat-familie","7":"product_cat-schwangerschaft","8":"product_cat-liebe-glueck","10":"first","11":"instock","12":"shipping-taxable","13":"purchasable","14":"product-type-variable"},"jetpack_sharing_enabled":true,"_links":{"self":[{"href":"https:\/\/www.benevolenti.com\/de\/wp-json\/wp\/v2\/product\/10454","targetHints":{"allow":["GET"]}}],"collection":[{"href":"https:\/\/www.benevolenti.com\/de\/wp-json\/wp\/v2\/product"}],"about":[{"href":"https:\/\/www.benevolenti.com\/de\/wp-json\/wp\/v2\/types\/product"}],"replies":[{"embeddable":true,"href":"https:\/\/www.benevolenti.com\/de\/wp-json\/wp\/v2\/comments?post=10454"}],"wp:featuredmedia":[{"embeddable":true,"href":"https:\/\/www.benevolenti.com\/de\/wp-json\/wp\/v2\/media\/10363"}],"wp:attachment":[{"href":"https:\/\/www.benevolenti.com\/de\/wp-json\/wp\/v2\/media?parent=10454"}],"wp:term":[{"taxonomy":"product_brand","embeddable":true,"href":"https:\/\/www.benevolenti.com\/de\/wp-json\/wp\/v2\/product_brand?post=10454"},{"taxonomy":"product_cat","embeddable":true,"href":"https:\/\/www.benevolenti.com\/de\/wp-json\/wp\/v2\/product_cat?post=10454"},{"taxonomy":"product_tag","embeddable":true,"href":"https:\/\/www.benevolenti.com\/de\/wp-json\/wp\/v2\/product_tag?post=10454"}],"curies":[{"name":"wp","href":"https:\/\/api.w.org\/{rel}","templated":true}]}}