{"id":10388,"date":"2019-10-24T09:29:09","date_gmt":"2019-10-24T07:29:09","guid":{"rendered":"https:\/\/www.benevolenti.com\/?post_type=product&#038;p=10388\/"},"modified":"2020-11-09T12:45:41","modified_gmt":"2020-11-09T11:45:41","slug":"family-bracelets","status":"publish","type":"product","link":"https:\/\/www.benevolenti.com\/de\/produkt\/family-bracelets\/","title":{"rendered":"WUNSCH ARMBAND Familienbande"},"content":{"rendered":"<p>Das Geschenk f\u00fcr die ganze Familie!<\/p>\n<p>Ideal als Mitbringsel f\u00fcr die Gastgeber, als kleine \u00dcberraschung und Zeichen der Freundschaft zwischendurch oder als Mutmacher in einer st\u00fcrmischen Zeit..<\/p>\n<p>Kleine H\u00e4matit-Sterne oder Herzen auf reiner Seide f\u00fcrs ganze Dream Team.<\/p>\n<p>Ich schreibe jede Karte von Hand, daher kann ich den Text gerne personalisieren. Auch spezielle, gemischte Farbw\u00fcnsche &#8211; kein Problem!<\/p>\n<p>&nbsp;<\/p>\n","protected":false},"excerpt":{"rendered":"<p>Das Geschenk f\u00fcr die ganze Familie! Ideal als Mitbringsel f\u00fcr die Gastgeber, als kleine \u00dcberraschung und Zeichen der Freundschaft zwischendurch oder als Mutmacher in einer st\u00fcrmischen Zeit.. Kleine H\u00e4matit-Sterne oder Herzen auf reiner Seide f\u00fcrs ganze Dream Team. Ich schreibe jede Karte von Hand, daher kann ich den Text gerne&#8230; <a class=\"more-link\" href=\"https:\/\/www.benevolenti.com\/de\/produkt\/family-bracelets\/\">Mehr<\/a><\/p>\n","protected":false},"featured_media":10353,"comment_status":"closed","ping_status":"closed","template":"","meta":[],"product_brand":[],"product_cat":[320,336,679],"product_tag":[614],"class_list":{"0":"post-10388","1":"product","2":"type-product","3":"status-publish","4":"has-post-thumbnail","6":"product_cat-familie","7":"product_cat-seide","8":"product_cat-hochzeit","9":"product_tag-haematit","11":"first","12":"instock","13":"sold-individually","14":"shipping-taxable","15":"purchasable","16":"product-type-variable"},"jetpack_sharing_enabled":true,"_links":{"self":[{"href":"https:\/\/www.benevolenti.com\/de\/wp-json\/wp\/v2\/product\/10388","targetHints":{"allow":["GET"]}}],"collection":[{"href":"https:\/\/www.benevolenti.com\/de\/wp-json\/wp\/v2\/product"}],"about":[{"href":"https:\/\/www.benevolenti.com\/de\/wp-json\/wp\/v2\/types\/product"}],"replies":[{"embeddable":true,"href":"https:\/\/www.benevolenti.com\/de\/wp-json\/wp\/v2\/comments?post=10388"}],"wp:featuredmedia":[{"embeddable":true,"href":"https:\/\/www.benevolenti.com\/de\/wp-json\/wp\/v2\/media\/10353"}],"wp:attachment":[{"href":"https:\/\/www.benevolenti.com\/de\/wp-json\/wp\/v2\/media?parent=10388"}],"wp:term":[{"taxonomy":"product_brand","embeddable":true,"href":"https:\/\/www.benevolenti.com\/de\/wp-json\/wp\/v2\/product_brand?post=10388"},{"taxonomy":"product_cat","embeddable":true,"href":"https:\/\/www.benevolenti.com\/de\/wp-json\/wp\/v2\/product_cat?post=10388"},{"taxonomy":"product_tag","embeddable":true,"href":"https:\/\/www.benevolenti.com\/de\/wp-json\/wp\/v2\/product_tag?post=10388"}],"curies":[{"name":"wp","href":"https:\/\/api.w.org\/{rel}","templated":true}]}}